{"id":928,"date":"2022-05-18T15:21:24","date_gmt":"2022-05-18T13:21:24","guid":{"rendered":"https:\/\/galileo.energy\/informativa-sulla-privacy\/"},"modified":"2025-04-11T14:37:05","modified_gmt":"2025-04-11T12:37:05","slug":"informativa-sulla-privacy","status":"publish","type":"page","link":"https:\/\/galileo.energy\/it\/informativa-sulla-privacy\/","title":{"rendered":"Informativa sulla privacy"},"content":{"rendered":"\n<style>\n    .img-hero-slider-induvidual-copy {\n        width: 1020px;\n    }\n<\/style>\n<section class=\"img-hero\">\n    <div class=\"img-hero-slider\">\n        <div class=\"img-hero-slider-induvidual lazyload\"\n             style=\"background-image:inherit;\" data-bg-image=\"linear-gradient(90deg, rgba(55,58,54,0.3) 0%, rgba(55,58,54,0.3) 0%), url(https:\/\/galileo.energy\/wp-content\/uploads\/2022\/06\/thisisengineering-raeng-TXxiFuQLBKQ-unsplash-2.png)\">\n            <div class=\"img-hero-slider-induvidual-copy text-center\">\n                <p class=\"caption text-yellow text-center\">Galileo<\/p>\n                <h1>Informativa sulla privacy<\/h1>\n                <p class=\"text-white text-center\"><\/p>\n                            <\/div>\n        <\/div>\n    <\/div>\n<\/section>\n\n\n<div style=\"height:50px\" aria-hidden=\"true\" class=\"wp-block-spacer\"><\/div>\n\n\n\n<section class=\"paragraph container \">\n    <p><p><strong>INFORMATIVA SULLA PRIVACY<\/strong><\/p>\n<p><strong>RIFERIMENTI NORMATIVI<\/strong><\/p>\n<p>&#8211; Direttiva 2002\/58\/CE &#8211; sul &#8220;trattamento dei dati personali e sulla tutela della vita privata nel settore delle comunicazioni elettroniche&#8221; (&#8220;Direttiva e-Privacy&#8221;).<\/p>\n<p>&#8211; Regolamento (UE) 2016\/679 del Parlamento Europeo e del Consiglio del 27 aprile 2016 relativo alla protezione delle persone fisiche con riguardo al trattamento dei dati personali, nonch\u00e9 alla libera circolazione di tali dati e che abroga la direttiva 95\/46\/CE (&#8220;GDPR&#8221;).<\/p>\n<p>Di seguito, insieme alla Direttiva e-Privacy e al GDPR, la &#8220;Legislazione applicabile&#8221;.<\/p>\n<p>Il presente documento \u00e8 stato redatto ai sensi dell&#8217;art. 13 del GDPR per consentire all&#8217;utente di conoscere l&#8217;informativa sulla privacy, per capire come vengono gestiti i suoi dati personali quando utilizza www.galileogreenenergy.com (il &#8220;Sito&#8221;).<\/p>\n<p><strong>IL RESPONSABILE DEL TRATTAMENTO DEI DATI<\/strong><\/p>\n<p>Galileo Green Energy GmbH Bahnhofplatz 1, CH 8001 Zurigo<\/p>\n<p>Indirizzo e-mail del Titolare del trattamento: info@galileo.energy<\/p>\n<p>Iscritta al Registro delle Imprese di Zurigo<\/p>\n<p>Numero di partita IVA CH-020.4.069.175-2<\/p>\n<p>&nbsp;<\/p>\n<p><strong>DATI PERSONALI TRATTATI, FINALIT\u00c0 E BASE GIURIDICA DEL TRATTAMENTO<\/strong><\/p>\n<p>Durante la navigazione all&#8217;interno del Sito, vengono trattati dati personali. I dati personali possono consistere in un identificativo come il vostro nome, un numero di identificazione, un identificativo online o uno o pi\u00f9 elementi caratteristici della vostra identit\u00e0 in grado di rendervi identificati o identificabili (di seguito solo &#8220;Dati personali&#8221;). I Dati Personali trattati attraverso il Sito sono i seguenti:<\/p>\n<p><strong><em><u>Dati di navigazione<\/u><\/em><\/strong><\/p>\n<p>I sistemi informatici e le procedure software preposte al funzionamento di questo Sito acquisiscono, nel corso del loro normale esercizio, alcuni dati personali la cui trasmissione \u00e8 implicita nell&#8217;uso dei protocolli di comunicazione di Internet.<\/p>\n<p>In questa categoria di dati rientrano gli indirizzi IP o i nomi a dominio dei computer e dei terminali utilizzati dagli utenti, gli indirizzi URI\/URL (Uniform Resource Identifier\/Locator) delle risorse richieste, l&#8217;orario della richiesta, il metodo utilizzato nel sottoporre la richiesta al server, la dimensione del file ottenuto in risposta, il codice numerico indicante lo stato della risposta data dal server (buon fine, errore, ecc.) e altri parametri relativi al sistema operativo e all&#8217;ambiente informatico dell&#8217;utente.<\/p>\n<p>Tali dati, necessari per l&#8217;utilizzo dei servizi web, sono trattati anche al fine di:<\/p>\n<p>&#8211; ottenere informazioni statistiche sull&#8217;utilizzo dei servizi (pagine pi\u00f9 visitate, numero di visitatori per fascia oraria o giorno, aree geografiche di provenienza, ecc;)<\/p>\n<p>&#8211; verificare il corretto funzionamento dei servizi offerti.<\/p>\n<p>I dati di navigazione non vengono conservati per pi\u00f9 di sette giorni (salvo eventuali necessit\u00e0 di accertamento di reati da parte dell&#8217;Autorit\u00e0 Giudiziaria). L&#8217;eventuale e limitato trattamento dei Dati Personali raccolti per il perseguimento di tali finalit\u00e0 \u00e8 necessario per il perseguimento del legittimo interesse del Titolare (art. 6 par. 1 lett. f) del GDPR).<\/p>\n<p><strong><em><u>Dati forniti volontariamente dall&#8217;utente<\/u><\/em><\/strong><\/p>\n<p>L&#8217;invio facoltativo, esplicito e volontario di messaggi agli indirizzi del Titolare del trattamento, nonch\u00e9 l&#8217;inoltro dei moduli e la compilazione dei form di contatto presenti sul Sito, comportano l&#8217;acquisizione di tutti i Dati Personali inclusi nelle comunicazioni.<\/p>\n<p>Il trattamento di tali Dati Personali \u00e8 necessario per poter rispondere a richieste e messaggi tramite il modulo dell&#8217;interessato, pertanto la base giuridica \u00e8 l&#8217;esecuzione di qualsiasi contratto di cui l&#8217;interessato \u00e8 parte o l&#8217;esecuzione di misure precontrattuali adottate su richiesta dell&#8217;interessato (art. 6 par. 1 lett. b) del GDPR).<\/p>\n<p>Specifiche informative saranno pubblicate nelle pagine del Sito predisposte per la fornitura di determinati servizi.<\/p>\n<p><strong><em><u>Dati anonimi o aggregati <\/u><\/em><\/strong><\/p>\n<p>L&#8217;anonimizzazione \u00e8 un&#8217;operazione di trattamento che ha lo scopo di impedire l&#8217;identificazione dell&#8217;interessato. I dati resi anonimi non rientrano nel campo di applicazione della legislazione sulla protezione dei dati. I dati aggregati possono derivare dai Dati personali forniti dall&#8217;utente ma non sono considerati Dati personali in quanto, come specificato, non consentono n\u00e9 direttamente n\u00e9 indirettamente l&#8217;identificazione dell&#8217;interessato.<\/p>\n<p><strong>COOKIES<\/strong><\/p>\n<p>Per informazioni sui cookies utilizzati dal Sito, si rimanda alla Cookie Policy dedicata.<\/p>\n<p><strong>FACOLTATIVIT\u00c0 DEL CONFERIMENTO DEI DATI<\/strong><\/p>\n<p>A parte quanto specificato per i dati di navigazione, l&#8217;utente \u00e8 libero di fornire i propri Dati Personali. Tuttavia, la loro mancata indicazione pu\u00f2 rendere impossibile l&#8217;ottenimento di quanto richiesto.<\/p>\n<p><strong>MODALIT\u00c0 DI TRATTAMENTO E CONSERVAZIONE DEI DATI<\/strong><\/p>\n<p>I Dati Personali sono trattati, anche con l&#8217;ausilio di strumenti automatizzati. Specifiche misure di sicurezza sono osservate per prevenire la perdita dei dati, usi illeciti o non corretti ed accessi non autorizzati. Il Titolare del trattamento ha adottato tutte le misure minime di sicurezza previste dalla legge e, ispirandosi ai principali standard internazionali, ha altres\u00ec adottato misure di sicurezza ulteriori per ridurre al minimo i rischi afferenti la riservatezza, la disponibilit\u00e0 e l&#8217;integrit\u00e0 dei dati personali raccolti e trattati.<\/p>\n<p>I trattamenti connessi ai servizi web sono curati solo da personale espressamente autorizzato dal Titolare del trattamento.<\/p>\n<p>I Dati Personali raccolti saranno conservati esclusivamente per il tempo necessario ad adempiere alle singole finalit\u00e0 indicate nella presente informativa o nelle specifiche informative di sintesi visualizzate nelle pagine del sito e predisposte per particolari servizi.<\/p>\n<p><strong>CONDIVISIONE, COMUNICAZIONE E DIFFUSIONE DEI DATI<\/strong><\/p>\n<p>I Dati Personali raccolti possono essere trasferiti o comunicati:<\/p>\n<ol>\n<li>a) alle societ\u00e0 del gruppo del Titolare del trattamento per poter rispondere e dare seguito alle informazioni e alle richieste degli interessati;<\/li>\n<li>b) a personale espressamente autorizzato dal Titolare al trattamento dei Dati Personali necessario per svolgere attivit\u00e0 strettamente connesse al servizio richiesto, che si sia impegnato alla riservatezza o abbia un adeguato obbligo legale di riservatezza;<\/li>\n<li>c) a eventuali fornitori terzi e altre societ\u00e0 che svolgono attivit\u00e0 di supporto per la fornitura, la gestione del sistema informatico e il funzionamento del Sito, che siano stati designati Responsabili del trattamento ai sensi dell&#8217;art. 28 del GDPR e ricevano al riguardo adeguate istruzioni operative;<\/li>\n<li>d) adempiere alle richieste dell&#8217;Autorit\u00e0 Giudiziaria o di Pubblica Sicurezza.<\/li>\n<\/ol>\n<p><strong>TRASFERIMENTO DI DATI PERSONALI IN PAESI TERZI<\/strong><\/p>\n<p>Alcuni dei Dati personali dell&#8217;utente possono essere trasferiti a Destinatari stabiliti al di fuori dello Spazio economico europeo. In tal caso, il Titolare del trattamento dichiara e garantisce di rispettare le disposizioni degli articoli 44 e seguenti. del GDPR.<\/p>\n<p><strong>ULTERIORI INFORMAZIONI SUL TRATTAMENTO DEI DATI E SULL&#8217;ESERCIZIO DEI DIRITTI <\/strong><\/p>\n<p>Per ulteriori informazioni sul trattamento dei Dati Personali nonch\u00e9 per ottenere, nei casi previsti dal GDPR, l&#8217;accesso ai propri dati personali e la rettifica o la cancellazione degli stessi o la limitazione del trattamento che li riguarda o per opporsi al trattamento (artt. 15 e ss. del GDPR), ogni interessato pu\u00f2 contattare il Titolare del trattamento inviando una e-mail a i<a href=\"mailto:info@galileo.energy\">nfo@galileo.energy<\/a><\/p>\n<p>DIRITTO DI RECLAMO<\/p>\n<p>Gli interessati che ritengono che il trattamento dei propri Dati Personali effettuato attraverso questo Sito avvenga in violazione delle disposizioni del GDPR hanno il diritto di proporre reclamo all&#8217;Autorit\u00e0 Garante per la protezione dei dati personali, come previsto dall&#8217;art. 77 del GDPR stesso, oppure di adire le opportune vie legali (art. 79 del GDPR).<\/p>\n<p><strong>MODIFICHE ALLE PRESENTI NORME SULLA PRIVACY<\/strong><\/p>\n<p>Il Titolare del trattamento verifica periodicamente la propria politica sulla privacy e sulla sicurezza e, se del caso, si riserva di modificarne o aggiornarne il contenuto, anche a causa di variazioni della Normativa Applicabile, di modifiche organizzative o dettate dall&#8217;evoluzione tecnologica. In caso di modifiche alla politica, la nuova versione sar\u00e0 pubblicata su questa pagina del Sito. Pertanto, il Titolare del trattamento invita gli interessati a consultare regolarmente questa pagina per prendere conoscenza della versione pi\u00f9 recente e aggiornata dell&#8217;informativa sulla privacy, in modo da essere sempre adeguatamente informati sui dati raccolti e sul loro utilizzo.<\/p>\n<\/p>\n<\/section> ","protected":false},"excerpt":{"rendered":"","protected":false},"author":1,"featured_media":0,"parent":0,"menu_order":0,"comment_status":"closed","ping_status":"closed","template":"","meta":{"_acf_changed":false,"footnotes":""},"acf":[],"yoast_head":"<!-- This site is optimized with the Yoast SEO plugin v23.0 - https:\/\/yoast.com\/wordpress\/plugins\/seo\/ -->\n<title>Informativa sulla privacy | Galileo Green Energy<\/title>\n<meta name=\"description\" content=\"Per conoscere l&#039;informativa sulla privacy di Galileo Green Energy, cliccare qui.\" \/>\n<meta name=\"robots\" content=\"index, follow, max-snippet:-1, max-image-preview:large, max-video-preview:-1\" \/>\n<link rel=\"canonical\" href=\"https:\/\/galileo.energy\/it\/informativa-sulla-privacy\/\" \/>\n<meta property=\"og:locale\" content=\"it_IT\" \/>\n<meta property=\"og:type\" content=\"article\" \/>\n<meta property=\"og:title\" content=\"Informativa sulla privacy | Galileo Green Energy\" \/>\n<meta property=\"og:description\" content=\"Per conoscere l&#039;informativa sulla privacy di Galileo Green Energy, cliccare qui.\" \/>\n<meta property=\"og:url\" content=\"https:\/\/galileo.energy\/it\/informativa-sulla-privacy\/\" \/>\n<meta property=\"og:site_name\" content=\"Galileo Green Energy\" \/>\n<meta property=\"article:modified_time\" content=\"2025-04-11T12:37:05+00:00\" \/>\n<meta name=\"twitter:card\" content=\"summary_large_image\" \/>\n<script type=\"application\/ld+json\" class=\"yoast-schema-graph\">{\"@context\":\"https:\/\/schema.org\",\"@graph\":[{\"@type\":\"WebPage\",\"@id\":\"https:\/\/galileo.energy\/it\/informativa-sulla-privacy\/\",\"url\":\"https:\/\/galileo.energy\/it\/informativa-sulla-privacy\/\",\"name\":\"Informativa sulla privacy | Galileo Green Energy\",\"isPartOf\":{\"@id\":\"https:\/\/galileo.energy\/it\/#website\"},\"datePublished\":\"2022-05-18T13:21:24+00:00\",\"dateModified\":\"2025-04-11T12:37:05+00:00\",\"description\":\"Per conoscere l'informativa sulla privacy di Galileo Green Energy, cliccare qui.\",\"breadcrumb\":{\"@id\":\"https:\/\/galileo.energy\/it\/informativa-sulla-privacy\/#breadcrumb\"},\"inLanguage\":\"it-IT\",\"potentialAction\":[{\"@type\":\"ReadAction\",\"target\":[\"https:\/\/galileo.energy\/it\/informativa-sulla-privacy\/\"]}]},{\"@type\":\"BreadcrumbList\",\"@id\":\"https:\/\/galileo.energy\/it\/informativa-sulla-privacy\/#breadcrumb\",\"itemListElement\":[{\"@type\":\"ListItem\",\"position\":1,\"name\":\"Home\",\"item\":\"https:\/\/galileo.energy\/it\/\"},{\"@type\":\"ListItem\",\"position\":2,\"name\":\"Informativa sulla privacy\"}]},{\"@type\":\"WebSite\",\"@id\":\"https:\/\/galileo.energy\/it\/#website\",\"url\":\"https:\/\/galileo.energy\/it\/\",\"name\":\"Galileo Green Energy\",\"description\":\"\",\"publisher\":{\"@id\":\"https:\/\/galileo.energy\/it\/#organization\"},\"potentialAction\":[{\"@type\":\"SearchAction\",\"target\":{\"@type\":\"EntryPoint\",\"urlTemplate\":\"https:\/\/galileo.energy\/it\/?s={search_term_string}\"},\"query-input\":\"required name=search_term_string\"}],\"inLanguage\":\"it-IT\"},{\"@type\":\"Organization\",\"@id\":\"https:\/\/galileo.energy\/it\/#organization\",\"name\":\"Galileo\",\"url\":\"https:\/\/galileo.energy\/it\/\",\"logo\":{\"@type\":\"ImageObject\",\"inLanguage\":\"it-IT\",\"@id\":\"https:\/\/galileo.energy\/it\/#\/schema\/logo\/image\/\",\"url\":\"https:\/\/galileo.energy\/wp-content\/uploads\/2022\/07\/Galileo-Branding.png\",\"contentUrl\":\"https:\/\/galileo.energy\/wp-content\/uploads\/2022\/07\/Galileo-Branding.png\",\"width\":885,\"height\":453,\"caption\":\"Galileo\"},\"image\":{\"@id\":\"https:\/\/galileo.energy\/it\/#\/schema\/logo\/image\/\"}}]}<\/script>\n<!-- \/ Yoast SEO plugin. -->","yoast_head_json":{"title":"Informativa sulla privacy | Galileo Green Energy","description":"Per conoscere l'informativa sulla privacy di Galileo Green Energy, cliccare qui.","robots":{"index":"index","follow":"follow","max-snippet":"max-snippet:-1","max-image-preview":"max-image-preview:large","max-video-preview":"max-video-preview:-1"},"canonical":"https:\/\/galileo.energy\/it\/informativa-sulla-privacy\/","og_locale":"it_IT","og_type":"article","og_title":"Informativa sulla privacy | Galileo Green Energy","og_description":"Per conoscere l'informativa sulla privacy di Galileo Green Energy, cliccare qui.","og_url":"https:\/\/galileo.energy\/it\/informativa-sulla-privacy\/","og_site_name":"Galileo Green Energy","article_modified_time":"2025-04-11T12:37:05+00:00","twitter_card":"summary_large_image","schema":{"@context":"https:\/\/schema.org","@graph":[{"@type":"WebPage","@id":"https:\/\/galileo.energy\/it\/informativa-sulla-privacy\/","url":"https:\/\/galileo.energy\/it\/informativa-sulla-privacy\/","name":"Informativa sulla privacy | Galileo Green Energy","isPartOf":{"@id":"https:\/\/galileo.energy\/it\/#website"},"datePublished":"2022-05-18T13:21:24+00:00","dateModified":"2025-04-11T12:37:05+00:00","description":"Per conoscere l'informativa sulla privacy di Galileo Green Energy, cliccare qui.","breadcrumb":{"@id":"https:\/\/galileo.energy\/it\/informativa-sulla-privacy\/#breadcrumb"},"inLanguage":"it-IT","potentialAction":[{"@type":"ReadAction","target":["https:\/\/galileo.energy\/it\/informativa-sulla-privacy\/"]}]},{"@type":"BreadcrumbList","@id":"https:\/\/galileo.energy\/it\/informativa-sulla-privacy\/#breadcrumb","itemListElement":[{"@type":"ListItem","position":1,"name":"Home","item":"https:\/\/galileo.energy\/it\/"},{"@type":"ListItem","position":2,"name":"Informativa sulla privacy"}]},{"@type":"WebSite","@id":"https:\/\/galileo.energy\/it\/#website","url":"https:\/\/galileo.energy\/it\/","name":"Galileo Green Energy","description":"","publisher":{"@id":"https:\/\/galileo.energy\/it\/#organization"},"potentialAction":[{"@type":"SearchAction","target":{"@type":"EntryPoint","urlTemplate":"https:\/\/galileo.energy\/it\/?s={search_term_string}"},"query-input":"required name=search_term_string"}],"inLanguage":"it-IT"},{"@type":"Organization","@id":"https:\/\/galileo.energy\/it\/#organization","name":"Galileo","url":"https:\/\/galileo.energy\/it\/","logo":{"@type":"ImageObject","inLanguage":"it-IT","@id":"https:\/\/galileo.energy\/it\/#\/schema\/logo\/image\/","url":"https:\/\/galileo.energy\/wp-content\/uploads\/2022\/07\/Galileo-Branding.png","contentUrl":"https:\/\/galileo.energy\/wp-content\/uploads\/2022\/07\/Galileo-Branding.png","width":885,"height":453,"caption":"Galileo"},"image":{"@id":"https:\/\/galileo.energy\/it\/#\/schema\/logo\/image\/"}}]}},"_links":{"self":[{"href":"https:\/\/galileo.energy\/it\/wp-json\/wp\/v2\/pages\/928"}],"collection":[{"href":"https:\/\/galileo.energy\/it\/wp-json\/wp\/v2\/pages"}],"about":[{"href":"https:\/\/galileo.energy\/it\/wp-json\/wp\/v2\/types\/page"}],"author":[{"embeddable":true,"href":"https:\/\/galileo.energy\/it\/wp-json\/wp\/v2\/users\/1"}],"replies":[{"embeddable":true,"href":"https:\/\/galileo.energy\/it\/wp-json\/wp\/v2\/comments?post=928"}],"version-history":[{"count":4,"href":"https:\/\/galileo.energy\/it\/wp-json\/wp\/v2\/pages\/928\/revisions"}],"predecessor-version":[{"id":5117,"href":"https:\/\/galileo.energy\/it\/wp-json\/wp\/v2\/pages\/928\/revisions\/5117"}],"wp:attachment":[{"href":"https:\/\/galileo.energy\/it\/wp-json\/wp\/v2\/media?parent=928"}],"curies":[{"name":"wp","href":"https:\/\/api.w.org\/{rel}","templated":true}]}}