{"id":883,"date":"2022-06-13T11:01:23","date_gmt":"2022-06-13T09:01:23","guid":{"rendered":"https:\/\/galileo.energy\/chi-siamo\/"},"modified":"2026-04-16T15:58:39","modified_gmt":"2026-04-16T13:58:39","slug":"chi-siamo","status":"publish","type":"page","link":"https:\/\/galileo.energy\/it\/chi-siamo\/","title":{"rendered":"Chi siamo"},"content":{"rendered":"\n<style>\n    .img-hero-slider-induvidual-copy {\n        width: 1020px;\n    }\n<\/style>\n<section class=\"img-hero\">\n    <div class=\"img-hero-slider\">\n        <div class=\"img-hero-slider-induvidual lazyload\"\n             style=\"background-image:inherit;\" data-bg-image=\"linear-gradient(90deg, rgba(55,58,54,0.3) 0%, rgba(55,58,54,0.3) 0%), url(https:\/\/galileo.energy\/wp-content\/uploads\/2022\/06\/Image-1.png)\">\n            <div class=\"img-hero-slider-induvidual-copy text-center\">\n                <p class=\"caption text-yellow text-center\"><\/p>\n                <h1>Dare energia ai territori, alimentare l\u2019Europa.<\/h1>\n                <p class=\"text-white text-center\"><\/p>\n                            <\/div>\n        <\/div>\n    <\/div>\n<\/section>\n\n\n<section\n        class=\"copy  spacer-bottom \"\n        style=\"background-color:#9B5FA3; \">\n    <div class=\"copy-inner\">\n                    <h6 class=\"caption\" style=\"margin-top:0;\">LA NOSTRA MISSIONE E I NOSTRI VALORI<\/h6>            <h3 class=\"text-white\">Profonda conoscenza del territorio, esperienza nel mercato delle energie rinnovabili e investimenti immediati creano un valore condiviso e duraturo. <\/h3>\n                        <\/div>\n<\/section>\n\n\n<section class=\"text-col  spacer-bottom \">\n    <div class=\"text-col-left\">\n        <h2>Facciamo il possibile per cambiare il mondo<\/h2>\n    <\/div>\n    <div class=\"text-col-right\">\n        <p>Sviluppiamo progetti di energia verde che alimentano comunit\u00e0 e industrie. Il nostro contributo significativo alla transizione verso le energie rinnovabili in Europa aumenta la competitivit\u00e0 del continente nel settore energetico e tutela l&#8217;ambiente. Operiamo con la massima etica e adottiamo le migliori pratiche in materia di principi ESG. La trasparenza \u00e8 alla base del nostro rapporto con tutti gli stakeholder, dai quali ci aspettiamo reciprocit\u00e0. Galileo \u00e8 stata fondata nel 2020 quando Ingmar Wilhelm e HRL Morrison &#038; Co. hanno unito le forze per creare una nuova piattaforma per le energie rinnovabili. Prima del lancio, il nostro management team aveva gi\u00e0 una comprovata esperienza nello sviluppo di attivit\u00e0 di successo nel settore delle energie green, di pipeline di varie tecnologie di energia rinnovabile e di soluzioni di off-take in tutto il mondo. E ora, con il sostegno di investitori trasparenti, professionali e a lungo termine, stiamo crescendo a ritmo sostenuto come sviluppatori, proprietari e gestori paneuropei e multitecnologici di energie rinnovabili.<\/p>\n    <\/div>\n<\/section>\n\n\n<style>\n    .col-dark {\n        color: #ffffff;\n        padding: 50px 0;\n    }\n    .col-dark h3,\n    .col-dark h5,\n    .col-dark p {\n        color: #ffffff;\n    }\n<\/style>\n\n<section\n        style=\"background-color:#FFFFFF !important;\"\n        class=\"spacer-bottom \">\n    <div class=\"col-top\">\n        <h6 class=\"caption\"><\/h6>\n        <h3>I nostri investitori a lungo termine<\/h3>\n    <\/div>\n    <div class=\"col-bottom\" style=\"margin:0 50px;\">\n                    <div class=\"col-bottom-induvidual\" style=\"text-align:left;\">\n                <img decoding=\"async\" data-src=\"https:\/\/galileo.energy\/wp-content\/uploads\/2025\/04\/Logo_Infratil_Hor_CMYK_2025-7.png\"\n                     alt=\"Infratil \" style=\"--smush-placeholder-width: 185px; --smush-placeholder-aspect-ratio: 185\/68;max-width:unset;\" src=\"data:image\/gif;base64,R0lGODlhAQABAAAAACH5BAEKAAEALAAAAAABAAEAAAICTAEAOw==\" class=\"lazyload\"><noscript><img decoding=\"async\" src=\"https:\/\/galileo.energy\/wp-content\/uploads\/2025\/04\/Logo_Infratil_Hor_CMYK_2025-7.png\"\n                     alt=\"Infratil \" style=\"max-width:unset;\"><\/noscript>\n                <h5 style=\"font-size:18px;margin-bottom:0;\">Infratil <\/h5>\n                <p style=\"font-size:16px;line-height: 26px;\">Infratil \u00e8 una societ\u00e0 di investimento in infrastrutture focalizzata su asset nei settori delle energie rinnovabili, digitale, sanit\u00e0 e aeroporti. La societ\u00e0 \u00e8 quotata nella borsa neozelandese e australiana (NZX, IFT.ASX).<\/p>\n            <\/div>\n                    <div class=\"col-bottom-induvidual\" style=\"text-align:left;\">\n                <img decoding=\"async\" data-src=\"https:\/\/galileo.energy\/wp-content\/uploads\/2024\/07\/csc-logo.png\"\n                     alt=\"Commonwealth Superannuation Corporation (CSC)\" style=\"--smush-placeholder-width: 188px; --smush-placeholder-aspect-ratio: 188\/68;max-width:unset;\" src=\"data:image\/gif;base64,R0lGODlhAQABAAAAACH5BAEKAAEALAAAAAABAAEAAAICTAEAOw==\" class=\"lazyload\"><noscript><img decoding=\"async\" src=\"https:\/\/galileo.energy\/wp-content\/uploads\/2024\/07\/csc-logo.png\"\n                     alt=\"Commonwealth Superannuation Corporation (CSC)\" style=\"max-width:unset;\"><\/noscript>\n                <h5 style=\"font-size:18px;margin-bottom:0;\">Commonwealth Superannuation Corporation (CSC)<\/h5>\n                <p style=\"font-size:16px;line-height: 26px;\">CSC gestisce i fondi pensionistici destinati specificamente ai dipendenti del Governo australiano e delle Forze Militari. CSC ha oltre 70 mld di AUD (Dic-24) investiti in asset pubblici e privati di alta qualit\u00e0, tra cui parchi eolici e iniziative nel settore delle energie rinnovabili che contribuiscono a creare nuove risorse per la transizione energetica.<\/p>\n            <\/div>\n                    <div class=\"col-bottom-induvidual\" style=\"text-align:left;\">\n                <img decoding=\"async\" data-src=\"https:\/\/galileo.energy\/wp-content\/uploads\/2024\/07\/nzsuperfund-logo.png\"\n                     alt=\"New Zealand Super Fund \" style=\"--smush-placeholder-width: 179px; --smush-placeholder-aspect-ratio: 179\/68;max-width:unset;\" src=\"data:image\/gif;base64,R0lGODlhAQABAAAAACH5BAEKAAEALAAAAAABAAEAAAICTAEAOw==\" class=\"lazyload\"><noscript><img decoding=\"async\" src=\"https:\/\/galileo.energy\/wp-content\/uploads\/2024\/07\/nzsuperfund-logo.png\"\n                     alt=\"New Zealand Super Fund \" style=\"max-width:unset;\"><\/noscript>\n                <h5 style=\"font-size:18px;margin-bottom:0;\">New Zealand Super Fund <\/h5>\n                <p style=\"font-size:16px;line-height: 26px;\">Il New Zealand Super Fund \u00e8 un fondo sovrano di 80,3 mld di NZD (Dic-24) istituito dal Governo della Nuova Zelanda Pre-finanziare parzialmente il costo futuro dei pagamenti delle pensioni universali. Il fondo \u00e8 gestito dai Guardians of New Zealand Superannuation, un ente statale.<\/p>\n            <\/div>\n                    <div class=\"col-bottom-induvidual\" style=\"text-align:left;\">\n                <img decoding=\"async\" data-src=\"https:\/\/galileo.energy\/wp-content\/uploads\/2024\/07\/morrison-logo.png\"\n                     alt=\"Morrison &#038; Co Growth Infrastructure Fund (MGIFER)\" style=\"--smush-placeholder-width: 192px; --smush-placeholder-aspect-ratio: 192\/68;max-width:unset;\" src=\"data:image\/gif;base64,R0lGODlhAQABAAAAACH5BAEKAAEALAAAAAABAAEAAAICTAEAOw==\" class=\"lazyload\"><noscript><img decoding=\"async\" src=\"https:\/\/galileo.energy\/wp-content\/uploads\/2024\/07\/morrison-logo.png\"\n                     alt=\"Morrison &#038; Co Growth Infrastructure Fund (MGIFER)\" style=\"max-width:unset;\"><\/noscript>\n                <h5 style=\"font-size:18px;margin-bottom:0;\">Morrison &#038; Co Growth Infrastructure Fund (MGIFER)<\/h5>\n                <p style=\"font-size:16px;line-height: 26px;\">MGIFER \u00e8 gestito da Morrison, un leader globale nel settore della gestione di investimenti e progetti infrastrutturali, con oltre 28 mld di USD di AUM (Mar-25). Morrison \u00e8 una societ\u00e0 di investimento privata fondata nel 1988 come gestore specializzato in investimenti alternativi che investe in infrastrutture da oltre tre decadi. La strategia di gestione degli investimenti si concentra su \u201cidee che contano\u201d, con un approccio diversificato per settore, basato su forti tendenze che plasmano i futuri servizi essenziali e le necessit\u00e0 della societ\u00e0.<\/p>\n            <\/div>\n            <\/div>\n<\/section> \n\n\n<style>\n    .text-img-right a {\n        color: #939393;\n        text-decoration: underline;\n    }\n<\/style>\n\n<section class=\"d-none text-img \">\n    <div class=\"text-img-left lazyload\" style=\"background-image:inherit;\" data-bg-image=\"url(https:\/\/galileo.energy\/wp-content\/uploads\/2022\/06\/Logo-Ingmar-for-Launch-scaled.jpg)\">\n    <\/div>\n    <div class=\"text-img-right\" >\n        <p><p>Galileo \u00e8 stata fondata nel 2020 quando Ingmar Wilhelm e HRL Morrison &amp; Co. hanno unito le forze per creare una nuova piattaforma per le energie rinnovabili. Prima del lancio, il nostro management team aveva gi\u00e0 una comprovata esperienza nello sviluppo di attivit\u00e0 di successo nel settore delle energie green, di pipeline di varie tecnologie di energia rinnovabile e di soluzioni di off-take in tutto il mondo. E ora, con il sostegno di investitori trasparenti, professionali e a lungo termine, stiamo crescendo a ritmo sostenuto come sviluppatori, proprietari e gestori paneuropei e multitecnologici di energie rinnovabili.<\/p>\n<p>I nostri investitori a lungo termine:<\/p>\n<ul>\n<li>Infratil Limited<\/li>\n<li>Commonwealth Superannuation Corporation<\/li>\n<li>New Zealand Superannuation Fund<\/li>\n<li>Morrison &amp; Co Growth Infrastructure Fund<\/li>\n<\/ul>\n<\/p>\n        <p> <br><\/p>\n        <ul>\n                    <\/ul>\n    <\/div>\n<\/section>\n\n \n\n\n\n\n\n<style>\n\n    .title-img {\n        strong {\n            font-size: inherit;\n            line-height: inherit;\n        }\n    }\n\n    .one-column {\n        flex-direction: column;\n        justify-content: center;\n        padding: 50px calc((60vw - 550px));\n        background: #EFEFEF;\n        margin: 50px 0;\n    }\n\n    .one-column p {\n        margin-bottom: 30px;\n        text-align: center;\n    }\n\n    @media only screen and (max-width: 640px) {\n        .title-img .btn-group {\n            flex-direction: column;\n        }\n        .title-img .btn-group a {\n            width: 100%!important;\n        }\n    }\n<\/style>\n\n<section class=\"title-img\">\n                        <div class=\"world-top\" style=\"background-color:#45babd !important;\">\n                <div class=\"world-top-inner\" style=\"color: #ffffff; font-size: 19px;\">\n                    <h6 class=\"caption text-black\">I NOSTRI MERCATI<\/h6>\n                                        <p class=\"text-white\"><h3 style=\"color: #ffffff; mrgin-bottom: 5px;\">Una presenza paneuropea<\/h3>\n<p>Sviluppiamo attivamente progetti di energia rinnovabile su larga scala in diversi Paesi europei, tra cui Finlandia, Francia, Germania, Irlanda, Italia, Norvegia, Polonia, Spagna, Svezia e Regno Unito. La nostra presenza geografica continua a crescere grazie all&#8217;ampliamento dei nostri team di sviluppo greenfield e alle partnership di sviluppo a lungo termine.<\/p>\n<\/p>\n                <\/div>\n            <\/div>\n            <div class=\"text-img one-column\" style=\"margin-top: 0;\">\n                <img decoding=\"async\" style=\"--smush-placeholder-width: 1912px; --smush-placeholder-aspect-ratio: 1912\/1728;max-width: 100%;padding: 20px\" data-src=\"https:\/\/galileo.energy\/wp-content\/uploads\/2025\/01\/Galileo_Our-Presence-in-Europe_Map_January-2025.png\" alt=\"I NOSTRI MERCATI\" src=\"data:image\/gif;base64,R0lGODlhAQABAAAAACH5BAEKAAEALAAAAAABAAEAAAICTAEAOw==\" class=\"lazyload\" \/><noscript><img decoding=\"async\" style=\"max-width: 100%;padding: 20px\" src=\"https:\/\/galileo.energy\/wp-content\/uploads\/2025\/01\/Galileo_Our-Presence-in-Europe_Map_January-2025.png\" alt=\"I NOSTRI MERCATI\"\/><\/noscript>\n            <\/div>\n            <\/section>\n\n \n \n\n\n\n\n<div style=\"height:50px\" aria-hidden=\"true\" class=\"wp-block-spacer\"><\/div>\n\n\n\n<style>\n    .col-dark {\n        color: #ffffff;\n        padding: 50px 0;\n    }\n    .col-dark h3,\n    .col-dark h5,\n    .col-dark p {\n        color: #ffffff;\n    }\n<\/style>\n\n<section\n        style=\"background-color:#FFFFFF !important;\"\n        class=\"spacer-bottom \">\n    <div class=\"col-top\">\n        <h6 class=\"caption\">I NOSTRI VALORI<\/h6>\n        <h3>Ci impegniamo per essere:<\/h3>\n    <\/div>\n    <div class=\"col-bottom\">\n                    <div class=\"col-bottom-induvidual\">\n                <img decoding=\"async\" data-src=\"https:\/\/galileo.energy\/wp-content\/uploads\/2022\/06\/Group-3.svg\"\n                     alt=\"Imprenditoriali\" src=\"data:image\/gif;base64,R0lGODlhAQABAAAAACH5BAEKAAEALAAAAAABAAEAAAICTAEAOw==\" class=\"lazyload\"><noscript><img decoding=\"async\" src=\"https:\/\/galileo.energy\/wp-content\/uploads\/2022\/06\/Group-3.svg\"\n                     alt=\"Imprenditoriali\"><\/noscript>\n                <h5>Imprenditoriali<\/h5>\n                <p>Ci piace provare nuove idee, abbracciare nuove sfide e assumerci responsabilit\u00e0<\/p>\n            <\/div>\n                    <div class=\"col-bottom-induvidual\">\n                <img decoding=\"async\" data-src=\"https:\/\/galileo.energy\/wp-content\/uploads\/2022\/06\/Group-14.svg\"\n                     alt=\"Agili\" src=\"data:image\/gif;base64,R0lGODlhAQABAAAAACH5BAEKAAEALAAAAAABAAEAAAICTAEAOw==\" class=\"lazyload\"><noscript><img decoding=\"async\" src=\"https:\/\/galileo.energy\/wp-content\/uploads\/2022\/06\/Group-14.svg\"\n                     alt=\"Agili\"><\/noscript>\n                <h5>Agili<\/h5>\n                <p>Ci adattiamo rapidamente partendo da una base solida e stabile<\/p>\n            <\/div>\n                    <div class=\"col-bottom-induvidual\">\n                <img decoding=\"async\" data-src=\"https:\/\/galileo.energy\/wp-content\/uploads\/2022\/06\/Group-10.svg\"\n                     alt=\"Collaborativi\" src=\"data:image\/gif;base64,R0lGODlhAQABAAAAACH5BAEKAAEALAAAAAABAAEAAAICTAEAOw==\" class=\"lazyload\"><noscript><img decoding=\"async\" src=\"https:\/\/galileo.energy\/wp-content\/uploads\/2022\/06\/Group-10.svg\"\n                     alt=\"Collaborativi\"><\/noscript>\n                <h5>Collaborativi<\/h5>\n                <p>Ci piace il lavoro di squadra, con un mix di empatia e  compromesso<\/p>\n            <\/div>\n                    <div class=\"col-bottom-induvidual\">\n                <img decoding=\"async\" data-src=\"https:\/\/galileo.energy\/wp-content\/uploads\/2022\/06\/Group-9-1.svg\"\n                     alt=\"Motivanti\" src=\"data:image\/gif;base64,R0lGODlhAQABAAAAACH5BAEKAAEALAAAAAABAAEAAAICTAEAOw==\" class=\"lazyload\"><noscript><img decoding=\"async\" src=\"https:\/\/galileo.energy\/wp-content\/uploads\/2022\/06\/Group-9-1.svg\"\n                     alt=\"Motivanti\"><\/noscript>\n                <h5>Motivanti<\/h5>\n                <p>Diamo la possibilit\u00e0 alle persone giuste di prendere decisioni giuste<\/p>\n            <\/div>\n                    <div class=\"col-bottom-induvidual\">\n                <img decoding=\"async\" data-src=\"https:\/\/galileo.energy\/wp-content\/uploads\/2022\/06\/Group-10-1.svg\"\n                     alt=\"Trasparenti\" src=\"data:image\/gif;base64,R0lGODlhAQABAAAAACH5BAEKAAEALAAAAAABAAEAAAICTAEAOw==\" class=\"lazyload\"><noscript><img decoding=\"async\" src=\"https:\/\/galileo.energy\/wp-content\/uploads\/2022\/06\/Group-10-1.svg\"\n                     alt=\"Trasparenti\"><\/noscript>\n                <h5>Trasparenti<\/h5>\n                <p>Ci teniamo alla trasparenza, con i nostri colleghi, partner e stakeholder<\/p>\n            <\/div>\n            <\/div>\n<\/section> \n\n\n<div style=\"height:50px\" aria-hidden=\"true\" class=\"wp-block-spacer\"><\/div>\n\n\n\n<section class=\"col-overlay \">\n        <div class=\"col-overlay-induvidual lazyload\" style=\"background-image:inherit;\" data-bg-image=\"url(https:\/\/galileo.energy\/wp-content\/uploads\/2022\/06\/gonz-ddl-a1Lm99Kkqtg-unsplash-2.png)\">\n        <div class=\"col-overlay-induvidual-overlay\">\n            <div class=\"col-overlay-induvidual-overlay-inner text-white\">\n                <h3 class=\"fs-61 text-white\">Cosa facciamo<\/h3>\n                <div class=\"col-overlay-induvidual-overlay-inner-hide text-white\">\n                    <p><\/p>\n                    <a href=\"https:\/\/galileo.energy\/what-we-do\/\" class=\"btn-second\">SCOPRI DI PI\u00d9<\/a>\n                <\/div>\n            <\/div>\n        <\/div>\n    <\/div>\n        <div class=\"col-overlay-induvidual lazyload\" style=\"background-image:inherit;\" data-bg-image=\"url(https:\/\/galileo.energy\/wp-content\/uploads\/2022\/07\/Handshake-scaled.jpg)\">\n        <div class=\"col-overlay-induvidual-overlay\">\n            <div class=\"col-overlay-induvidual-overlay-inner text-white\">\n                <h3 class=\"fs-61 text-white\">Partner<\/h3>\n                <div class=\"col-overlay-induvidual-overlay-inner-hide text-white\">\n                    <p><\/p>\n                    <a href=\"https:\/\/galileo.energy\/partners\/\" class=\"btn-second\">SCOPRI DI PI\u00d9<\/a>\n                <\/div>\n            <\/div>\n        <\/div>\n    <\/div>\n    <\/section> \n\n\n<section class=\"cta \">\n    <div class=\"cta-inner\">\n        <div class=\"cta-inner-left\">\n            <h1>Dare energia alle comunit\u00e0, dare energia al mondo.<\/h1>\n        <\/div>\n        <div class=\"cta-inner-right\"> \n            <p class=\"text-white\"><\/p>\n        <\/div>\n        <a href=\"https:\/\/galileo.energy\/contact\/\" class=\"btn-first\">CONTATTO<\/a>\n    <\/div>\n<\/section> ","protected":false},"excerpt":{"rendered":"","protected":false},"author":1,"featured_media":0,"parent":0,"menu_order":0,"comment_status":"closed","ping_status":"closed","template":"","meta":{"_acf_changed":false,"footnotes":""},"acf":[],"yoast_head":"<!-- This site is optimized with the Yoast SEO plugin v23.0 - https:\/\/yoast.com\/wordpress\/plugins\/seo\/ -->\n<title>Chi siamo | Galileo Green Energy<\/title>\n<meta name=\"description\" content=\"Galileo Green Energy \u00e8 uno sviluppatore, proprietario e operatore paneuropeo e multitecnologico di energia rinnovabile . Per saperne di pi\u00f9 sui nostri progetti, cliccate qui.\" \/>\n<meta name=\"robots\" content=\"index, follow, max-snippet:-1, max-image-preview:large, max-video-preview:-1\" \/>\n<link rel=\"canonical\" href=\"https:\/\/galileo.energy\/it\/chi-siamo\/\" \/>\n<meta property=\"og:locale\" content=\"it_IT\" \/>\n<meta property=\"og:type\" content=\"article\" \/>\n<meta property=\"og:title\" content=\"Chi siamo | Galileo Green Energy\" \/>\n<meta property=\"og:description\" content=\"Galileo Green Energy \u00e8 uno sviluppatore, proprietario e operatore paneuropeo e multitecnologico di energia rinnovabile . Per saperne di pi\u00f9 sui nostri progetti, cliccate qui.\" \/>\n<meta property=\"og:url\" content=\"https:\/\/galileo.energy\/it\/chi-siamo\/\" \/>\n<meta property=\"og:site_name\" content=\"Galileo Green Energy\" \/>\n<meta property=\"article:modified_time\" content=\"2026-04-16T13:58:39+00:00\" \/>\n<meta name=\"twitter:card\" content=\"summary_large_image\" \/>\n<script type=\"application\/ld+json\" class=\"yoast-schema-graph\">{\"@context\":\"https:\/\/schema.org\",\"@graph\":[{\"@type\":\"WebPage\",\"@id\":\"https:\/\/galileo.energy\/it\/chi-siamo\/\",\"url\":\"https:\/\/galileo.energy\/it\/chi-siamo\/\",\"name\":\"Chi siamo | Galileo Green Energy\",\"isPartOf\":{\"@id\":\"https:\/\/galileo.energy\/it\/#website\"},\"datePublished\":\"2022-06-13T09:01:23+00:00\",\"dateModified\":\"2026-04-16T13:58:39+00:00\",\"description\":\"Galileo Green Energy \u00e8 uno sviluppatore, proprietario e operatore paneuropeo e multitecnologico di energia rinnovabile . Per saperne di pi\u00f9 sui nostri progetti, cliccate qui.\",\"breadcrumb\":{\"@id\":\"https:\/\/galileo.energy\/it\/chi-siamo\/#breadcrumb\"},\"inLanguage\":\"it-IT\",\"potentialAction\":[{\"@type\":\"ReadAction\",\"target\":[\"https:\/\/galileo.energy\/it\/chi-siamo\/\"]}]},{\"@type\":\"BreadcrumbList\",\"@id\":\"https:\/\/galileo.energy\/it\/chi-siamo\/#breadcrumb\",\"itemListElement\":[{\"@type\":\"ListItem\",\"position\":1,\"name\":\"Home\",\"item\":\"https:\/\/galileo.energy\/it\/\"},{\"@type\":\"ListItem\",\"position\":2,\"name\":\"Chi siamo\"}]},{\"@type\":\"WebSite\",\"@id\":\"https:\/\/galileo.energy\/it\/#website\",\"url\":\"https:\/\/galileo.energy\/it\/\",\"name\":\"Galileo Green Energy\",\"description\":\"\",\"publisher\":{\"@id\":\"https:\/\/galileo.energy\/it\/#organization\"},\"potentialAction\":[{\"@type\":\"SearchAction\",\"target\":{\"@type\":\"EntryPoint\",\"urlTemplate\":\"https:\/\/galileo.energy\/it\/?s={search_term_string}\"},\"query-input\":\"required name=search_term_string\"}],\"inLanguage\":\"it-IT\"},{\"@type\":\"Organization\",\"@id\":\"https:\/\/galileo.energy\/it\/#organization\",\"name\":\"Galileo\",\"url\":\"https:\/\/galileo.energy\/it\/\",\"logo\":{\"@type\":\"ImageObject\",\"inLanguage\":\"it-IT\",\"@id\":\"https:\/\/galileo.energy\/it\/#\/schema\/logo\/image\/\",\"url\":\"https:\/\/galileo.energy\/wp-content\/uploads\/2022\/07\/Galileo-Branding.png\",\"contentUrl\":\"https:\/\/galileo.energy\/wp-content\/uploads\/2022\/07\/Galileo-Branding.png\",\"width\":885,\"height\":453,\"caption\":\"Galileo\"},\"image\":{\"@id\":\"https:\/\/galileo.energy\/it\/#\/schema\/logo\/image\/\"}}]}<\/script>\n<!-- \/ Yoast SEO plugin. -->","yoast_head_json":{"title":"Chi siamo | Galileo Green Energy","description":"Galileo Green Energy \u00e8 uno sviluppatore, proprietario e operatore paneuropeo e multitecnologico di energia rinnovabile . Per saperne di pi\u00f9 sui nostri progetti, cliccate qui.","robots":{"index":"index","follow":"follow","max-snippet":"max-snippet:-1","max-image-preview":"max-image-preview:large","max-video-preview":"max-video-preview:-1"},"canonical":"https:\/\/galileo.energy\/it\/chi-siamo\/","og_locale":"it_IT","og_type":"article","og_title":"Chi siamo | Galileo Green Energy","og_description":"Galileo Green Energy \u00e8 uno sviluppatore, proprietario e operatore paneuropeo e multitecnologico di energia rinnovabile . Per saperne di pi\u00f9 sui nostri progetti, cliccate qui.","og_url":"https:\/\/galileo.energy\/it\/chi-siamo\/","og_site_name":"Galileo Green Energy","article_modified_time":"2026-04-16T13:58:39+00:00","twitter_card":"summary_large_image","schema":{"@context":"https:\/\/schema.org","@graph":[{"@type":"WebPage","@id":"https:\/\/galileo.energy\/it\/chi-siamo\/","url":"https:\/\/galileo.energy\/it\/chi-siamo\/","name":"Chi siamo | Galileo Green Energy","isPartOf":{"@id":"https:\/\/galileo.energy\/it\/#website"},"datePublished":"2022-06-13T09:01:23+00:00","dateModified":"2026-04-16T13:58:39+00:00","description":"Galileo Green Energy \u00e8 uno sviluppatore, proprietario e operatore paneuropeo e multitecnologico di energia rinnovabile . Per saperne di pi\u00f9 sui nostri progetti, cliccate qui.","breadcrumb":{"@id":"https:\/\/galileo.energy\/it\/chi-siamo\/#breadcrumb"},"inLanguage":"it-IT","potentialAction":[{"@type":"ReadAction","target":["https:\/\/galileo.energy\/it\/chi-siamo\/"]}]},{"@type":"BreadcrumbList","@id":"https:\/\/galileo.energy\/it\/chi-siamo\/#breadcrumb","itemListElement":[{"@type":"ListItem","position":1,"name":"Home","item":"https:\/\/galileo.energy\/it\/"},{"@type":"ListItem","position":2,"name":"Chi siamo"}]},{"@type":"WebSite","@id":"https:\/\/galileo.energy\/it\/#website","url":"https:\/\/galileo.energy\/it\/","name":"Galileo Green Energy","description":"","publisher":{"@id":"https:\/\/galileo.energy\/it\/#organization"},"potentialAction":[{"@type":"SearchAction","target":{"@type":"EntryPoint","urlTemplate":"https:\/\/galileo.energy\/it\/?s={search_term_string}"},"query-input":"required name=search_term_string"}],"inLanguage":"it-IT"},{"@type":"Organization","@id":"https:\/\/galileo.energy\/it\/#organization","name":"Galileo","url":"https:\/\/galileo.energy\/it\/","logo":{"@type":"ImageObject","inLanguage":"it-IT","@id":"https:\/\/galileo.energy\/it\/#\/schema\/logo\/image\/","url":"https:\/\/galileo.energy\/wp-content\/uploads\/2022\/07\/Galileo-Branding.png","contentUrl":"https:\/\/galileo.energy\/wp-content\/uploads\/2022\/07\/Galileo-Branding.png","width":885,"height":453,"caption":"Galileo"},"image":{"@id":"https:\/\/galileo.energy\/it\/#\/schema\/logo\/image\/"}}]}},"_links":{"self":[{"href":"https:\/\/galileo.energy\/it\/wp-json\/wp\/v2\/pages\/883"}],"collection":[{"href":"https:\/\/galileo.energy\/it\/wp-json\/wp\/v2\/pages"}],"about":[{"href":"https:\/\/galileo.energy\/it\/wp-json\/wp\/v2\/types\/page"}],"author":[{"embeddable":true,"href":"https:\/\/galileo.energy\/it\/wp-json\/wp\/v2\/users\/1"}],"replies":[{"embeddable":true,"href":"https:\/\/galileo.energy\/it\/wp-json\/wp\/v2\/comments?post=883"}],"version-history":[{"count":29,"href":"https:\/\/galileo.energy\/it\/wp-json\/wp\/v2\/pages\/883\/revisions"}],"predecessor-version":[{"id":5499,"href":"https:\/\/galileo.energy\/it\/wp-json\/wp\/v2\/pages\/883\/revisions\/5499"}],"wp:attachment":[{"href":"https:\/\/galileo.energy\/it\/wp-json\/wp\/v2\/media?parent=883"}],"curies":[{"name":"wp","href":"https:\/\/api.w.org\/{rel}","templated":true}]}}