{"id":5246,"date":"2025-09-21T21:59:53","date_gmt":"2025-09-21T19:59:53","guid":{"rendered":"https:\/\/galileo.energy\/landowners\/"},"modified":"2025-10-21T12:49:34","modified_gmt":"2025-10-21T10:49:34","slug":"proprietari-terrieri","status":"publish","type":"page","link":"https:\/\/galileo.energy\/it\/proprietari-terrieri\/","title":{"rendered":"Proprietari terrieri"},"content":{"rendered":"\n<style>\n    .img-hero-slider-induvidual-copy {\n        width: 1020px;\n    }\n<\/style>\n<section class=\"img-hero\">\n    <div class=\"img-hero-slider\">\n        <div class=\"img-hero-slider-induvidual lazyload\"\n             style=\"background-image:inherit;\" data-bg-image=\"linear-gradient(90deg, rgba(55,58,54,0.3) 0%, rgba(55,58,54,0.3) 0%), url(https:\/\/galileo.energy\/wp-content\/uploads\/2025\/10\/istock-1454004381.webp)\">\n            <div class=\"img-hero-slider-induvidual-copy text-center\">\n                <p class=\"caption text-yellow text-center\">COLLABORA CON NOI COME<\/p>\n                <h1>Proprietario terriero<\/h1>\n                <p class=\"text-white text-center\"><\/p>\n                            <\/div>\n        <\/div>\n    <\/div>\n<\/section>\n\n\n<section class=\"e-form \">\n    <div class=\"e-form-wrapper\">\n        <div class=\"e-form-wrapper-left\">\n            <h1><\/h1>\n            <div class=\"text-white\" style=\"font-size:19px\">\n\t\t\t\t<div style=\"font-size: 1.2em; margin-block: 1em;\">\n<p style=\"font-weight: 400;\">Siamo alla ricerca di\u00a0<strong>terreni a destinazione agricola o industriale<\/strong>\u00a0da acquisire o gestire in\u00a0<strong>concessione di diritto di superficie<\/strong>, con una superficie minima di\u00a0<strong>circa 5 ettari<\/strong>.<\/p>\n<p style=\"font-weight: 400;\">Valutiamo aree caratterizzate da\u00a0<strong>morfologia pianeggiante<\/strong>,\u00a0<strong>buona esposizione alla luce solare<\/strong>\u00a0e\u00a0<strong>assenza di ombreggiamenti rilevanti<\/strong>, condizioni essenziali per garantire la realizzazione ottimale dei nostri progetti.<\/p>\n<p style=\"font-weight: 400;\">Il nostro\u00a0<strong>team specializzato nel settore immobiliare e ambientale<\/strong>\u00a0esaminer\u00e0 le potenzialit\u00e0 del tuo terreno, ne verificher\u00e0 la compatibilit\u00e0 con le nostre iniziative e ti proporr\u00e0 le\u00a0<strong>soluzioni pi\u00f9 adatte per valorizzarlo al meglio<\/strong>.<\/p>\n<p style=\"font-weight: 400;\">Se desideri sottoporre un\u2019area alla nostra attenzione, ti invitiamo a\u00a0<strong>compilare il modulo di contatto<\/strong>: saremo lieti di ricontattarti al pi\u00f9 presto per un primo confronto.<\/p>\n<\/div>\n\n\t\t\t\t<br>\n\t\t\t\t<p class=\"e-form-wrapper-left-details text-white\"><a href=\"mailto:\" style=\"color:#ffffff; text-decoration:none;\"><\/a><\/p>\n\t\t\t<\/div>\n        <\/div>\n        <div class=\"e-form-wrapper-right\">\n            <p class=\"fs-24\"><\/p>\n                            \n<div class=\"wpcf7 no-js\" id=\"wpcf7-f5257-o1\" lang=\"it-IT\" dir=\"ltr\">\n<div class=\"screen-reader-response\"><p role=\"status\" aria-live=\"polite\" aria-atomic=\"true\"><\/p> <ul><\/ul><\/div>\n<form action=\"\/it\/wp-json\/wp\/v2\/pages\/5246#wpcf7-f5257-o1\" method=\"post\" class=\"wpcf7-form init\" aria-label=\"Modulo di contatto\" novalidate=\"novalidate\" data-status=\"init\">\n<div style=\"display: none;\">\n<input type=\"hidden\" name=\"_wpcf7\" value=\"5257\" \/>\n<input type=\"hidden\" name=\"_wpcf7_version\" value=\"5.9.6\" \/>\n<input type=\"hidden\" name=\"_wpcf7_locale\" value=\"it_IT\" \/>\n<input type=\"hidden\" name=\"_wpcf7_unit_tag\" value=\"wpcf7-f5257-o1\" \/>\n<input type=\"hidden\" name=\"_wpcf7_container_post\" value=\"0\" \/>\n<input type=\"hidden\" name=\"_wpcf7_posted_data_hash\" value=\"\" \/>\n<input type=\"hidden\" name=\"_wpcf7_recaptcha_response\" value=\"\" \/>\n<\/div>\n<p><label> Nome e cognome<span>*<\/span><br \/>\n<span class=\"wpcf7-form-control-wrap\" data-name=\"Nome\"><input size=\"40\" maxlength=\"80\" class=\"wpcf7-form-control wpcf7-text wpcf7-validates-as-required\" aria-required=\"true\" aria-invalid=\"false\" value=\"\" type=\"text\" name=\"Nome\" \/><\/span> <\/label>\n<\/p>\n<p><label> Email <span>*<\/span><br \/>\n<span class=\"wpcf7-form-control-wrap\" data-name=\"Email\"><input size=\"40\" maxlength=\"80\" class=\"wpcf7-form-control wpcf7-email wpcf7-validates-as-required wpcf7-text wpcf7-validates-as-email\" aria-required=\"true\" aria-invalid=\"false\" value=\"\" type=\"email\" name=\"Email\" \/><\/span> <\/label>\n<\/p>\n<p><label> Tel <span>*<\/span><br \/>\n<span class=\"wpcf7-form-control-wrap\" data-name=\"Tel\"><input size=\"40\" maxlength=\"80\" class=\"wpcf7-form-control wpcf7-tel wpcf7-validates-as-required wpcf7-text wpcf7-validates-as-tel\" aria-required=\"true\" aria-invalid=\"false\" value=\"\" type=\"tel\" name=\"Tel\" \/><\/span> <\/label>\n<\/p>\n<p><label> Link Google Maps<br \/>\n<span class=\"wpcf7-form-control-wrap\" data-name=\"PlotGoogleMapslink\"><input size=\"40\" maxlength=\"80\" class=\"wpcf7-form-control wpcf7-url wpcf7-text wpcf7-validates-as-url\" aria-invalid=\"false\" value=\"\" type=\"url\" name=\"PlotGoogleMapslink\" \/><\/span> <\/label>\n<\/p>\n<p><label> Destinazione urbanistica <span>*<\/span><br \/>\n<span class=\"wpcf7-form-control-wrap\" data-name=\"plotAuthorizedUse\"><select class=\"wpcf7-form-control wpcf7-select wpcf7-validates-as-required\" aria-required=\"true\" aria-invalid=\"false\" name=\"plotAuthorizedUse\"><option value=\"\">&#8212;Seleziona un&#039;opzione&#8212;<\/option><option value=\"Agricolo\">Agricolo<\/option><option value=\"Produttivo\/industriale\">Produttivo\/industriale<\/option><\/select><\/span><\/label>\n<\/p>\n<p><label> Dati catastali<br \/>\n<span class=\"wpcf7-form-control-wrap\" data-name=\"cadastralInformation\"><input size=\"40\" maxlength=\"80\" class=\"wpcf7-form-control wpcf7-text\" aria-invalid=\"false\" value=\"\" type=\"text\" name=\"cadastralInformation\" \/><\/span> <\/label>\n<\/p>\n<p><label> Note<br \/>\n<span class=\"wpcf7-form-control-wrap\" data-name=\"notes\"><textarea cols=\"40\" rows=\"10\" maxlength=\"400\" class=\"wpcf7-form-control wpcf7-textarea\" aria-invalid=\"false\" name=\"notes\"><\/textarea><\/span> <\/label>\n<\/p>\n<p class=\"sub\" style=\"line-height: 20px; font-size:16px;\"><span class=\"wpcf7-form-control-wrap\" data-name=\"acceptance-440\"><span class=\"wpcf7-form-control wpcf7-acceptance\"><span class=\"wpcf7-list-item\"><input type=\"checkbox\" name=\"acceptance-440\" value=\"1\" aria-invalid=\"false\" \/><\/span><\/span><\/span><span>Ho letto l&#8217;<a href=\"\/privacy-policy\/\" target=\"_blank\" title=\"Informativa sulla privacy\">informativa sulla privacy<\/a><\/span><span>*<\/span>\n<\/p>\n<p><input class=\"wpcf7-form-control wpcf7-submit has-spinner\" type=\"submit\" value=\"Invia\" \/>\n<\/p><div class=\"wpcf7-response-output\" aria-hidden=\"true\"><\/div>\n<\/form>\n<\/div>\n\n                    <\/div>\n    <\/div>\n    \n<\/section>","protected":false},"excerpt":{"rendered":"","protected":false},"author":25,"featured_media":0,"parent":0,"menu_order":0,"comment_status":"closed","ping_status":"closed","template":"","meta":{"_acf_changed":false,"footnotes":""},"acf":[],"yoast_head":"<!-- This site is optimized with the Yoast SEO plugin v23.0 - https:\/\/yoast.com\/wordpress\/plugins\/seo\/ -->\n<title>Proprietari terrieri | Galileo Green Energy<\/title>\n<meta name=\"robots\" content=\"index, follow, max-snippet:-1, max-image-preview:large, max-video-preview:-1\" \/>\n<link rel=\"canonical\" href=\"https:\/\/galileo.energy\/it\/proprietari-terrieri\/\" \/>\n<meta property=\"og:locale\" content=\"it_IT\" \/>\n<meta property=\"og:type\" content=\"article\" \/>\n<meta property=\"og:title\" content=\"Proprietari terrieri | Galileo Green Energy\" \/>\n<meta property=\"og:url\" content=\"https:\/\/galileo.energy\/it\/proprietari-terrieri\/\" \/>\n<meta property=\"og:site_name\" content=\"Galileo Green Energy\" \/>\n<meta property=\"article:modified_time\" content=\"2025-10-21T10:49:34+00:00\" \/>\n<meta name=\"twitter:card\" content=\"summary_large_image\" \/>\n<script type=\"application\/ld+json\" class=\"yoast-schema-graph\">{\"@context\":\"https:\/\/schema.org\",\"@graph\":[{\"@type\":\"WebPage\",\"@id\":\"https:\/\/galileo.energy\/it\/proprietari-terrieri\/\",\"url\":\"https:\/\/galileo.energy\/it\/proprietari-terrieri\/\",\"name\":\"Proprietari terrieri | Galileo Green Energy\",\"isPartOf\":{\"@id\":\"https:\/\/galileo.energy\/it\/#website\"},\"datePublished\":\"2025-09-21T19:59:53+00:00\",\"dateModified\":\"2025-10-21T10:49:34+00:00\",\"breadcrumb\":{\"@id\":\"https:\/\/galileo.energy\/it\/proprietari-terrieri\/#breadcrumb\"},\"inLanguage\":\"it-IT\",\"potentialAction\":[{\"@type\":\"ReadAction\",\"target\":[\"https:\/\/galileo.energy\/it\/proprietari-terrieri\/\"]}]},{\"@type\":\"BreadcrumbList\",\"@id\":\"https:\/\/galileo.energy\/it\/proprietari-terrieri\/#breadcrumb\",\"itemListElement\":[{\"@type\":\"ListItem\",\"position\":1,\"name\":\"Home\",\"item\":\"https:\/\/galileo.energy\/it\/\"},{\"@type\":\"ListItem\",\"position\":2,\"name\":\"Proprietari terrieri\"}]},{\"@type\":\"WebSite\",\"@id\":\"https:\/\/galileo.energy\/it\/#website\",\"url\":\"https:\/\/galileo.energy\/it\/\",\"name\":\"Galileo Green Energy\",\"description\":\"\",\"publisher\":{\"@id\":\"https:\/\/galileo.energy\/it\/#organization\"},\"potentialAction\":[{\"@type\":\"SearchAction\",\"target\":{\"@type\":\"EntryPoint\",\"urlTemplate\":\"https:\/\/galileo.energy\/it\/?s={search_term_string}\"},\"query-input\":\"required name=search_term_string\"}],\"inLanguage\":\"it-IT\"},{\"@type\":\"Organization\",\"@id\":\"https:\/\/galileo.energy\/it\/#organization\",\"name\":\"Galileo\",\"url\":\"https:\/\/galileo.energy\/it\/\",\"logo\":{\"@type\":\"ImageObject\",\"inLanguage\":\"it-IT\",\"@id\":\"https:\/\/galileo.energy\/it\/#\/schema\/logo\/image\/\",\"url\":\"https:\/\/galileo.energy\/wp-content\/uploads\/2022\/07\/Galileo-Branding.png\",\"contentUrl\":\"https:\/\/galileo.energy\/wp-content\/uploads\/2022\/07\/Galileo-Branding.png\",\"width\":885,\"height\":453,\"caption\":\"Galileo\"},\"image\":{\"@id\":\"https:\/\/galileo.energy\/it\/#\/schema\/logo\/image\/\"}}]}<\/script>\n<!-- \/ Yoast SEO plugin. -->","yoast_head_json":{"title":"Proprietari terrieri | Galileo Green Energy","robots":{"index":"index","follow":"follow","max-snippet":"max-snippet:-1","max-image-preview":"max-image-preview:large","max-video-preview":"max-video-preview:-1"},"canonical":"https:\/\/galileo.energy\/it\/proprietari-terrieri\/","og_locale":"it_IT","og_type":"article","og_title":"Proprietari terrieri | Galileo Green Energy","og_url":"https:\/\/galileo.energy\/it\/proprietari-terrieri\/","og_site_name":"Galileo Green Energy","article_modified_time":"2025-10-21T10:49:34+00:00","twitter_card":"summary_large_image","schema":{"@context":"https:\/\/schema.org","@graph":[{"@type":"WebPage","@id":"https:\/\/galileo.energy\/it\/proprietari-terrieri\/","url":"https:\/\/galileo.energy\/it\/proprietari-terrieri\/","name":"Proprietari terrieri | Galileo Green Energy","isPartOf":{"@id":"https:\/\/galileo.energy\/it\/#website"},"datePublished":"2025-09-21T19:59:53+00:00","dateModified":"2025-10-21T10:49:34+00:00","breadcrumb":{"@id":"https:\/\/galileo.energy\/it\/proprietari-terrieri\/#breadcrumb"},"inLanguage":"it-IT","potentialAction":[{"@type":"ReadAction","target":["https:\/\/galileo.energy\/it\/proprietari-terrieri\/"]}]},{"@type":"BreadcrumbList","@id":"https:\/\/galileo.energy\/it\/proprietari-terrieri\/#breadcrumb","itemListElement":[{"@type":"ListItem","position":1,"name":"Home","item":"https:\/\/galileo.energy\/it\/"},{"@type":"ListItem","position":2,"name":"Proprietari terrieri"}]},{"@type":"WebSite","@id":"https:\/\/galileo.energy\/it\/#website","url":"https:\/\/galileo.energy\/it\/","name":"Galileo Green Energy","description":"","publisher":{"@id":"https:\/\/galileo.energy\/it\/#organization"},"potentialAction":[{"@type":"SearchAction","target":{"@type":"EntryPoint","urlTemplate":"https:\/\/galileo.energy\/it\/?s={search_term_string}"},"query-input":"required name=search_term_string"}],"inLanguage":"it-IT"},{"@type":"Organization","@id":"https:\/\/galileo.energy\/it\/#organization","name":"Galileo","url":"https:\/\/galileo.energy\/it\/","logo":{"@type":"ImageObject","inLanguage":"it-IT","@id":"https:\/\/galileo.energy\/it\/#\/schema\/logo\/image\/","url":"https:\/\/galileo.energy\/wp-content\/uploads\/2022\/07\/Galileo-Branding.png","contentUrl":"https:\/\/galileo.energy\/wp-content\/uploads\/2022\/07\/Galileo-Branding.png","width":885,"height":453,"caption":"Galileo"},"image":{"@id":"https:\/\/galileo.energy\/it\/#\/schema\/logo\/image\/"}}]}},"_links":{"self":[{"href":"https:\/\/galileo.energy\/it\/wp-json\/wp\/v2\/pages\/5246"}],"collection":[{"href":"https:\/\/galileo.energy\/it\/wp-json\/wp\/v2\/pages"}],"about":[{"href":"https:\/\/galileo.energy\/it\/wp-json\/wp\/v2\/types\/page"}],"author":[{"embeddable":true,"href":"https:\/\/galileo.energy\/it\/wp-json\/wp\/v2\/users\/25"}],"replies":[{"embeddable":true,"href":"https:\/\/galileo.energy\/it\/wp-json\/wp\/v2\/comments?post=5246"}],"version-history":[{"count":10,"href":"https:\/\/galileo.energy\/it\/wp-json\/wp\/v2\/pages\/5246\/revisions"}],"predecessor-version":[{"id":5289,"href":"https:\/\/galileo.energy\/it\/wp-json\/wp\/v2\/pages\/5246\/revisions\/5289"}],"wp:attachment":[{"href":"https:\/\/galileo.energy\/it\/wp-json\/wp\/v2\/media?parent=5246"}],"curies":[{"name":"wp","href":"https:\/\/api.w.org\/{rel}","templated":true}]}}