{"id":3964,"date":"2024-10-16T14:50:03","date_gmt":"2024-10-16T12:50:03","guid":{"rendered":"https:\/\/galileo.energy\/careers-new\/"},"modified":"2025-07-23T12:03:57","modified_gmt":"2025-07-23T10:03:57","slug":"carrieres","status":"publish","type":"page","link":"https:\/\/galileo.energy\/fr\/carrieres\/","title":{"rendered":"Carri\u00e8res"},"content":{"rendered":"\n<style>\n    .img-hero-slider-induvidual-copy {\n        width: 1020px;\n    }\n<\/style>\n<section class=\"img-hero\">\n    <div class=\"img-hero-slider\">\n        <div class=\"img-hero-slider-induvidual lazyload\"\n             style=\"background-image:inherit;\" data-bg-image=\"linear-gradient(90deg, rgba(55,58,54,0.3) 0%, rgba(55,58,54,0.3) 0%), url(https:\/\/galileo.energy\/wp-content\/uploads\/2024\/10\/SP87015-2.jpg)\">\n            <div class=\"img-hero-slider-induvidual-copy text-center\">\n                <p class=\"caption text-yellow text-center\"><\/p>\n                <h1>Votre voyage vers un avenir durable commence ici<\/h1>\n                <p class=\"text-white text-center\"><\/p>\n                                    <a target=\"_blank\"\n                       href=\"https:\/\/galileo.zohorecruit.eu\/jobs\/Careers\"\n                       class=\"btn-first text-bold text-center \">Consultez nos offres<\/a>\n                            <\/div>\n        <\/div>\n    <\/div>\n<\/section>\n\n\n<style>\n\t.two-column-copy-block {\n\t\tstrong {\n\t\t\tfont-size: inherit;\n\t\t\tline-height: inherit;\n\t\t}\n\t}\n\n\t.direction-column {\n\t\talign-items: center;\n\t\tflex-direction: column;\n\t\tjustify-content: center;\n\t}\n\n\t.direction-column .column {\n\t\tmax-width: 850px!important;\n\t\twidth: 100% !important;\n\t}\n\n\t@media screen and (max-width: 850px){\n\t\t.direction-column .column:nth-child(2) section {\n\t\t\tflex-direction: column;\n\t\t\tmargin-bottom: 30px;\n\t\t}\n\n\t\t.direction-column .column:nth-child(2) section a {\n\t\t\twidth: 100%!important;\n\t\t}\n\t}\n<\/style>\n\n<section class=\"two-column-copy-block white \">\n\t<div class=\"inner\">\n\t\t<div class=\"columns\">\n\t\t\t<div class=\"column animate__animated\">\n\t\t\t\t<p style=\"font-size: 40px; color: black; line-height: 1.2;\">Nous nous effor\u00e7ons d&rsquo;apporter une contribution significative \u00e0 la transition \u00e9nerg\u00e9tique europ\u00e9enne. Feras-tu ta part ?<\/p>\n\n\t\t\t<\/div>\n\t\t\t<div class=\"column animate__animated\">\n\t\t\t\t<p style=\"color: #8a8282; font-size: 21px; line-height: 1.4;\"><span style=\"color: #9b5fa3;\">Galileo<\/span> est un <strong>d\u00e9veloppeur international et multi-technologies<\/strong>, compos\u00e9 de personnes enthousiastes, engag\u00e9es, exp\u00e9riment\u00e9es et fiables. Nos \u00e9quipes couvrent un vaste champ de comp\u00e9tences: <strong>le d\u00e9veloppement, l&rsquo;ing\u00e9nierie, les fusions acquisitions<\/strong> et toutes les fonctions corporatives<\/strong>.<\/p>\n<p style=\"color: #8a8282; font-size: 21px; line-height: 1.4;\">Si vous partagez nos valeurs et vous vous efforcez d\u2019avoir un impact positif sur l&rsquo;avenir de notre plan\u00e8te, rejoignez notre r\u00e9seau de talents : il y a de nombreuses opportunit\u00e9s pour vous !<\/p>\n<p style=\"color: #8a8282; font-size: 21px; line-height: 1.4;\">Jetez un \u0153il \u00e0 nos postes \u00e0 pourvoir ou envoyez-nous votre CV; nous serions ravis de discuter avec vous.<\/p>\n<p><a class=\"btn-first text-bold text-center \" href=\"https:\/\/galileo.zohorecruit.eu\/jobs\/Careers\" target=\"_blank\" rel=\"noopener\">Consultez nos offres<\/a><\/p>\n\n\t\t\t<\/div>\n\t\t<\/div>\n\t<\/div>\n<\/section>\n\n\n\n<style>\n    .col-dark {\n        color: #ffffff;\n        padding: 50px 0;\n    }\n    .col-dark h3,\n    .col-dark h5,\n    .col-dark p {\n        color: #ffffff;\n    }\n<\/style>\n\n<section\n        style=\"background-color:#45babd !important;\"\n        class=\"col-dark \">\n    <div class=\"col-top\">\n        <h6 class=\"caption\"><\/h6>\n        <h3>NOS VALEURS<\/h3>\n    <\/div>\n    <div class=\"col-bottom\">\n                    <div class=\"col-bottom-induvidual\">\n                <img decoding=\"async\" data-src=\"https:\/\/galileo.energy\/wp-content\/uploads\/2022\/06\/Group-3.svg\"\n                     alt=\"L\u2019esprit d\u2019entreprise\" src=\"data:image\/gif;base64,R0lGODlhAQABAAAAACH5BAEKAAEALAAAAAABAAEAAAICTAEAOw==\" class=\"lazyload\"><noscript><img decoding=\"async\" src=\"https:\/\/galileo.energy\/wp-content\/uploads\/2022\/06\/Group-3.svg\"\n                     alt=\"L\u2019esprit d\u2019entreprise\"><\/noscript>\n                <h5>L\u2019esprit d\u2019entreprise<\/h5>\n                <p>Mettre en \u0153uvre de nouvelles id\u00e9es et prendre des responsabilit\u00e9s<\/p>\n            <\/div>\n                    <div class=\"col-bottom-induvidual\">\n                <img decoding=\"async\" data-src=\"https:\/\/galileo.energy\/wp-content\/uploads\/2022\/06\/Group-14.svg\"\n                     alt=\"Agile\" src=\"data:image\/gif;base64,R0lGODlhAQABAAAAACH5BAEKAAEALAAAAAABAAEAAAICTAEAOw==\" class=\"lazyload\"><noscript><img decoding=\"async\" src=\"https:\/\/galileo.energy\/wp-content\/uploads\/2022\/06\/Group-14.svg\"\n                     alt=\"Agile\"><\/noscript>\n                <h5>Agile<\/h5>\n                <p>S\u2019adapter rapidement \u00e0 toute situation en s\u2019appuyant sur une base solide de comp\u00e9tence<\/p>\n            <\/div>\n                    <div class=\"col-bottom-induvidual\">\n                <img decoding=\"async\" data-src=\"https:\/\/galileo.energy\/wp-content\/uploads\/2022\/06\/Group-10.svg\"\n                     alt=\"Collaboratif\" src=\"data:image\/gif;base64,R0lGODlhAQABAAAAACH5BAEKAAEALAAAAAABAAEAAAICTAEAOw==\" class=\"lazyload\"><noscript><img decoding=\"async\" src=\"https:\/\/galileo.energy\/wp-content\/uploads\/2022\/06\/Group-10.svg\"\n                     alt=\"Collaboratif\"><\/noscript>\n                <h5>Collaboratif<\/h5>\n                <p>Travailler ensemble avec empathie et un esprit de compromis<\/p>\n            <\/div>\n                    <div class=\"col-bottom-induvidual\">\n                <img decoding=\"async\" data-src=\"https:\/\/galileo.energy\/wp-content\/uploads\/2022\/06\/Group-9-1.svg\"\n                     alt=\"Renforcer les moyens d\u2019action\" src=\"data:image\/gif;base64,R0lGODlhAQABAAAAACH5BAEKAAEALAAAAAABAAEAAAICTAEAOw==\" class=\"lazyload\"><noscript><img decoding=\"async\" src=\"https:\/\/galileo.energy\/wp-content\/uploads\/2022\/06\/Group-9-1.svg\"\n                     alt=\"Renforcer les moyens d\u2019action\"><\/noscript>\n                <h5>Renforcer les moyens d\u2019action<\/h5>\n                <p>Permettre aux bonnes personnes de prendre la bonne d\u00e9cision<\/p>\n            <\/div>\n                    <div class=\"col-bottom-induvidual\">\n                <img decoding=\"async\" data-src=\"https:\/\/galileo.energy\/wp-content\/uploads\/2022\/06\/Group-10-1.svg\"\n                     alt=\"Transparent\" src=\"data:image\/gif;base64,R0lGODlhAQABAAAAACH5BAEKAAEALAAAAAABAAEAAAICTAEAOw==\" class=\"lazyload\"><noscript><img decoding=\"async\" src=\"https:\/\/galileo.energy\/wp-content\/uploads\/2022\/06\/Group-10-1.svg\"\n                     alt=\"Transparent\"><\/noscript>\n                <h5>Transparent<\/h5>\n                <p>Avec nos coll\u00e8gues, nos partenaires et toutes les parties prenantes<\/p>\n            <\/div>\n            <\/div>\n<\/section> \n\n\n<div style=\"height:100px\" aria-hidden=\"true\" class=\"wp-block-spacer\"><\/div>\n\n\n\n<style>\n\n    .title-img {\n        strong {\n            font-size: inherit;\n            line-height: inherit;\n        }\n    }\n\n    .one-column {\n        flex-direction: column;\n        justify-content: center;\n        padding: 50px calc((60vw - 550px));\n        background: #EFEFEF;\n        margin: 50px 0;\n    }\n\n    .one-column p {\n        margin-bottom: 30px;\n        text-align: center;\n    }\n\n    @media only screen and (max-width: 640px) {\n        .title-img .btn-group {\n            flex-direction: column;\n        }\n        .title-img .btn-group a {\n            width: 100%!important;\n        }\n    }\n<\/style>\n\n<section class=\"title-img\">\n            <div class=\"text-img \">\n            <div class=\"text-img-left lazyload\"\n                 style=\"background-image:inherit; background-size: contain;\" data-bg-image=\"url(https:\/\/galileo.energy\/wp-content\/uploads\/2024\/06\/SP87272-scaled.jpg)\">\n            <\/div>\n            <div class=\"text-img-right\">\n                <p class=\"fs-67\">Diff\u00e9rentes perspectives mais une seule mission :  participer activement \u00e0 la transition \u00e9nerg\u00e9tique<\/p>\n                <p><p style=\"color: #8a8282; font-size: 21px; line-height: 1.4;\">Nos employ\u00e9s ne partagent pas n\u00e9cessairement les m\u00eames nationalit\u00e9s mais sont tous unis par une forte motivation<br \/>\n<strong>\u00e0 apporter une contribution significative \u00e0 la transition \u00e9nerg\u00e9tique<\/strong> et \u00e0 d\u00e9couvrir de nouvelles fa\u00e7ons de faire avancer notre mission. Ensemble, dessinons le chemin \u00e0 suivre.<\/p>\n<section class=\"btn-group\" style=\"display: flex; justify-content: space-between;\">\n<div>\n<p style=\"color: #8a8282; font-size: 21px; line-height: 1.4; display: inline;\">Postulez \u00e0 nos<\/p>\n<p><a class=\"btn-first text-bold text-center\" style=\"background-image: none; width: fit-content; padding: 12px 20px;\" href=\"https:\/\/galileo.zohorecruit.eu\/jobs\/Careers\" target=\"_blank\" rel=\"noopener\">Offres d&rsquo;Emploi<\/a><\/p>\n<\/div>\n<div>\n<p style=\"color: #8a8282; font-size: 21px; line-height: 1.4; display: inline; text-align: left;\">\u00a0Rejoignez notre<\/p>\n<p><a class=\"btn-first text-bold text-center\" style=\"background-image: none; width: fit-content; padding: 12px 20px;\" href=\"mailto:careers@galileo.energy\" target=\"_blank\" rel=\"noopener\">R\u00e9seau de Talents<\/a><\/p>\n<\/div>\n<\/section>\n<p style=\"color: #8a8282; font-size: 21px; line-height: 1.4;\">Vos donn\u00e9es seront trait\u00e9es conform\u00e9ment \u00e0 notre <a href=\"https:\/\/galileo.energy\/wp-content\/uploads\/2025\/07\/20250522-Privacy-Notice-for-Recruitment_def.pdf\" target=\"_blank\" rel=\"noopener\">Politique de confidentialit\u00e9 relative aux donn\u00e9es personnelles des candidats<\/a><\/p>\n<\/p>\n                            <\/div>\n        <\/div>\n            <\/section>\n\n \n \n\n\n\n\n\n<section class=\"vi-block spacer-top spacer-bottom wp-block-acf-video-block\"\">\n                                <video class=\"vi-block--video\" controls=\"false\" preload=\"none\" loop playsinline poster=\"https:\/\/galileo.energy\/wp-content\/uploads\/2025\/03\/vlcsnap-2025-03-16-15h23m42s934.png\">\n                <source src=\"https:\/\/galileo-energy.s3.eu-west-1.amazonaws.com\/20250304_GALILEO-Office_DEF_WEB.mp4\" type=\"video\/mp4\">\n            <\/video>\n        \n        <div class=\"vi-block--videoButton overlay-stay\">\n            <img decoding=\"async\" class=\"play-btn lazyload\" data-src=\"https:\/\/galileo.energy\/wp-content\/themes\/gge\/src\/images\/play.svg\" alt=\"Play video\" src=\"data:image\/gif;base64,R0lGODlhAQABAAAAACH5BAEKAAEALAAAAAABAAEAAAICTAEAOw==\"><noscript><img decoding=\"async\" class=\"play-btn\" src=\"https:\/\/galileo.energy\/wp-content\/themes\/gge\/src\/images\/play.svg\" alt=\"Play video\"><\/noscript>\n\t\t\t\t\t\t<span>D\u00e9couvrez nos bureaux<\/span>\n\t\t\t        <\/div>\n<\/section>\n\n\n\n<style>\n\n    .title-img {\n        strong {\n            font-size: inherit;\n            line-height: inherit;\n        }\n    }\n\n    .one-column {\n        flex-direction: column;\n        justify-content: center;\n        padding: 50px calc((60vw - 550px));\n        background: #EFEFEF;\n        margin: 50px 0;\n    }\n\n    .one-column p {\n        margin-bottom: 30px;\n        text-align: center;\n    }\n\n    @media only screen and (max-width: 640px) {\n        .title-img .btn-group {\n            flex-direction: column;\n        }\n        .title-img .btn-group a {\n            width: 100%!important;\n        }\n    }\n<\/style>\n\n<section class=\"title-img\">\n                        <div class=\"text-img one-column\">\n                <p class=\"fs-67\">O\u00f9 nous op\u00e9rons<\/p>\n                <img decoding=\"async\" style=\"--smush-placeholder-width: 1912px; --smush-placeholder-aspect-ratio: 1912\/1728;max-width: 100%;padding: 20px\" data-src=\"https:\/\/galileo.energy\/wp-content\/uploads\/2025\/01\/Galileo_Our-Presence-in-Europe_Map_January-2025.png\" alt=\"O\u00f9 nous op\u00e9rons\" src=\"data:image\/gif;base64,R0lGODlhAQABAAAAACH5BAEKAAEALAAAAAABAAEAAAICTAEAOw==\" class=\"lazyload\" \/><noscript><img decoding=\"async\" style=\"max-width: 100%;padding: 20px\" src=\"https:\/\/galileo.energy\/wp-content\/uploads\/2025\/01\/Galileo_Our-Presence-in-Europe_Map_January-2025.png\" alt=\"O\u00f9 nous op\u00e9rons\"\/><\/noscript>\n            <\/div>\n            <\/section>\n\n \n \n\n\n\n\n\n<style>\n\t.two-column-copy-block {\n\t\tstrong {\n\t\t\tfont-size: inherit;\n\t\t\tline-height: inherit;\n\t\t}\n\t}\n\n\t.direction-column {\n\t\talign-items: center;\n\t\tflex-direction: column;\n\t\tjustify-content: center;\n\t}\n\n\t.direction-column .column {\n\t\tmax-width: 850px!important;\n\t\twidth: 100% !important;\n\t}\n\n\t@media screen and (max-width: 850px){\n\t\t.direction-column .column:nth-child(2) section {\n\t\t\tflex-direction: column;\n\t\t\tmargin-bottom: 30px;\n\t\t}\n\n\t\t.direction-column .column:nth-child(2) section a {\n\t\t\twidth: 100%!important;\n\t\t}\n\t}\n<\/style>\n\n<section class=\"two-column-copy-block white \">\n\t<div class=\"inner\">\n\t\t<div class=\"columns direction-column\">\n\t\t\t<div class=\"column animate__animated\">\n\t\t\t\t\n\t\t\t<\/div>\n\t\t\t<div class=\"column animate__animated\">\n\t\t\t\t<section style=\"display: flex; justify-content: space-between;\">\n<p><a class=\"btn-first text-bold text-center\" style=\"background-image: none; width: fit-content; padding: 12px 20px;\" href=\"mailto:careers@galileo.energy\" target=\"_blank\" rel=\"noopener\">Rejoignez notre R\u00e9seau de Talents<\/a>\n<\/p>\n<p>\n<a class=\"btn-first text-bold text-center\" style=\"background-image: none; width: fit-content; padding: 12px 40px 12px 20px;\" href=\"https:\/\/www.linkedin.com\/company\/galileo-green-energy\/\" target=\"_blank\" rel=\"noopener\">Suivez-nous sur <img decoding=\"async\" style=\"--smush-placeholder-width: 40px; --smush-placeholder-aspect-ratio: 40\/38;position: absolute; height: 30px; width: 30px; top: 5px; right: 5px;\" data-src=\"https:\/\/galileo.energy\/wp-content\/uploads\/2024\/10\/4-1.png\" alt=\"Linkedin\" src=\"data:image\/gif;base64,R0lGODlhAQABAAAAACH5BAEKAAEALAAAAAABAAEAAAICTAEAOw==\" class=\"lazyload\" \/><noscript><img decoding=\"async\" style=\"position: absolute; height: 30px; width: 30px; top: 5px; right: 5px;\" src=\"https:\/\/galileo.energy\/wp-content\/uploads\/2024\/10\/4-1.png\" alt=\"Linkedin\" \/><\/noscript> <\/a>\n<\/p>\n<p>\n<a class=\"btn-first text-bold text-center\" style=\"background-image: none; width: fit-content; padding: 12px 20px;\" href=\"https:\/\/galileo.zohorecruit.eu\/jobs\/Careers\" target=\"_blank\" rel=\"noopener\">Postes ouverts<\/a>\n<\/p>\n<\/section>\n\n\t\t\t<\/div>\n\t\t<\/div>\n\t<\/div>\n<\/section>\n\n\n\n<section class=\"col-overlay \">\n        <div class=\"col-overlay-induvidual lazyload\" style=\"background-image:inherit;\" data-bg-image=\"url(https:\/\/galileo.energy\/wp-content\/uploads\/2024\/11\/Galileo_Career-page_Image_2.png)\">\n        <div class=\"col-overlay-induvidual-overlay\">\n            <div class=\"col-overlay-induvidual-overlay-inner text-white\">\n                <h3 class=\"fs-61 text-white\">\u00c0 propos de nous<\/h3>\n                <div class=\"col-overlay-induvidual-overlay-inner-hide text-white\">\n                    <p><\/p>\n                    <a href=\"https:\/\/galileo.energy\/fr\/qui-sommes-nous\/\" class=\"btn-second\">EN SAVOIR PLUS<\/a>\n                <\/div>\n            <\/div>\n        <\/div>\n    <\/div>\n        <div class=\"col-overlay-induvidual lazyload\" style=\"background-image:inherit;\" data-bg-image=\"url(https:\/\/galileo.energy\/wp-content\/uploads\/2022\/06\/gonz-ddl-a1Lm99Kkqtg-unsplash-2.png)\">\n        <div class=\"col-overlay-induvidual-overlay\">\n            <div class=\"col-overlay-induvidual-overlay-inner text-white\">\n                <h3 class=\"fs-61 text-white\">Expertise<\/h3>\n                <div class=\"col-overlay-induvidual-overlay-inner-hide text-white\">\n                    <p><\/p>\n                    <a href=\"https:\/\/galileo.energy\/fr\/ce-que-nous-faisons\/\" class=\"btn-second\">EN SAVOIR PLUS<\/a>\n                <\/div>\n            <\/div>\n        <\/div>\n    <\/div>\n    <\/section> \n\n\n<div style=\"height:100px\" aria-hidden=\"true\" class=\"wp-block-spacer\"><\/div>\n","protected":false},"excerpt":{"rendered":"","protected":false},"author":17,"featured_media":0,"parent":0,"menu_order":0,"comment_status":"closed","ping_status":"closed","template":"","meta":{"_acf_changed":false,"footnotes":""},"acf":[],"yoast_head":"<!-- This site is optimized with the Yoast SEO plugin v23.0 - https:\/\/yoast.com\/wordpress\/plugins\/seo\/ -->\n<title>Carri\u00e8res | Galileo Green Energy<\/title>\n<meta name=\"robots\" content=\"index, follow, max-snippet:-1, max-image-preview:large, max-video-preview:-1\" \/>\n<link rel=\"canonical\" href=\"https:\/\/galileo.energy\/fr\/carrieres\/\" \/>\n<meta property=\"og:locale\" content=\"fr_FR\" \/>\n<meta property=\"og:type\" content=\"article\" \/>\n<meta property=\"og:title\" content=\"Carri\u00e8res | Galileo Green Energy\" \/>\n<meta property=\"og:url\" content=\"https:\/\/galileo.energy\/fr\/carrieres\/\" \/>\n<meta property=\"og:site_name\" content=\"Galileo Green Energy\" \/>\n<meta property=\"article:modified_time\" content=\"2025-07-23T10:03:57+00:00\" \/>\n<meta name=\"twitter:card\" content=\"summary_large_image\" \/>\n<script type=\"application\/ld+json\" class=\"yoast-schema-graph\">{\"@context\":\"https:\/\/schema.org\",\"@graph\":[{\"@type\":\"WebPage\",\"@id\":\"https:\/\/galileo.energy\/fr\/carrieres\/\",\"url\":\"https:\/\/galileo.energy\/fr\/carrieres\/\",\"name\":\"Carri\u00e8res | Galileo Green Energy\",\"isPartOf\":{\"@id\":\"https:\/\/galileo.energy\/fr\/#website\"},\"datePublished\":\"2024-10-16T12:50:03+00:00\",\"dateModified\":\"2025-07-23T10:03:57+00:00\",\"breadcrumb\":{\"@id\":\"https:\/\/galileo.energy\/fr\/carrieres\/#breadcrumb\"},\"inLanguage\":\"fr-FR\",\"potentialAction\":[{\"@type\":\"ReadAction\",\"target\":[\"https:\/\/galileo.energy\/fr\/carrieres\/\"]}]},{\"@type\":\"BreadcrumbList\",\"@id\":\"https:\/\/galileo.energy\/fr\/carrieres\/#breadcrumb\",\"itemListElement\":[{\"@type\":\"ListItem\",\"position\":1,\"name\":\"Home\",\"item\":\"https:\/\/galileo.energy\/fr\/\"},{\"@type\":\"ListItem\",\"position\":2,\"name\":\"Carri\u00e8res\"}]},{\"@type\":\"WebSite\",\"@id\":\"https:\/\/galileo.energy\/fr\/#website\",\"url\":\"https:\/\/galileo.energy\/fr\/\",\"name\":\"Galileo Green Energy\",\"description\":\"\",\"publisher\":{\"@id\":\"https:\/\/galileo.energy\/fr\/#organization\"},\"potentialAction\":[{\"@type\":\"SearchAction\",\"target\":{\"@type\":\"EntryPoint\",\"urlTemplate\":\"https:\/\/galileo.energy\/fr\/?s={search_term_string}\"},\"query-input\":\"required name=search_term_string\"}],\"inLanguage\":\"fr-FR\"},{\"@type\":\"Organization\",\"@id\":\"https:\/\/galileo.energy\/fr\/#organization\",\"name\":\"Galileo\",\"url\":\"https:\/\/galileo.energy\/fr\/\",\"logo\":{\"@type\":\"ImageObject\",\"inLanguage\":\"fr-FR\",\"@id\":\"https:\/\/galileo.energy\/fr\/#\/schema\/logo\/image\/\",\"url\":\"https:\/\/galileo.energy\/wp-content\/uploads\/2022\/07\/Galileo-Branding.png\",\"contentUrl\":\"https:\/\/galileo.energy\/wp-content\/uploads\/2022\/07\/Galileo-Branding.png\",\"width\":885,\"height\":453,\"caption\":\"Galileo\"},\"image\":{\"@id\":\"https:\/\/galileo.energy\/fr\/#\/schema\/logo\/image\/\"}}]}<\/script>\n<!-- \/ Yoast SEO plugin. -->","yoast_head_json":{"title":"Carri\u00e8res | Galileo Green Energy","robots":{"index":"index","follow":"follow","max-snippet":"max-snippet:-1","max-image-preview":"max-image-preview:large","max-video-preview":"max-video-preview:-1"},"canonical":"https:\/\/galileo.energy\/fr\/carrieres\/","og_locale":"fr_FR","og_type":"article","og_title":"Carri\u00e8res | Galileo Green Energy","og_url":"https:\/\/galileo.energy\/fr\/carrieres\/","og_site_name":"Galileo Green Energy","article_modified_time":"2025-07-23T10:03:57+00:00","twitter_card":"summary_large_image","schema":{"@context":"https:\/\/schema.org","@graph":[{"@type":"WebPage","@id":"https:\/\/galileo.energy\/fr\/carrieres\/","url":"https:\/\/galileo.energy\/fr\/carrieres\/","name":"Carri\u00e8res | Galileo Green Energy","isPartOf":{"@id":"https:\/\/galileo.energy\/fr\/#website"},"datePublished":"2024-10-16T12:50:03+00:00","dateModified":"2025-07-23T10:03:57+00:00","breadcrumb":{"@id":"https:\/\/galileo.energy\/fr\/carrieres\/#breadcrumb"},"inLanguage":"fr-FR","potentialAction":[{"@type":"ReadAction","target":["https:\/\/galileo.energy\/fr\/carrieres\/"]}]},{"@type":"BreadcrumbList","@id":"https:\/\/galileo.energy\/fr\/carrieres\/#breadcrumb","itemListElement":[{"@type":"ListItem","position":1,"name":"Home","item":"https:\/\/galileo.energy\/fr\/"},{"@type":"ListItem","position":2,"name":"Carri\u00e8res"}]},{"@type":"WebSite","@id":"https:\/\/galileo.energy\/fr\/#website","url":"https:\/\/galileo.energy\/fr\/","name":"Galileo Green Energy","description":"","publisher":{"@id":"https:\/\/galileo.energy\/fr\/#organization"},"potentialAction":[{"@type":"SearchAction","target":{"@type":"EntryPoint","urlTemplate":"https:\/\/galileo.energy\/fr\/?s={search_term_string}"},"query-input":"required name=search_term_string"}],"inLanguage":"fr-FR"},{"@type":"Organization","@id":"https:\/\/galileo.energy\/fr\/#organization","name":"Galileo","url":"https:\/\/galileo.energy\/fr\/","logo":{"@type":"ImageObject","inLanguage":"fr-FR","@id":"https:\/\/galileo.energy\/fr\/#\/schema\/logo\/image\/","url":"https:\/\/galileo.energy\/wp-content\/uploads\/2022\/07\/Galileo-Branding.png","contentUrl":"https:\/\/galileo.energy\/wp-content\/uploads\/2022\/07\/Galileo-Branding.png","width":885,"height":453,"caption":"Galileo"},"image":{"@id":"https:\/\/galileo.energy\/fr\/#\/schema\/logo\/image\/"}}]}},"_links":{"self":[{"href":"https:\/\/galileo.energy\/fr\/wp-json\/wp\/v2\/pages\/3964"}],"collection":[{"href":"https:\/\/galileo.energy\/fr\/wp-json\/wp\/v2\/pages"}],"about":[{"href":"https:\/\/galileo.energy\/fr\/wp-json\/wp\/v2\/types\/page"}],"author":[{"embeddable":true,"href":"https:\/\/galileo.energy\/fr\/wp-json\/wp\/v2\/users\/17"}],"replies":[{"embeddable":true,"href":"https:\/\/galileo.energy\/fr\/wp-json\/wp\/v2\/comments?post=3964"}],"version-history":[{"count":13,"href":"https:\/\/galileo.energy\/fr\/wp-json\/wp\/v2\/pages\/3964\/revisions"}],"predecessor-version":[{"id":5040,"href":"https:\/\/galileo.energy\/fr\/wp-json\/wp\/v2\/pages\/3964\/revisions\/5040"}],"wp:attachment":[{"href":"https:\/\/galileo.energy\/fr\/wp-json\/wp\/v2\/media?parent=3964"}],"curies":[{"name":"wp","href":"https:\/\/api.w.org\/{rel}","templated":true}]}}