{"id":1967,"date":"2022-05-18T15:21:24","date_gmt":"2022-05-18T13:21:24","guid":{"rendered":"https:\/\/galileo.energy\/politique-de-confidentialite\/"},"modified":"2025-04-11T14:48:04","modified_gmt":"2025-04-11T12:48:04","slug":"politique-de-confidentialite","status":"publish","type":"page","link":"https:\/\/galileo.energy\/fr\/politique-de-confidentialite\/","title":{"rendered":"Politique de confidentialit\u00e9"},"content":{"rendered":"\n<style>\n    .img-hero-slider-induvidual-copy {\n        width: 1020px;\n    }\n<\/style>\n<section class=\"img-hero\">\n    <div class=\"img-hero-slider\">\n        <div class=\"img-hero-slider-induvidual lazyload\"\n             style=\"background-image:inherit;\" data-bg-image=\"linear-gradient(90deg, rgba(55,58,54,0.3) 0%, rgba(55,58,54,0.3) 0%), url(https:\/\/galileo.energy\/wp-content\/uploads\/2022\/06\/thisisengineering-raeng-TXxiFuQLBKQ-unsplash-2.png)\">\n            <div class=\"img-hero-slider-induvidual-copy text-center\">\n                <p class=\"caption text-yellow text-center\">Galileo<\/p>\n                <h1>Politique de confidentialit\u00e9<\/h1>\n                <p class=\"text-white text-center\"><\/p>\n                            <\/div>\n        <\/div>\n    <\/div>\n<\/section>\n\n\n<div style=\"height:50px\" aria-hidden=\"true\" class=\"wp-block-spacer\"><\/div>\n\n\n\n<section class=\"paragraph container \">\n    <p><p><strong>POLITIQUE DE CONFIDENTIALIT\u00c9<\/strong><\/p>\n<p><strong>R\u00c9F\u00c9RENCES R\u00c9GLEMENTAIRES<\/strong><\/p>\n<p>&#8211; Directive 2002\/58\/CE &#8211; sur le \u00ab\u00a0traitement des donn\u00e9es \u00e0 caract\u00e8re personnel et la protection de la vie priv\u00e9e dans le secteur des communications \u00e9lectroniques\u00a0\u00bb (\u00ab\u00a0directive vie priv\u00e9e et communications \u00e9lectroniques\u00a0\u00bb).<\/p>\n<p>&#8211; R\u00e8glement (UE) 2016\/679 du Parlement europ\u00e9en et du Conseil du 27 avril 2016 relatif \u00e0 la protection des personnes physiques \u00e0 l&rsquo;\u00e9gard du traitement des donn\u00e9es \u00e0 caract\u00e8re personnel et \u00e0 la libre circulation de ces donn\u00e9es, et abrogeant la directive 95\/46\/CE (\u00ab\u00a0GDPR\u00a0\u00bb).<\/p>\n<p>Ci-apr\u00e8s, avec la directive \u00ab\u00a0vie priv\u00e9e et communications \u00e9lectroniques\u00a0\u00bb et le GDPR, la \u00ab\u00a0l\u00e9gislation applicable\u00a0\u00bb.<\/p>\n<p>Ce document a \u00e9t\u00e9 pr\u00e9par\u00e9 conform\u00e9ment \u00e0 l&rsquo;article 13 du GDPR pour vous permettre de prendre connaissance de la politique de confidentialit\u00e9, de comprendre comment vos informations personnelles sont trait\u00e9es lorsque vous utilisez www.galileogreenenergy.com (le \u00ab\u00a0Site\u00a0\u00bb).<\/p>\n<p><strong>LE RESPONSABLE DU TRAITEMENT DES DONN\u00c9ES<\/strong><\/p>\n<p>Galileo Green Energy GmbH Bahnhofplatz 1, CH 8001 Z\u00fcrich<\/p>\n<p>Adresse \u00e9lectronique du contr\u00f4leur : info@galileo.energy<\/p>\n<p>Inscrit au registre des soci\u00e9t\u00e9s de Zurich<\/p>\n<p>Num\u00e9ro de TVA CH-020.4.069.175-2<\/p>\n<p>&nbsp;<\/p>\n<p><strong>DONN\u00c9ES PERSONNELLES TRAIT\u00c9ES, FINALIT\u00c9S ET BASE JURIDIQUE DU TRAITEMENT<\/strong><\/p>\n<p>Lors de votre navigation sur le site, des donn\u00e9es personnelles sont trait\u00e9es. Les donn\u00e9es \u00e0 caract\u00e8re personnel peuvent consister en un identifiant tel que votre nom, un num\u00e9ro d&rsquo;identification, un identifiant en ligne ou un ou plusieurs \u00e9l\u00e9ments caract\u00e9ristiques de votre identit\u00e9 permettant de vous identifier ou de vous reconna\u00eetre (ci-apr\u00e8s d\u00e9nomm\u00e9es \u00ab\u00a0donn\u00e9es \u00e0 caract\u00e8re personnel\u00a0\u00bb). Les donn\u00e9es personnelles trait\u00e9es par le biais du site sont les suivantes :<\/p>\n<p><strong><em><u>Donn\u00e9es de navigation<\/u><\/em><\/strong><\/p>\n<p>Les syst\u00e8mes informatiques et les proc\u00e9dures logicielles utilis\u00e9s pour faire fonctionner ce site acqui\u00e8rent, au cours de leur fonctionnement normal, certaines donn\u00e9es personnelles dont la transmission est implicite dans l&rsquo;utilisation des protocoles de communication Internet.<\/p>\n<p>Cette cat\u00e9gorie de donn\u00e9es comprend les adresses IP ou les noms de domaine des ordinateurs et des terminaux utilis\u00e9s par les utilisateurs, les adresses URI\/URL (Uniform Resource Identifier\/Locator) des ressources demand\u00e9es, l&rsquo;heure de la demande, la m\u00e9thode utilis\u00e9e pour soumettre la demande au serveur, la taille du fichier obtenu en r\u00e9ponse, le code num\u00e9rique indiquant l&rsquo;\u00e9tat de la r\u00e9ponse donn\u00e9e par le serveur (succ\u00e8s, erreur, etc.) et d&rsquo;autres param\u00e8tres relatifs au syst\u00e8me d&rsquo;exploitation et \u00e0 l&rsquo;environnement informatique de l&rsquo;utilisateur.<\/p>\n<p>Ces donn\u00e9es, n\u00e9cessaires \u00e0 l&rsquo;utilisation des services web, sont \u00e9galement trait\u00e9es dans le but de.. :<\/p>\n<p>&#8211; obtenir des informations statistiques sur l&rsquo;utilisation des services (pages les plus visit\u00e9es, nombre de visiteurs par tranche horaire ou par jour, zones g\u00e9ographiques d&rsquo;origine, etc \ud83d\ude09<\/p>\n<p>&#8211; v\u00e9rifier le bon fonctionnement des services offerts.<\/p>\n<p>Les donn\u00e9es de navigation ne sont pas conserv\u00e9es plus de sept jours (sauf en cas de n\u00e9cessit\u00e9 de constatation de crimes par l&rsquo;autorit\u00e9 judiciaire). Le traitement \u00e9ventuel et limit\u00e9 des donn\u00e9es \u00e0 caract\u00e8re personnel collect\u00e9es \u00e0 ces fins est n\u00e9cessaire \u00e0 la poursuite de l&rsquo;int\u00e9r\u00eat l\u00e9gitime du responsable du traitement (article 6, paragraphe 1, point f), du r\u00e8glement GDPR).<\/p>\n<p><strong><em><u>Donn\u00e9es fournies volontairement par l&rsquo;utilisateur<\/u><\/em><\/strong><\/p>\n<p>L&rsquo;envoi facultatif, explicite et volontaire de messages aux adresses du Titulaire du traitement, ainsi que l&rsquo;envoi des formulaires et le remplissage des formulaires de contact sur le Site, impliquent l&rsquo;acquisition de toutes les Donn\u00e9es Personnelles incluses dans les communications.<\/p>\n<p>Le traitement de ces donn\u00e9es \u00e0 caract\u00e8re personnel est n\u00e9cessaire pour pouvoir r\u00e9pondre aux demandes et aux messages via le formulaire de la personne concern\u00e9e. La base juridique est donc l&rsquo;ex\u00e9cution de tout contrat auquel la personne concern\u00e9e est partie ou l&rsquo;ex\u00e9cution de mesures pr\u00e9contractuelles adopt\u00e9es \u00e0 la demande de la personne concern\u00e9e (article 6, paragraphe 1, point b), du RGPD).<\/p>\n<p>Des informations sp\u00e9cifiques seront publi\u00e9es sur les pages du site pr\u00e9par\u00e9es pour la fourniture de certains services.<\/p>\n<p><strong><em><u>Donn\u00e9es anonymes ou agr\u00e9g\u00e9es <\/u><\/em><\/strong><\/p>\n<p>L&rsquo;anonymisation est un traitement qui a pour but d&#8217;emp\u00eacher l&rsquo;identification de la personne concern\u00e9e. Les donn\u00e9es rendues anonymes ne rel\u00e8vent pas de la l\u00e9gislation sur la protection des donn\u00e9es. Les donn\u00e9es agr\u00e9g\u00e9es peuvent d\u00e9river des donn\u00e9es personnelles fournies par l&rsquo;utilisateur mais ne sont pas consid\u00e9r\u00e9es comme des donn\u00e9es personnelles puisque, comme sp\u00e9cifi\u00e9, elles ne permettent pas directement ou indirectement l&rsquo;identification de la personne concern\u00e9e.<\/p>\n<p><strong>COOKIES<\/strong><\/p>\n<p>Pour plus d&rsquo;informations sur les cookies utilis\u00e9s par le site, veuillez vous r\u00e9f\u00e9rer \u00e0 la politique en mati\u00e8re de cookies.<\/p>\n<p><strong>POSSIBILIT\u00c9 DE CONF\u00c9RER DES DONN\u00c9ES<\/strong><\/p>\n<p>En dehors de ce qui a \u00e9t\u00e9 sp\u00e9cifi\u00e9 pour les donn\u00e9es de navigation, l&rsquo;utilisateur est libre de fournir ses donn\u00e9es personnelles. Toutefois, le fait de ne pas les fournir peut rendre impossible l&rsquo;obtention de ce qui a \u00e9t\u00e9 demand\u00e9.<\/p>\n<p><strong>M\u00c9THODES DE TRAITEMENT ET DE CONSERVATION DES DONN\u00c9ES<\/strong><\/p>\n<p>Les donn\u00e9es \u00e0 caract\u00e8re personnel sont trait\u00e9es, y compris \u00e0 l&rsquo;aide d&rsquo;outils automatis\u00e9s. Des mesures de s\u00e9curit\u00e9 sp\u00e9cifiques sont observ\u00e9es pour pr\u00e9venir la perte de donn\u00e9es, l&rsquo;utilisation ill\u00e9gale ou incorrecte et l&rsquo;acc\u00e8s non autoris\u00e9. Le responsable du traitement a adopt\u00e9 toutes les mesures de s\u00e9curit\u00e9 minimales requises par la loi et, en s&rsquo;inspirant des principales normes internationales, a \u00e9galement adopt\u00e9 des mesures de s\u00e9curit\u00e9 suppl\u00e9mentaires pour minimiser les risques li\u00e9s \u00e0 la confidentialit\u00e9, \u00e0 la disponibilit\u00e9 et \u00e0 l&rsquo;int\u00e9grit\u00e9 des donn\u00e9es \u00e0 caract\u00e8re personnel collect\u00e9es et trait\u00e9es.<\/p>\n<p>Le traitement des donn\u00e9es li\u00e9es aux services web n&rsquo;est effectu\u00e9 que par le personnel express\u00e9ment autoris\u00e9 par le responsable du traitement.<\/p>\n<p>Les donn\u00e9es personnelles collect\u00e9es seront conserv\u00e9es exclusivement pour la dur\u00e9e n\u00e9cessaire \u00e0 la r\u00e9alisation des objectifs individuels indiqu\u00e9s dans la pr\u00e9sente politique de confidentialit\u00e9 ou dans les informations r\u00e9capitulatives sp\u00e9cifiques affich\u00e9es sur les pages du site et pr\u00e9par\u00e9es pour des services particuliers.<\/p>\n<p><strong>LE PARTAGE, LA COMMUNICATION ET LA DIFFUSION DES DONN\u00c9ES<\/strong><\/p>\n<p>Les donn\u00e9es personnelles collect\u00e9es peuvent \u00eatre transf\u00e9r\u00e9es ou communiqu\u00e9es :<\/p>\n<ol>\n<li>a) aux soci\u00e9t\u00e9s du groupe du responsable du traitement afin de pouvoir r\u00e9pondre aux informations et demandes des personnes concern\u00e9es et d&rsquo;y donner suite ;<\/li>\n<li>b) au personnel express\u00e9ment autoris\u00e9 par le responsable du traitement \u00e0 traiter les donn\u00e9es personnelles n\u00e9cessaires \u00e0 l&rsquo;ex\u00e9cution d&rsquo;activit\u00e9s strictement li\u00e9es au service demand\u00e9, qui s&rsquo;est engag\u00e9 \u00e0 respecter la confidentialit\u00e9 ou qui est soumis \u00e0 une obligation l\u00e9gale de confidentialit\u00e9 ;<\/li>\n<li>c) aux fournisseurs tiers et autres soci\u00e9t\u00e9s qui exercent des activit\u00e9s de soutien pour la fourniture, la gestion du syst\u00e8me informatique et le fonctionnement du site, qui ont \u00e9t\u00e9 d\u00e9sign\u00e9s comme responsables du traitement des donn\u00e9es conform\u00e9ment \u00e0 l&rsquo;article 28 du RGPD et qui re\u00e7oivent des instructions op\u00e9rationnelles ad\u00e9quates \u00e0 cet \u00e9gard ;<\/li>\n<li>d) pour r\u00e9pondre aux demandes des autorit\u00e9s judiciaires ou de s\u00e9curit\u00e9 publique.<\/li>\n<\/ol>\n<p><strong>TRANSFERT DE DONN\u00c9ES \u00c0 CARACT\u00c8RE PERSONNEL VERS DES PAYS TIERS<\/strong><\/p>\n<p>Certaines des donn\u00e9es personnelles de l&rsquo;utilisateur peuvent \u00eatre transf\u00e9r\u00e9es \u00e0 des destinataires \u00e9tablis en dehors de l&rsquo;Espace \u00e9conomique europ\u00e9en. Dans ce cas, le responsable du traitement d\u00e9clare et garantit qu&rsquo;il se conformera aux dispositions des articles 44 et suivants. du GDPR.<\/p>\n<p><strong>INFORMATIONS COMPL\u00c9MENTAIRES SUR LE TRAITEMENT DES DONN\u00c9ES ET L&rsquo;EXERCICE DES DROITS <\/strong><\/p>\n<p>Pour obtenir de plus amples informations sur le traitement des donn\u00e9es personnelles ainsi que pour obtenir, dans les cas pr\u00e9vus par le GDPR, l&rsquo;acc\u00e8s \u00e0 leurs donn\u00e9es personnelles et la rectification ou l&rsquo;annulation de celles-ci ou la limitation du traitement qui les concerne ou pour s&rsquo;opposer au traitement (articles 15 et suivants du GDPR), toute personne concern\u00e9e peut contacter le responsable du traitement en envoyant un courrier \u00e9lectronique \u00e0 l&rsquo;adresse suivante i<a href=\"mailto:info@galileo.energy\">nfo@galileo.energy<\/a><\/p>\n<p>DROIT DE PLAINTE<\/p>\n<p>Les personnes concern\u00e9es qui estiment que le traitement de leurs donn\u00e9es personnelles effectu\u00e9 par le biais de ce site est en violation des dispositions du GDPR ont le droit d&rsquo;introduire une plainte aupr\u00e8s de l&rsquo;Autorit\u00e9 de protection des donn\u00e9es, comme le pr\u00e9voit l&rsquo;art. 77 du GDPR, ou d&rsquo;intenter une action en justice appropri\u00e9e (art. 79 du GDPR).<\/p>\n<p><strong>MODIFICATIONS DE CES POLITIQUES DE PROTECTION DE LA VIE PRIVEE<\/strong><\/p>\n<p>Le contr\u00f4leur des donn\u00e9es v\u00e9rifie p\u00e9riodiquement sa politique de confidentialit\u00e9 et de s\u00e9curit\u00e9 et, le cas \u00e9ch\u00e9ant, se r\u00e9serve le droit d&rsquo;en modifier ou d&rsquo;en mettre \u00e0 jour le contenu, notamment en raison de changements dans la l\u00e9gislation applicable, de changements organisationnels ou de changements dict\u00e9s par l&rsquo;\u00e9volution technologique. En cas de modification de la politique, la nouvelle version sera publi\u00e9e sur cette page du site. Par cons\u00e9quent, le responsable du traitement des donn\u00e9es invite les personnes concern\u00e9es \u00e0 consulter r\u00e9guli\u00e8rement cette page afin de se familiariser avec la version la plus r\u00e9cente et la plus \u00e0 jour de la politique de confidentialit\u00e9, de mani\u00e8re \u00e0 ce que les personnes concern\u00e9es soient toujours inform\u00e9es de mani\u00e8re ad\u00e9quate sur les donn\u00e9es collect\u00e9es et sur la mani\u00e8re dont elles sont utilis\u00e9es.<\/p>\n<\/p>\n<\/section> ","protected":false},"excerpt":{"rendered":"","protected":false},"author":1,"featured_media":0,"parent":0,"menu_order":0,"comment_status":"closed","ping_status":"closed","template":"","meta":{"_acf_changed":false,"footnotes":""},"acf":[],"yoast_head":"<!-- This site is optimized with the Yoast SEO plugin v23.0 - https:\/\/yoast.com\/wordpress\/plugins\/seo\/ -->\n<title>Politique de confidentialit\u00e9 | Galileo Green Energy<\/title>\n<meta name=\"description\" content=\"Pour consulter la politique de confidentialit\u00e9 de Galileo Green Energy, cliquez ici.\" \/>\n<meta name=\"robots\" content=\"index, follow, max-snippet:-1, max-image-preview:large, max-video-preview:-1\" \/>\n<link rel=\"canonical\" href=\"https:\/\/galileo.energy\/fr\/politique-de-confidentialite\/\" \/>\n<meta property=\"og:locale\" content=\"fr_FR\" \/>\n<meta property=\"og:type\" content=\"article\" \/>\n<meta property=\"og:title\" content=\"Politique de confidentialit\u00e9 | Galileo Green Energy\" \/>\n<meta property=\"og:description\" content=\"Pour consulter la politique de confidentialit\u00e9 de Galileo Green Energy, cliquez ici.\" \/>\n<meta property=\"og:url\" content=\"https:\/\/galileo.energy\/fr\/politique-de-confidentialite\/\" \/>\n<meta property=\"og:site_name\" content=\"Galileo Green Energy\" \/>\n<meta property=\"article:modified_time\" content=\"2025-04-11T12:48:04+00:00\" \/>\n<meta name=\"twitter:card\" content=\"summary_large_image\" \/>\n<script type=\"application\/ld+json\" class=\"yoast-schema-graph\">{\"@context\":\"https:\/\/schema.org\",\"@graph\":[{\"@type\":\"WebPage\",\"@id\":\"https:\/\/galileo.energy\/fr\/politique-de-confidentialite\/\",\"url\":\"https:\/\/galileo.energy\/fr\/politique-de-confidentialite\/\",\"name\":\"Politique de confidentialit\u00e9 | Galileo Green Energy\",\"isPartOf\":{\"@id\":\"https:\/\/galileo.energy\/fr\/#website\"},\"datePublished\":\"2022-05-18T13:21:24+00:00\",\"dateModified\":\"2025-04-11T12:48:04+00:00\",\"description\":\"Pour consulter la politique de confidentialit\u00e9 de Galileo Green Energy, cliquez ici.\",\"breadcrumb\":{\"@id\":\"https:\/\/galileo.energy\/fr\/politique-de-confidentialite\/#breadcrumb\"},\"inLanguage\":\"fr-FR\",\"potentialAction\":[{\"@type\":\"ReadAction\",\"target\":[\"https:\/\/galileo.energy\/fr\/politique-de-confidentialite\/\"]}]},{\"@type\":\"BreadcrumbList\",\"@id\":\"https:\/\/galileo.energy\/fr\/politique-de-confidentialite\/#breadcrumb\",\"itemListElement\":[{\"@type\":\"ListItem\",\"position\":1,\"name\":\"Home\",\"item\":\"https:\/\/galileo.energy\/fr\/\"},{\"@type\":\"ListItem\",\"position\":2,\"name\":\"Politique de confidentialit\u00e9\"}]},{\"@type\":\"WebSite\",\"@id\":\"https:\/\/galileo.energy\/fr\/#website\",\"url\":\"https:\/\/galileo.energy\/fr\/\",\"name\":\"Galileo Green Energy\",\"description\":\"\",\"publisher\":{\"@id\":\"https:\/\/galileo.energy\/fr\/#organization\"},\"potentialAction\":[{\"@type\":\"SearchAction\",\"target\":{\"@type\":\"EntryPoint\",\"urlTemplate\":\"https:\/\/galileo.energy\/fr\/?s={search_term_string}\"},\"query-input\":\"required name=search_term_string\"}],\"inLanguage\":\"fr-FR\"},{\"@type\":\"Organization\",\"@id\":\"https:\/\/galileo.energy\/fr\/#organization\",\"name\":\"Galileo\",\"url\":\"https:\/\/galileo.energy\/fr\/\",\"logo\":{\"@type\":\"ImageObject\",\"inLanguage\":\"fr-FR\",\"@id\":\"https:\/\/galileo.energy\/fr\/#\/schema\/logo\/image\/\",\"url\":\"https:\/\/galileo.energy\/wp-content\/uploads\/2022\/07\/Galileo-Branding.png\",\"contentUrl\":\"https:\/\/galileo.energy\/wp-content\/uploads\/2022\/07\/Galileo-Branding.png\",\"width\":885,\"height\":453,\"caption\":\"Galileo\"},\"image\":{\"@id\":\"https:\/\/galileo.energy\/fr\/#\/schema\/logo\/image\/\"}}]}<\/script>\n<!-- \/ Yoast SEO plugin. -->","yoast_head_json":{"title":"Politique de confidentialit\u00e9 | Galileo Green Energy","description":"Pour consulter la politique de confidentialit\u00e9 de Galileo Green Energy, cliquez ici.","robots":{"index":"index","follow":"follow","max-snippet":"max-snippet:-1","max-image-preview":"max-image-preview:large","max-video-preview":"max-video-preview:-1"},"canonical":"https:\/\/galileo.energy\/fr\/politique-de-confidentialite\/","og_locale":"fr_FR","og_type":"article","og_title":"Politique de confidentialit\u00e9 | Galileo Green Energy","og_description":"Pour consulter la politique de confidentialit\u00e9 de Galileo Green Energy, cliquez ici.","og_url":"https:\/\/galileo.energy\/fr\/politique-de-confidentialite\/","og_site_name":"Galileo Green Energy","article_modified_time":"2025-04-11T12:48:04+00:00","twitter_card":"summary_large_image","schema":{"@context":"https:\/\/schema.org","@graph":[{"@type":"WebPage","@id":"https:\/\/galileo.energy\/fr\/politique-de-confidentialite\/","url":"https:\/\/galileo.energy\/fr\/politique-de-confidentialite\/","name":"Politique de confidentialit\u00e9 | Galileo Green Energy","isPartOf":{"@id":"https:\/\/galileo.energy\/fr\/#website"},"datePublished":"2022-05-18T13:21:24+00:00","dateModified":"2025-04-11T12:48:04+00:00","description":"Pour consulter la politique de confidentialit\u00e9 de Galileo Green Energy, cliquez ici.","breadcrumb":{"@id":"https:\/\/galileo.energy\/fr\/politique-de-confidentialite\/#breadcrumb"},"inLanguage":"fr-FR","potentialAction":[{"@type":"ReadAction","target":["https:\/\/galileo.energy\/fr\/politique-de-confidentialite\/"]}]},{"@type":"BreadcrumbList","@id":"https:\/\/galileo.energy\/fr\/politique-de-confidentialite\/#breadcrumb","itemListElement":[{"@type":"ListItem","position":1,"name":"Home","item":"https:\/\/galileo.energy\/fr\/"},{"@type":"ListItem","position":2,"name":"Politique de confidentialit\u00e9"}]},{"@type":"WebSite","@id":"https:\/\/galileo.energy\/fr\/#website","url":"https:\/\/galileo.energy\/fr\/","name":"Galileo Green Energy","description":"","publisher":{"@id":"https:\/\/galileo.energy\/fr\/#organization"},"potentialAction":[{"@type":"SearchAction","target":{"@type":"EntryPoint","urlTemplate":"https:\/\/galileo.energy\/fr\/?s={search_term_string}"},"query-input":"required name=search_term_string"}],"inLanguage":"fr-FR"},{"@type":"Organization","@id":"https:\/\/galileo.energy\/fr\/#organization","name":"Galileo","url":"https:\/\/galileo.energy\/fr\/","logo":{"@type":"ImageObject","inLanguage":"fr-FR","@id":"https:\/\/galileo.energy\/fr\/#\/schema\/logo\/image\/","url":"https:\/\/galileo.energy\/wp-content\/uploads\/2022\/07\/Galileo-Branding.png","contentUrl":"https:\/\/galileo.energy\/wp-content\/uploads\/2022\/07\/Galileo-Branding.png","width":885,"height":453,"caption":"Galileo"},"image":{"@id":"https:\/\/galileo.energy\/fr\/#\/schema\/logo\/image\/"}}]}},"_links":{"self":[{"href":"https:\/\/galileo.energy\/fr\/wp-json\/wp\/v2\/pages\/1967"}],"collection":[{"href":"https:\/\/galileo.energy\/fr\/wp-json\/wp\/v2\/pages"}],"about":[{"href":"https:\/\/galileo.energy\/fr\/wp-json\/wp\/v2\/types\/page"}],"author":[{"embeddable":true,"href":"https:\/\/galileo.energy\/fr\/wp-json\/wp\/v2\/users\/1"}],"replies":[{"embeddable":true,"href":"https:\/\/galileo.energy\/fr\/wp-json\/wp\/v2\/comments?post=1967"}],"version-history":[{"count":2,"href":"https:\/\/galileo.energy\/fr\/wp-json\/wp\/v2\/pages\/1967\/revisions"}],"predecessor-version":[{"id":4618,"href":"https:\/\/galileo.energy\/fr\/wp-json\/wp\/v2\/pages\/1967\/revisions\/4618"}],"wp:attachment":[{"href":"https:\/\/galileo.energy\/fr\/wp-json\/wp\/v2\/media?parent=1967"}],"curies":[{"name":"wp","href":"https:\/\/api.w.org\/{rel}","templated":true}]}}