{"id":1958,"date":"2022-06-13T11:01:23","date_gmt":"2022-06-13T09:01:23","guid":{"rendered":"https:\/\/galileo.energy\/qui-sommes-nous\/"},"modified":"2025-07-10T11:46:10","modified_gmt":"2025-07-10T09:46:10","slug":"qui-sommes-nous","status":"publish","type":"page","link":"https:\/\/galileo.energy\/fr\/qui-sommes-nous\/","title":{"rendered":"A propos de nous"},"content":{"rendered":"\n<style>\n    .img-hero-slider-induvidual-copy {\n        width: 1020px;\n    }\n<\/style>\n<section class=\"img-hero\">\n    <div class=\"img-hero-slider\">\n        <div class=\"img-hero-slider-induvidual lazyload\"\n             style=\"background-image:inherit;\" data-bg-image=\"linear-gradient(90deg, rgba(55,58,54,0.3) 0%, rgba(55,58,54,0.3) 0%), url(https:\/\/galileo.energy\/wp-content\/uploads\/2022\/06\/Image-1.png)\">\n            <div class=\"img-hero-slider-induvidual-copy text-center\">\n                <p class=\"caption text-yellow text-center\"><\/p>\n                <h1>\u00c9nergiser les communaut\u00e9s, alimenter le monde en \u00e9nergie.<\/h1>\n                <p class=\"text-white text-center\"><\/p>\n                            <\/div>\n        <\/div>\n    <\/div>\n<\/section>\n\n\n<section\n        class=\"copy \"\n        style=\"background-color:#9B5FA3; \">\n    <div class=\"copy-inner\">\n                    <h6 class=\"caption\" style=\"margin-top:0;\">NOTRE PROPOSITION DE VALEUR<\/h6>            <h3 class=\"text-white\">Nos connaissances locales approfondies, notre exp\u00e9rience du march\u00e9 de l&rsquo;\u00e9nergie et nos investissements pr\u00eats \u00e0 l&#8217;emploi cr\u00e9ent une valeur partag\u00e9e et durable.  <\/h3>\n                        <\/div>\n<\/section>\n\n\n<section class=\"text-col  spacer-bottom \">\n    <div class=\"text-col-left\">\n        <h2>Nous faisons ce que nous pouvons pour changer le monde<\/h2>\n    <\/div>\n    <div class=\"text-col-right\">\n        <p>Nous d\u00e9veloppons des projets d&rsquo;\u00e9nergie verte qui alimentent les communaut\u00e9s et les industries. En apportant une contribution significative \u00e0 la transition vers les \u00e9nergies renouvelables dans toute l&rsquo;Europe, nous renfor\u00e7ons la comp\u00e9titivit\u00e9 de l&rsquo;\u00e9conomie europ\u00e9enne fond\u00e9e sur l&rsquo;\u00e9nergie et pr\u00e9servons l&rsquo;environnement. Toutes nos activit\u00e9s sont encadr\u00e9es par une \u00e9thique rigoureuse et les meilleures pratiques en mati\u00e8re de principes environnementaux, sociaux et de gouvernance. Nous agissons de mani\u00e8re transparente avec toutes nos parties prenantes et attendons la m\u00eame chose en retour.  Galileo a \u00e9t\u00e9 fond\u00e9 en 2020 lorsque Ingmar Wilhelm et HRL Morrison &#038; Co. ont uni leurs forces pour cr\u00e9er une nouvelle plateforme d&rsquo;\u00e9nergies renouvelables. Avant le lancement, notre \u00e9quipe de direction avait d\u00e9j\u00e0 fait ses preuves en d\u00e9veloppant des entreprises d&rsquo;\u00e9nergie renouvelable tr\u00e8s prosp\u00e8res, des pipelines de diverses technologies d&rsquo;\u00e9nergie renouvelable et des solutions d&rsquo;exploitation dans le monde entier. Aujourd&rsquo;hui, gr\u00e2ce au soutien d&rsquo;investisseurs transparents, professionnels et \u00e0 long terme, nous nous d\u00e9veloppons \u00e0 un rythme soutenu en tant que d\u00e9veloppeur, propri\u00e9taire et exploitant d&rsquo;\u00e9nergies renouvelables paneurop\u00e9en et multi-technologique.<\/p>\n    <\/div>\n<\/section>\n\n\n<style>\n    .col-dark {\n        color: #ffffff;\n        padding: 50px 0;\n    }\n    .col-dark h3,\n    .col-dark h5,\n    .col-dark p {\n        color: #ffffff;\n    }\n<\/style>\n\n<section\n        style=\"background-color:#FFFFFF !important;\"\n        class=\"spacer-bottom \">\n    <div class=\"col-top\">\n        <h6 class=\"caption\"><\/h6>\n        <h3>Nos investisseurs sur le long terme <\/h3>\n    <\/div>\n    <div class=\"col-bottom\" style=\"margin:0 50px;\">\n                    <div class=\"col-bottom-induvidual\" style=\"text-align:left;\">\n                <img decoding=\"async\" data-src=\"https:\/\/galileo.energy\/wp-content\/uploads\/2025\/04\/Logo_Infratil_Hor_CMYK_2025-7.png\"\n                     alt=\"Infratil\" style=\"--smush-placeholder-width: 185px; --smush-placeholder-aspect-ratio: 185\/68;max-width:unset;\" src=\"data:image\/gif;base64,R0lGODlhAQABAAAAACH5BAEKAAEALAAAAAABAAEAAAICTAEAOw==\" class=\"lazyload\"><noscript><img decoding=\"async\" src=\"https:\/\/galileo.energy\/wp-content\/uploads\/2025\/04\/Logo_Infratil_Hor_CMYK_2025-7.png\"\n                     alt=\"Infratil\" style=\"max-width:unset;\"><\/noscript>\n                <h5 style=\"font-size:18px;margin-bottom:0;\">Infratil<\/h5>\n                <p style=\"font-size:16px;line-height: 26px;\">Infratil est une soci\u00e9t\u00e9 d\u2019investissement dans les infrastructures, sp\u00e9cialis\u00e9e dans les actifs des secteurs des \u00e9nergies renouvelables, du num\u00e9rique, de la sant\u00e9 et des a\u00e9roports. Elle est cot\u00e9e aux Bourses de Nouvelle-Z\u00e9lande et d\u2019Australie (IFT.NZX, IFZ.ASX).<\/p>\n            <\/div>\n                    <div class=\"col-bottom-induvidual\" style=\"text-align:left;\">\n                <img decoding=\"async\" data-src=\"https:\/\/galileo.energy\/wp-content\/uploads\/2024\/07\/csc-logo.png\"\n                     alt=\"Commonwealth Superannuation Corporation (CSC)\" style=\"--smush-placeholder-width: 188px; --smush-placeholder-aspect-ratio: 188\/68;max-width:unset;\" src=\"data:image\/gif;base64,R0lGODlhAQABAAAAACH5BAEKAAEALAAAAAABAAEAAAICTAEAOw==\" class=\"lazyload\"><noscript><img decoding=\"async\" src=\"https:\/\/galileo.energy\/wp-content\/uploads\/2024\/07\/csc-logo.png\"\n                     alt=\"Commonwealth Superannuation Corporation (CSC)\" style=\"max-width:unset;\"><\/noscript>\n                <h5 style=\"font-size:18px;margin-bottom:0;\">Commonwealth Superannuation Corporation (CSC)<\/h5>\n                <p style=\"font-size:16px;line-height: 26px;\">CSC g\u00e8re les fonds de pension sp\u00e9cifiquement destin\u00e9s aux employ\u00e9s du gouvernement australien et des forces de d\u00e9fense. CSC dispose de plus de 70 md AUD (d\u00e9cembre 2024) investis dans des actifs publics et priv\u00e9s de haute qualit\u00e9, y compris des parcs \u00e9oliens et des initiatives en mati\u00e8re d&rsquo;\u00e9nergie renouvelable qui contribuent \u00e0 l&rsquo;approvisionnement net en nouveaux actifs de transition \u00e9nerg\u00e9tique.<\/p>\n            <\/div>\n                    <div class=\"col-bottom-induvidual\" style=\"text-align:left;\">\n                <img decoding=\"async\" data-src=\"https:\/\/galileo.energy\/wp-content\/uploads\/2024\/07\/nzsuperfund-logo.png\"\n                     alt=\"New Zealand Super fund\" style=\"--smush-placeholder-width: 179px; --smush-placeholder-aspect-ratio: 179\/68;max-width:unset;\" src=\"data:image\/gif;base64,R0lGODlhAQABAAAAACH5BAEKAAEALAAAAAABAAEAAAICTAEAOw==\" class=\"lazyload\"><noscript><img decoding=\"async\" src=\"https:\/\/galileo.energy\/wp-content\/uploads\/2024\/07\/nzsuperfund-logo.png\"\n                     alt=\"New Zealand Super fund\" style=\"max-width:unset;\"><\/noscript>\n                <h5 style=\"font-size:18px;margin-bottom:0;\">New Zealand Super fund<\/h5>\n                <p style=\"font-size:16px;line-height: 26px;\">Le New Zealand Super Fund est un fonds souverain de 80,3 md NZD (d\u00e9cembre 2024) \u00e9tabli par le gouvernement n\u00e9o-z\u00e9landais pour pr\u00e9financer partiellement le co\u00fbt futur des paiements de pension universels. Le fonds est g\u00e9r\u00e9 par les Guardians of New Zealand Superannuation, une entit\u00e9 d&rsquo;\u00c9tat.<\/p>\n            <\/div>\n                    <div class=\"col-bottom-induvidual\" style=\"text-align:left;\">\n                <img decoding=\"async\" data-src=\"https:\/\/galileo.energy\/wp-content\/uploads\/2024\/07\/morrison-logo.png\"\n                     alt=\"Morrison &#038; Co Growth Infrastructure Fund (MGIFER)\" style=\"--smush-placeholder-width: 192px; --smush-placeholder-aspect-ratio: 192\/68;max-width:unset;\" src=\"data:image\/gif;base64,R0lGODlhAQABAAAAACH5BAEKAAEALAAAAAABAAEAAAICTAEAOw==\" class=\"lazyload\"><noscript><img decoding=\"async\" src=\"https:\/\/galileo.energy\/wp-content\/uploads\/2024\/07\/morrison-logo.png\"\n                     alt=\"Morrison &#038; Co Growth Infrastructure Fund (MGIFER)\" style=\"max-width:unset;\"><\/noscript>\n                <h5 style=\"font-size:18px;margin-bottom:0;\">Morrison &#038; Co Growth Infrastructure Fund (MGIFER)<\/h5>\n                <p style=\"font-size:16px;line-height: 26px;\">MGIFER est g\u00e9r\u00e9 par Morrison, un gestionnaire d&rsquo;infrastructures mondial de premier plan, avec plus de 28 md USD (mars 2025) d&rsquo;actifs sous gestion. Morrison est une soci\u00e9t\u00e9 d&rsquo;investissement priv\u00e9e fond\u00e9e en 1988 en tant que gestionnaire d&rsquo;investissements alternatifs sp\u00e9cialis\u00e9, et investit dans les infrastructures depuis plus de trois d\u00e9cennies. La strat\u00e9gie de gestion des investissements est ax\u00e9e sur des \u00ab\u00a0id\u00e9es qui comptent\u00a0\u00bb, avec une approche sectorielle diversifi\u00e9e bas\u00e9e sur de fortes tendances s\u00e9culaires qui fa\u00e7onnent les futurs services essentiels et les besoins soci\u00e9taux.<\/p>\n            <\/div>\n            <\/div>\n<\/section> \n\n\n<style>\n    .text-img-right a {\n        color: #939393;\n        text-decoration: underline;\n    }\n<\/style>\n\n<section class=\"d-none text-img \">\n    <div class=\"text-img-left lazyload\" style=\"background-image:inherit;\" data-bg-image=\"url(https:\/\/galileo.energy\/wp-content\/uploads\/2022\/06\/Logo-Ingmar-for-Launch-scaled.jpg)\">\n    <\/div>\n    <div class=\"text-img-right\" >\n        <p><p>Galileo a \u00e9t\u00e9 fond\u00e9 en 2020 lorsque Ingmar Wilhelm et HRL Morrison &amp; Co. ont uni leurs forces pour cr\u00e9er une nouvelle plateforme d&rsquo;\u00e9nergies renouvelables. Avant le lancement, notre \u00e9quipe de direction avait d\u00e9j\u00e0 fait ses preuves en d\u00e9veloppant des entreprises d&rsquo;\u00e9nergie renouvelable tr\u00e8s prosp\u00e8res, des pipelines de diverses technologies d&rsquo;\u00e9nergie renouvelable et des solutions d&rsquo;exploitation dans le monde entier. Aujourd&rsquo;hui, gr\u00e2ce au soutien d&rsquo;investisseurs transparents, professionnels et \u00e0 long terme, nous nous d\u00e9veloppons \u00e0 un rythme soutenu en tant que d\u00e9veloppeur, propri\u00e9taire et exploitant d&rsquo;\u00e9nergies renouvelables paneurop\u00e9en et multi-technologique.<\/p>\n<p>Nos investisseurs \u00e0 long terme :<\/p>\n<ul>\n<li>Infratil Limited<\/li>\n<li>Commonwealth Superannuation Corporation<\/li>\n<li>New Zealand Super Fund<\/li>\n<li>Morrison &amp; Co Growth Infrastructure Fund<\/li>\n<\/ul>\n<\/p>\n        <p> <br><\/p>\n        <ul>\n                    <\/ul>\n    <\/div>\n<\/section>\n\n \n\n\n\n\n\n<style>\n\n    .title-img {\n        strong {\n            font-size: inherit;\n            line-height: inherit;\n        }\n    }\n\n    .one-column {\n        flex-direction: column;\n        justify-content: center;\n        padding: 50px calc((60vw - 550px));\n        background: #EFEFEF;\n        margin: 50px 0;\n    }\n\n    .one-column p {\n        margin-bottom: 30px;\n        text-align: center;\n    }\n\n    @media only screen and (max-width: 640px) {\n        .title-img .btn-group {\n            flex-direction: column;\n        }\n        .title-img .btn-group a {\n            width: 100%!important;\n        }\n    }\n<\/style>\n\n<section class=\"title-img\">\n                        <div class=\"world-top\" style=\"background-color:#45babd !important;\">\n                <div class=\"world-top-inner\" style=\"color: #ffffff; font-size: 19px;\">\n                    <h6 class=\"caption text-black\">NOS MARCH\u00c9S<\/h6>\n                                        <p class=\"text-white\"><h3 style=\"color: #ffffff; mrgin-bottom: 5px;\">Une pr\u00e9sence paneurop\u00e9enne<\/h3>\n<p>Nous d\u00e9veloppons activement des projets d&rsquo;\u00e9nergie renouvelable \u00e0 grande \u00e9chelle dans plusieurs pays europ\u00e9ens, dont l&rsquo;Allemagne, l&rsquo;Espagne, la Finlande, la France, l&rsquo;Irlande, l&rsquo;Italie, la Norv\u00e8ge, la Pologne, le Royaume-Uni et la Su\u00e8de. Notre empreinte g\u00e9ographique continue de s&rsquo;\u00e9tendre gr\u00e2ce \u00e0 l&rsquo;extension de nos \u00e9quipes de d\u00e9veloppement sur le terrain et \u00e0 des partenariats de d\u00e9veloppement \u00e0 long terme.<\/p>\n<\/p>\n                <\/div>\n            <\/div>\n            <div class=\"text-img one-column\" style=\"margin-top: 0;\">\n                <img decoding=\"async\" style=\"--smush-placeholder-width: 1912px; --smush-placeholder-aspect-ratio: 1912\/1728;max-width: 100%;padding: 20px\" data-src=\"https:\/\/galileo.energy\/wp-content\/uploads\/2025\/01\/Galileo_Our-Presence-in-Europe_Map_January-2025.png\" alt=\"NOS MARCH\u00c9S\" src=\"data:image\/gif;base64,R0lGODlhAQABAAAAACH5BAEKAAEALAAAAAABAAEAAAICTAEAOw==\" class=\"lazyload\" \/><noscript><img decoding=\"async\" style=\"max-width: 100%;padding: 20px\" src=\"https:\/\/galileo.energy\/wp-content\/uploads\/2025\/01\/Galileo_Our-Presence-in-Europe_Map_January-2025.png\" alt=\"NOS MARCH\u00c9S\"\/><\/noscript>\n            <\/div>\n            <\/section>\n\n \n \n\n\n\n\n\n<div style=\"height:50px\" aria-hidden=\"true\" class=\"wp-block-spacer\"><\/div>\n\n\n\n<style>\n    .col-dark {\n        color: #ffffff;\n        padding: 50px 0;\n    }\n    .col-dark h3,\n    .col-dark h5,\n    .col-dark p {\n        color: #ffffff;\n    }\n<\/style>\n\n<section\n        style=\"background-color:#FFFFFF !important;\"\n        class=\"spacer-bottom \">\n    <div class=\"col-top\">\n        <h6 class=\"caption\">NOS VALEURS<\/h6>\n        <h3>Nous nous effor\u00e7ons d&rsquo;\u00eatre :<\/h3>\n    <\/div>\n    <div class=\"col-bottom\">\n                    <div class=\"col-bottom-induvidual\">\n                <img decoding=\"async\" data-src=\"https:\/\/galileo.energy\/wp-content\/uploads\/2022\/06\/Group-3.svg\"\n                     alt=\"Entrepreneur \" src=\"data:image\/gif;base64,R0lGODlhAQABAAAAACH5BAEKAAEALAAAAAABAAEAAAICTAEAOw==\" class=\"lazyload\"><noscript><img decoding=\"async\" src=\"https:\/\/galileo.energy\/wp-content\/uploads\/2022\/06\/Group-3.svg\"\n                     alt=\"Entrepreneur \"><\/noscript>\n                <h5>Entrepreneur <\/h5>\n                <p>Essayer de nouvelles id\u00e9es et prendre des responsabilit\u00e9s<\/p>\n            <\/div>\n                    <div class=\"col-bottom-induvidual\">\n                <img decoding=\"async\" data-src=\"https:\/\/galileo.energy\/wp-content\/uploads\/2022\/06\/Group-14.svg\"\n                     alt=\"Agile\" src=\"data:image\/gif;base64,R0lGODlhAQABAAAAACH5BAEKAAEALAAAAAABAAEAAAICTAEAOw==\" class=\"lazyload\"><noscript><img decoding=\"async\" src=\"https:\/\/galileo.energy\/wp-content\/uploads\/2022\/06\/Group-14.svg\"\n                     alt=\"Agile\"><\/noscript>\n                <h5>Agile<\/h5>\n                <p>S&rsquo;adapter rapidement \u00e0 partir d&rsquo;une base stable<\/p>\n            <\/div>\n                    <div class=\"col-bottom-induvidual\">\n                <img decoding=\"async\" data-src=\"https:\/\/galileo.energy\/wp-content\/uploads\/2022\/06\/Group-10.svg\"\n                     alt=\"Collaboratif\" src=\"data:image\/gif;base64,R0lGODlhAQABAAAAACH5BAEKAAEALAAAAAABAAEAAAICTAEAOw==\" class=\"lazyload\"><noscript><img decoding=\"async\" src=\"https:\/\/galileo.energy\/wp-content\/uploads\/2022\/06\/Group-10.svg\"\n                     alt=\"Collaboratif\"><\/noscript>\n                <h5>Collaboratif<\/h5>\n                <p>Travailler ensemble avec empathie et compromis<\/p>\n            <\/div>\n                    <div class=\"col-bottom-induvidual\">\n                <img decoding=\"async\" data-src=\"https:\/\/galileo.energy\/wp-content\/uploads\/2022\/06\/Group-9-1.svg\"\n                     alt=\"Responsable\" src=\"data:image\/gif;base64,R0lGODlhAQABAAAAACH5BAEKAAEALAAAAAABAAEAAAICTAEAOw==\" class=\"lazyload\"><noscript><img decoding=\"async\" src=\"https:\/\/galileo.energy\/wp-content\/uploads\/2022\/06\/Group-9-1.svg\"\n                     alt=\"Responsable\"><\/noscript>\n                <h5>Responsable<\/h5>\n                <p>Permettre aux bonnes personnes de prendre la bonne d\u00e9cision<\/p>\n            <\/div>\n                    <div class=\"col-bottom-induvidual\">\n                <img decoding=\"async\" data-src=\"https:\/\/galileo.energy\/wp-content\/uploads\/2022\/06\/Group-10-1.svg\"\n                     alt=\"Transparent\" src=\"data:image\/gif;base64,R0lGODlhAQABAAAAACH5BAEKAAEALAAAAAABAAEAAAICTAEAOw==\" class=\"lazyload\"><noscript><img decoding=\"async\" src=\"https:\/\/galileo.energy\/wp-content\/uploads\/2022\/06\/Group-10-1.svg\"\n                     alt=\"Transparent\"><\/noscript>\n                <h5>Transparent<\/h5>\n                <p>Avec nos coll\u00e8gues, partenaires et parties prenantes<\/p>\n            <\/div>\n            <\/div>\n<\/section> \n\n\n<div style=\"height:50px\" aria-hidden=\"true\" class=\"wp-block-spacer\"><\/div>\n\n\n\n<section class=\"col-overlay \">\n        <div class=\"col-overlay-induvidual lazyload\" style=\"background-image:inherit;\" data-bg-image=\"url(https:\/\/galileo.energy\/wp-content\/uploads\/2022\/06\/gonz-ddl-a1Lm99Kkqtg-unsplash-2.png)\">\n        <div class=\"col-overlay-induvidual-overlay\">\n            <div class=\"col-overlay-induvidual-overlay-inner text-white\">\n                <h3 class=\"fs-61 text-white\">Ce que nous faisons<\/h3>\n                <div class=\"col-overlay-induvidual-overlay-inner-hide text-white\">\n                    <p><\/p>\n                    <a href=\"https:\/\/galileo.energy\/what-we-do\/\" class=\"btn-second\">EN SAVOIR PLUS<\/a>\n                <\/div>\n            <\/div>\n        <\/div>\n    <\/div>\n        <div class=\"col-overlay-induvidual lazyload\" style=\"background-image:inherit;\" data-bg-image=\"url(https:\/\/galileo.energy\/wp-content\/uploads\/2022\/07\/Handshake-scaled.jpg)\">\n        <div class=\"col-overlay-induvidual-overlay\">\n            <div class=\"col-overlay-induvidual-overlay-inner text-white\">\n                <h3 class=\"fs-61 text-white\">Partenaires<\/h3>\n                <div class=\"col-overlay-induvidual-overlay-inner-hide text-white\">\n                    <p><\/p>\n                    <a href=\"https:\/\/galileo.energy\/partners\/\" class=\"btn-second\">EN SAVOIR PLUS<\/a>\n                <\/div>\n            <\/div>\n        <\/div>\n    <\/div>\n    <\/section> \n\n\n<section class=\"cta \">\n    <div class=\"cta-inner\">\n        <div class=\"cta-inner-left\">\n            <h1>\u00c9nergiser les communaut\u00e9s, alimenter le monde en \u00e9nergie.<\/h1>\n        <\/div>\n        <div class=\"cta-inner-right\"> \n            <p class=\"text-white\"><\/p>\n        <\/div>\n        <a href=\"https:\/\/galileo.energy\/contact\/\" class=\"btn-first\">CONTACT<\/a>\n    <\/div>\n<\/section> ","protected":false},"excerpt":{"rendered":"","protected":false},"author":1,"featured_media":0,"parent":0,"menu_order":0,"comment_status":"closed","ping_status":"closed","template":"","meta":{"_acf_changed":false,"footnotes":""},"acf":[],"yoast_head":"<!-- This site is optimized with the Yoast SEO plugin v23.0 - https:\/\/yoast.com\/wordpress\/plugins\/seo\/ -->\n<title>A propos de nous | Galileo Green Energy<\/title>\n<meta name=\"description\" content=\"Galileo Green Energy est un d\u00e9veloppeur, un propri\u00e9taire et un exploitant paneurop\u00e9en d&#039;\u00e9nergies renouvelables \u00e0 technologies multiples. Pour en savoir plus sur nos projets, cliquez ici.\" \/>\n<meta name=\"robots\" content=\"index, follow, max-snippet:-1, max-image-preview:large, max-video-preview:-1\" \/>\n<link rel=\"canonical\" href=\"https:\/\/galileo.energy\/fr\/qui-sommes-nous\/\" \/>\n<meta property=\"og:locale\" content=\"fr_FR\" \/>\n<meta property=\"og:type\" content=\"article\" \/>\n<meta property=\"og:title\" content=\"A propos de nous | Galileo Green Energy\" \/>\n<meta property=\"og:description\" content=\"Galileo Green Energy est un d\u00e9veloppeur, un propri\u00e9taire et un exploitant paneurop\u00e9en d&#039;\u00e9nergies renouvelables \u00e0 technologies multiples. Pour en savoir plus sur nos projets, cliquez ici.\" \/>\n<meta property=\"og:url\" content=\"https:\/\/galileo.energy\/fr\/qui-sommes-nous\/\" \/>\n<meta property=\"og:site_name\" content=\"Galileo Green Energy\" \/>\n<meta property=\"article:modified_time\" content=\"2025-07-10T09:46:10+00:00\" \/>\n<meta name=\"twitter:card\" content=\"summary_large_image\" \/>\n<script type=\"application\/ld+json\" class=\"yoast-schema-graph\">{\"@context\":\"https:\/\/schema.org\",\"@graph\":[{\"@type\":\"WebPage\",\"@id\":\"https:\/\/galileo.energy\/fr\/qui-sommes-nous\/\",\"url\":\"https:\/\/galileo.energy\/fr\/qui-sommes-nous\/\",\"name\":\"A propos de nous | Galileo Green Energy\",\"isPartOf\":{\"@id\":\"https:\/\/galileo.energy\/fr\/#website\"},\"datePublished\":\"2022-06-13T09:01:23+00:00\",\"dateModified\":\"2025-07-10T09:46:10+00:00\",\"description\":\"Galileo Green Energy est un d\u00e9veloppeur, un propri\u00e9taire et un exploitant paneurop\u00e9en d'\u00e9nergies renouvelables \u00e0 technologies multiples. Pour en savoir plus sur nos projets, cliquez ici.\",\"breadcrumb\":{\"@id\":\"https:\/\/galileo.energy\/fr\/qui-sommes-nous\/#breadcrumb\"},\"inLanguage\":\"fr-FR\",\"potentialAction\":[{\"@type\":\"ReadAction\",\"target\":[\"https:\/\/galileo.energy\/fr\/qui-sommes-nous\/\"]}]},{\"@type\":\"BreadcrumbList\",\"@id\":\"https:\/\/galileo.energy\/fr\/qui-sommes-nous\/#breadcrumb\",\"itemListElement\":[{\"@type\":\"ListItem\",\"position\":1,\"name\":\"Home\",\"item\":\"https:\/\/galileo.energy\/fr\/\"},{\"@type\":\"ListItem\",\"position\":2,\"name\":\"A propos de nous\"}]},{\"@type\":\"WebSite\",\"@id\":\"https:\/\/galileo.energy\/fr\/#website\",\"url\":\"https:\/\/galileo.energy\/fr\/\",\"name\":\"Galileo Green Energy\",\"description\":\"\",\"publisher\":{\"@id\":\"https:\/\/galileo.energy\/fr\/#organization\"},\"potentialAction\":[{\"@type\":\"SearchAction\",\"target\":{\"@type\":\"EntryPoint\",\"urlTemplate\":\"https:\/\/galileo.energy\/fr\/?s={search_term_string}\"},\"query-input\":\"required name=search_term_string\"}],\"inLanguage\":\"fr-FR\"},{\"@type\":\"Organization\",\"@id\":\"https:\/\/galileo.energy\/fr\/#organization\",\"name\":\"Galileo\",\"url\":\"https:\/\/galileo.energy\/fr\/\",\"logo\":{\"@type\":\"ImageObject\",\"inLanguage\":\"fr-FR\",\"@id\":\"https:\/\/galileo.energy\/fr\/#\/schema\/logo\/image\/\",\"url\":\"https:\/\/galileo.energy\/wp-content\/uploads\/2022\/07\/Galileo-Branding.png\",\"contentUrl\":\"https:\/\/galileo.energy\/wp-content\/uploads\/2022\/07\/Galileo-Branding.png\",\"width\":885,\"height\":453,\"caption\":\"Galileo\"},\"image\":{\"@id\":\"https:\/\/galileo.energy\/fr\/#\/schema\/logo\/image\/\"}}]}<\/script>\n<!-- \/ Yoast SEO plugin. -->","yoast_head_json":{"title":"A propos de nous | Galileo Green Energy","description":"Galileo Green Energy est un d\u00e9veloppeur, un propri\u00e9taire et un exploitant paneurop\u00e9en d'\u00e9nergies renouvelables \u00e0 technologies multiples. Pour en savoir plus sur nos projets, cliquez ici.","robots":{"index":"index","follow":"follow","max-snippet":"max-snippet:-1","max-image-preview":"max-image-preview:large","max-video-preview":"max-video-preview:-1"},"canonical":"https:\/\/galileo.energy\/fr\/qui-sommes-nous\/","og_locale":"fr_FR","og_type":"article","og_title":"A propos de nous | Galileo Green Energy","og_description":"Galileo Green Energy est un d\u00e9veloppeur, un propri\u00e9taire et un exploitant paneurop\u00e9en d'\u00e9nergies renouvelables \u00e0 technologies multiples. Pour en savoir plus sur nos projets, cliquez ici.","og_url":"https:\/\/galileo.energy\/fr\/qui-sommes-nous\/","og_site_name":"Galileo Green Energy","article_modified_time":"2025-07-10T09:46:10+00:00","twitter_card":"summary_large_image","schema":{"@context":"https:\/\/schema.org","@graph":[{"@type":"WebPage","@id":"https:\/\/galileo.energy\/fr\/qui-sommes-nous\/","url":"https:\/\/galileo.energy\/fr\/qui-sommes-nous\/","name":"A propos de nous | Galileo Green Energy","isPartOf":{"@id":"https:\/\/galileo.energy\/fr\/#website"},"datePublished":"2022-06-13T09:01:23+00:00","dateModified":"2025-07-10T09:46:10+00:00","description":"Galileo Green Energy est un d\u00e9veloppeur, un propri\u00e9taire et un exploitant paneurop\u00e9en d'\u00e9nergies renouvelables \u00e0 technologies multiples. Pour en savoir plus sur nos projets, cliquez ici.","breadcrumb":{"@id":"https:\/\/galileo.energy\/fr\/qui-sommes-nous\/#breadcrumb"},"inLanguage":"fr-FR","potentialAction":[{"@type":"ReadAction","target":["https:\/\/galileo.energy\/fr\/qui-sommes-nous\/"]}]},{"@type":"BreadcrumbList","@id":"https:\/\/galileo.energy\/fr\/qui-sommes-nous\/#breadcrumb","itemListElement":[{"@type":"ListItem","position":1,"name":"Home","item":"https:\/\/galileo.energy\/fr\/"},{"@type":"ListItem","position":2,"name":"A propos de nous"}]},{"@type":"WebSite","@id":"https:\/\/galileo.energy\/fr\/#website","url":"https:\/\/galileo.energy\/fr\/","name":"Galileo Green Energy","description":"","publisher":{"@id":"https:\/\/galileo.energy\/fr\/#organization"},"potentialAction":[{"@type":"SearchAction","target":{"@type":"EntryPoint","urlTemplate":"https:\/\/galileo.energy\/fr\/?s={search_term_string}"},"query-input":"required name=search_term_string"}],"inLanguage":"fr-FR"},{"@type":"Organization","@id":"https:\/\/galileo.energy\/fr\/#organization","name":"Galileo","url":"https:\/\/galileo.energy\/fr\/","logo":{"@type":"ImageObject","inLanguage":"fr-FR","@id":"https:\/\/galileo.energy\/fr\/#\/schema\/logo\/image\/","url":"https:\/\/galileo.energy\/wp-content\/uploads\/2022\/07\/Galileo-Branding.png","contentUrl":"https:\/\/galileo.energy\/wp-content\/uploads\/2022\/07\/Galileo-Branding.png","width":885,"height":453,"caption":"Galileo"},"image":{"@id":"https:\/\/galileo.energy\/fr\/#\/schema\/logo\/image\/"}}]}},"_links":{"self":[{"href":"https:\/\/galileo.energy\/fr\/wp-json\/wp\/v2\/pages\/1958"}],"collection":[{"href":"https:\/\/galileo.energy\/fr\/wp-json\/wp\/v2\/pages"}],"about":[{"href":"https:\/\/galileo.energy\/fr\/wp-json\/wp\/v2\/types\/page"}],"author":[{"embeddable":true,"href":"https:\/\/galileo.energy\/fr\/wp-json\/wp\/v2\/users\/1"}],"replies":[{"embeddable":true,"href":"https:\/\/galileo.energy\/fr\/wp-json\/wp\/v2\/comments?post=1958"}],"version-history":[{"count":22,"href":"https:\/\/galileo.energy\/fr\/wp-json\/wp\/v2\/pages\/1958\/revisions"}],"predecessor-version":[{"id":5029,"href":"https:\/\/galileo.energy\/fr\/wp-json\/wp\/v2\/pages\/1958\/revisions\/5029"}],"wp:attachment":[{"href":"https:\/\/galileo.energy\/fr\/wp-json\/wp\/v2\/media?parent=1958"}],"curies":[{"name":"wp","href":"https:\/\/api.w.org\/{rel}","templated":true}]}}