{"id":1950,"date":"2022-06-13T11:11:15","date_gmt":"2022-06-13T09:11:15","guid":{"rendered":"https:\/\/galileo.energy\/ce-que-nous-faisons\/"},"modified":"2024-11-22T11:40:54","modified_gmt":"2024-11-22T10:40:54","slug":"ce-que-nous-faisons","status":"publish","type":"page","link":"https:\/\/galileo.energy\/fr\/ce-que-nous-faisons\/","title":{"rendered":"Expertise"},"content":{"rendered":"\n<style>\n    .img-hero-slider-induvidual-copy {\n        width: 1020px;\n    }\n<\/style>\n<section class=\"img-hero\">\n    <div class=\"img-hero-slider\">\n        <div class=\"img-hero-slider-induvidual lazyload\"\n             style=\"background-image:inherit;\" data-bg-image=\"linear-gradient(90deg, rgba(55,58,54,0.3) 0%, rgba(55,58,54,0.3) 0%), url(https:\/\/galileo.energy\/wp-content\/uploads\/2022\/07\/PV-diagonal-scaled.jpg)\">\n            <div class=\"img-hero-slider-induvidual-copy text-center\">\n                <p class=\"caption text-yellow text-center\"><\/p>\n                <h1>Nous faisons en sorte que les \u00e9nergies renouvelables se concr\u00e9tisent.<\/h1>\n                <p class=\"text-white text-center\"><\/p>\n                            <\/div>\n        <\/div>\n    <\/div>\n<\/section>\n\n\n<section\n        class=\"copy \"\n        style=\"background-color:#9B5FA3; \">\n    <div class=\"copy-inner\">\n                    <h6 class=\"caption\" style=\"margin-top:0;\">NOS PRIORITES<\/h6>            <h3 class=\"text-white\">En collaboration avec nos partenaires, nous construisons de meilleurs projets, nous augmentons la comp\u00e9titivit\u00e9 du secteur europ\u00e9en de l&rsquo;\u00e9nergie et nous contribuons \u00e0 la protection de notre environnement.<\/h3>\n                        <\/div>\n<\/section>\n\n\n<style>\n\n    .title-img {\n        strong {\n            font-size: inherit;\n            line-height: inherit;\n        }\n    }\n\n    .one-column {\n        flex-direction: column;\n        justify-content: center;\n        padding: 50px calc((60vw - 550px));\n        background: #EFEFEF;\n        margin: 50px 0;\n    }\n\n    .one-column p {\n        margin-bottom: 30px;\n        text-align: center;\n    }\n\n    @media only screen and (max-width: 640px) {\n        .title-img .btn-group {\n            flex-direction: column;\n        }\n        .title-img .btn-group a {\n            width: 100%!important;\n        }\n    }\n<\/style>\n\n<section class=\"title-img\">\n            <div class=\"text-img  spacer-top  spacer-bottom \">\n            <div class=\"text-img-left lazyload\"\n                 style=\"background-image:inherit;\" data-bg-image=\"url(https:\/\/galileo.energy\/wp-content\/uploads\/2022\/06\/jason-blackeye-s1w1SguZTI-unsplash-1.png)\">\n            <\/div>\n            <div class=\"text-img-right\">\n                <p class=\"fs-67\">Le d\u00e9veloppement de projets est l&rsquo;avant-poste de la transition \u00e9nerg\u00e9tique et nous devons en faire plus<\/p>\n                <p><p>Il existe de nombreux obstacles au d\u00e9veloppement des projets d&rsquo;\u00e9nergie renouvelable, certains n\u00e9cessaires, d&rsquo;autres non. Nous travaillons main dans la main avec nos partenaires pour mettre en \u0153uvre rapidement des projets d&rsquo;\u00e9nergie renouvelable de grande qualit\u00e9. Galileo apporte des comp\u00e9tences sp\u00e9cialis\u00e9es, notamment en mati\u00e8re d&rsquo;approvisionnement, de financement et d&rsquo;achat d&rsquo;\u00e9lectricit\u00e9, en compl\u00e9ment des domaines d&rsquo;intervention de nos partenaires, tels que la recherche de sites, le d\u00e9veloppement et l&rsquo;engagement territorial.<\/p>\n<\/p>\n                            <\/div>\n        <\/div>\n                    <div class=\"swirl\">\n                <img decoding=\"async\" data-src=\"https:\/\/galileo.energy\/wp-content\/themes\/gge\/src\/images\/swirl-grey.svg\" alt=\"\" src=\"data:image\/gif;base64,R0lGODlhAQABAAAAACH5BAEKAAEALAAAAAABAAEAAAICTAEAOw==\" class=\"lazyload\"><noscript><img decoding=\"async\" src=\"https:\/\/galileo.energy\/wp-content\/themes\/gge\/src\/images\/swirl-grey.svg\" alt=\"\"><\/noscript>\n            <\/div>\n            <\/section>\n\n \n \n\n\n\n\n\n<section class=\"cards \">\n    <div class=\"card\">\n        <div class=\"card-top\">\n            <h6 class=\"caption\">NOS COMPETENCES<\/h6>\n            <h3><\/h3>\n        <\/div>\n        <div class=\"card-bottom\">\n                        <div class=\"card-bottom-induvidual\">\n                <img decoding=\"async\" data-src=\"https:\/\/galileo.energy\/wp-content\/uploads\/2022\/06\/Group-10.svg\" alt=\"\" src=\"data:image\/gif;base64,R0lGODlhAQABAAAAACH5BAEKAAEALAAAAAABAAEAAAICTAEAOw==\" class=\"lazyload\"><noscript><img decoding=\"async\" src=\"https:\/\/galileo.energy\/wp-content\/uploads\/2022\/06\/Group-10.svg\" alt=\"\"><\/noscript>\n                <h5 class=\"fs-32\">D\u00e9velopper<\/h5>\n                <p>Des projets d&rsquo;\u00e9nergie renouvelable comp\u00e9titifs de la plus haute qualit\u00e9.<\/p>\n                            <\/div>\n                        <div class=\"card-bottom-induvidual\">\n                <img decoding=\"async\" data-src=\"https:\/\/galileo.energy\/wp-content\/uploads\/2022\/06\/Group-9.svg\" alt=\"\" src=\"data:image\/gif;base64,R0lGODlhAQABAAAAACH5BAEKAAEALAAAAAABAAEAAAICTAEAOw==\" class=\"lazyload\"><noscript><img decoding=\"async\" src=\"https:\/\/galileo.energy\/wp-content\/uploads\/2022\/06\/Group-9.svg\" alt=\"\"><\/noscript>\n                <h5 class=\"fs-32\">Commercialiser<\/h5>\n                <p>Des solutions sur mesure pour les \u00e9nergies renouvelables. <\/p>\n                            <\/div>\n                        <div class=\"card-bottom-induvidual\">\n                <img decoding=\"async\" data-src=\"https:\/\/galileo.energy\/wp-content\/uploads\/2022\/06\/Group-12.svg\" alt=\"\" src=\"data:image\/gif;base64,R0lGODlhAQABAAAAACH5BAEKAAEALAAAAAABAAEAAAICTAEAOw==\" class=\"lazyload\"><noscript><img decoding=\"async\" src=\"https:\/\/galileo.energy\/wp-content\/uploads\/2022\/06\/Group-12.svg\" alt=\"\"><\/noscript>\n                <h5 class=\"fs-32\">Financer<\/h5>\n                <p>Des solutions de financement innovantes. <\/p>\n                            <\/div>\n                        <div class=\"card-bottom-induvidual\">\n                <img decoding=\"async\" data-src=\"https:\/\/galileo.energy\/wp-content\/uploads\/2022\/06\/Group-13.svg\" alt=\"\" src=\"data:image\/gif;base64,R0lGODlhAQABAAAAACH5BAEKAAEALAAAAAABAAEAAAICTAEAOw==\" class=\"lazyload\"><noscript><img decoding=\"async\" src=\"https:\/\/galileo.energy\/wp-content\/uploads\/2022\/06\/Group-13.svg\" alt=\"\"><\/noscript>\n                <h5 class=\"fs-32\">Construire<\/h5>\n                <p>Strat\u00e9gies d&rsquo;ing\u00e9nierie, d&rsquo;approvisionnement et de construction. <\/p>\n                            <\/div>\n                        <div class=\"card-bottom-induvidual\">\n                <img decoding=\"async\" data-src=\"https:\/\/galileo.energy\/wp-content\/uploads\/2022\/06\/Group-14.svg\" alt=\"\" src=\"data:image\/gif;base64,R0lGODlhAQABAAAAACH5BAEKAAEALAAAAAABAAEAAAICTAEAOw==\" class=\"lazyload\"><noscript><img decoding=\"async\" src=\"https:\/\/galileo.energy\/wp-content\/uploads\/2022\/06\/Group-14.svg\" alt=\"\"><\/noscript>\n                <h5 class=\"fs-32\">Exploiter<\/h5>\n                <p>Gestion et optimisation des projets d&rsquo;exploitation. <\/p>\n                            <\/div>\n                    <\/div>\n    <\/div>\n<\/section>\n\n\n<div style=\"height:50px\" aria-hidden=\"true\" class=\"wp-block-spacer\"><\/div>\n\n\n\n<section class=\"col-overlay \">\n        <div class=\"col-overlay-induvidual lazyload\" style=\"background-image:inherit;\" data-bg-image=\"url(https:\/\/galileo.energy\/wp-content\/uploads\/2024\/11\/Galileo_Career-page_Image_2.png)\">\n        <div class=\"col-overlay-induvidual-overlay\">\n            <div class=\"col-overlay-induvidual-overlay-inner text-white\">\n                <h3 class=\"fs-61 text-white\">Qui sommes-nous ?<\/h3>\n                <div class=\"col-overlay-induvidual-overlay-inner-hide text-white\">\n                    <p><\/p>\n                    <a href=\"https:\/\/galileo.energy\/who-we-are\/\" class=\"btn-second\">EN SAVOIR PLUS<\/a>\n                <\/div>\n            <\/div>\n        <\/div>\n    <\/div>\n        <div class=\"col-overlay-induvidual lazyload\" style=\"background-image:inherit;\" data-bg-image=\"url(https:\/\/galileo.energy\/wp-content\/uploads\/2022\/07\/Handshake-scaled.jpg)\">\n        <div class=\"col-overlay-induvidual-overlay\">\n            <div class=\"col-overlay-induvidual-overlay-inner text-white\">\n                <h3 class=\"fs-61 text-white\">Partenaires<\/h3>\n                <div class=\"col-overlay-induvidual-overlay-inner-hide text-white\">\n                    <p><\/p>\n                    <a href=\"https:\/\/galileo.energy\/partners\/\" class=\"btn-second\">EN SAVOIR PLUS<\/a>\n                <\/div>\n            <\/div>\n        <\/div>\n    <\/div>\n    <\/section> \n\n\n<div style=\"height:50px\" aria-hidden=\"true\" class=\"wp-block-spacer\"><\/div>\n\n\n\n<section class=\"cta \">\n    <div class=\"cta-inner\">\n        <div class=\"cta-inner-left\">\n            <h1>\u00c9nergiser les territoires, alimenter le monde en \u00e9lectricit\u00e9<\/h1>\n        <\/div>\n        <div class=\"cta-inner-right\"> \n            <p class=\"text-white\"><\/p>\n        <\/div>\n        <a href=\"https:\/\/galileo.energy\/contact\/\" class=\"btn-first\">CONTACT<\/a>\n    <\/div>\n<\/section> ","protected":false},"excerpt":{"rendered":"","protected":false},"author":1,"featured_media":1603,"parent":0,"menu_order":0,"comment_status":"closed","ping_status":"closed","template":"","meta":{"_acf_changed":false,"footnotes":""},"acf":[],"yoast_head":"<!-- This site is optimized with the Yoast SEO plugin v23.0 - https:\/\/yoast.com\/wordpress\/plugins\/seo\/ -->\n<title>D\u00e9veloppement de projets d&#039;\u00e9nergie renouvelable | Galileo Green Energy<\/title>\n<meta name=\"description\" content=\"Galileo Green Energy est un d\u00e9veloppeur, un propri\u00e9taire et un exploitant paneurop\u00e9en d&#039;\u00e9nergies renouvelables multi- technologies. Pour en savoir plus sur nos projets, cliquez ici.\" \/>\n<meta name=\"robots\" content=\"index, follow, max-snippet:-1, max-image-preview:large, max-video-preview:-1\" \/>\n<link rel=\"canonical\" href=\"https:\/\/galileo.energy\/fr\/ce-que-nous-faisons\/\" \/>\n<meta property=\"og:locale\" content=\"fr_FR\" \/>\n<meta property=\"og:type\" content=\"article\" \/>\n<meta property=\"og:title\" content=\"D\u00e9veloppement de projets d&#039;\u00e9nergie renouvelable | Galileo Green Energy\" \/>\n<meta property=\"og:description\" content=\"Galileo Green Energy est un d\u00e9veloppeur, un propri\u00e9taire et un exploitant paneurop\u00e9en d&#039;\u00e9nergies renouvelables multi- technologies. Pour en savoir plus sur nos projets, cliquez ici.\" \/>\n<meta property=\"og:url\" content=\"https:\/\/galileo.energy\/fr\/ce-que-nous-faisons\/\" \/>\n<meta property=\"og:site_name\" content=\"Galileo Green Energy\" \/>\n<meta property=\"article:modified_time\" content=\"2024-11-22T10:40:54+00:00\" \/>\n<meta property=\"og:image\" content=\"https:\/\/galileo.energy\/wp-content\/uploads\/2022\/07\/PV-diagonal-scaled.jpg\" \/>\n\t<meta property=\"og:image:width\" content=\"2560\" \/>\n\t<meta property=\"og:image:height\" content=\"1920\" \/>\n\t<meta property=\"og:image:type\" content=\"image\/jpeg\" \/>\n<meta name=\"twitter:card\" content=\"summary_large_image\" \/>\n<meta name=\"twitter:label1\" content=\"Dur\u00e9e de lecture estim\u00e9e\" \/>\n\t<meta name=\"twitter:data1\" content=\"1 minute\" \/>\n<script type=\"application\/ld+json\" class=\"yoast-schema-graph\">{\"@context\":\"https:\/\/schema.org\",\"@graph\":[{\"@type\":\"WebPage\",\"@id\":\"https:\/\/galileo.energy\/fr\/ce-que-nous-faisons\/\",\"url\":\"https:\/\/galileo.energy\/fr\/ce-que-nous-faisons\/\",\"name\":\"D\u00e9veloppement de projets d'\u00e9nergie renouvelable | Galileo Green Energy\",\"isPartOf\":{\"@id\":\"https:\/\/galileo.energy\/fr\/#website\"},\"primaryImageOfPage\":{\"@id\":\"https:\/\/galileo.energy\/fr\/ce-que-nous-faisons\/#primaryimage\"},\"image\":{\"@id\":\"https:\/\/galileo.energy\/fr\/ce-que-nous-faisons\/#primaryimage\"},\"thumbnailUrl\":\"https:\/\/galileo.energy\/wp-content\/uploads\/2022\/07\/PV-diagonal-scaled.jpg\",\"datePublished\":\"2022-06-13T09:11:15+00:00\",\"dateModified\":\"2024-11-22T10:40:54+00:00\",\"description\":\"Galileo Green Energy est un d\u00e9veloppeur, un propri\u00e9taire et un exploitant paneurop\u00e9en d'\u00e9nergies renouvelables multi- technologies. Pour en savoir plus sur nos projets, cliquez ici.\",\"breadcrumb\":{\"@id\":\"https:\/\/galileo.energy\/fr\/ce-que-nous-faisons\/#breadcrumb\"},\"inLanguage\":\"fr-FR\",\"potentialAction\":[{\"@type\":\"ReadAction\",\"target\":[\"https:\/\/galileo.energy\/fr\/ce-que-nous-faisons\/\"]}]},{\"@type\":\"ImageObject\",\"inLanguage\":\"fr-FR\",\"@id\":\"https:\/\/galileo.energy\/fr\/ce-que-nous-faisons\/#primaryimage\",\"url\":\"https:\/\/galileo.energy\/wp-content\/uploads\/2022\/07\/PV-diagonal-scaled.jpg\",\"contentUrl\":\"https:\/\/galileo.energy\/wp-content\/uploads\/2022\/07\/PV-diagonal-scaled.jpg\",\"width\":2560,\"height\":1920},{\"@type\":\"BreadcrumbList\",\"@id\":\"https:\/\/galileo.energy\/fr\/ce-que-nous-faisons\/#breadcrumb\",\"itemListElement\":[{\"@type\":\"ListItem\",\"position\":1,\"name\":\"Home\",\"item\":\"https:\/\/galileo.energy\/fr\/\"},{\"@type\":\"ListItem\",\"position\":2,\"name\":\"Expertise\"}]},{\"@type\":\"WebSite\",\"@id\":\"https:\/\/galileo.energy\/fr\/#website\",\"url\":\"https:\/\/galileo.energy\/fr\/\",\"name\":\"Galileo Green Energy\",\"description\":\"\",\"publisher\":{\"@id\":\"https:\/\/galileo.energy\/fr\/#organization\"},\"potentialAction\":[{\"@type\":\"SearchAction\",\"target\":{\"@type\":\"EntryPoint\",\"urlTemplate\":\"https:\/\/galileo.energy\/fr\/?s={search_term_string}\"},\"query-input\":\"required name=search_term_string\"}],\"inLanguage\":\"fr-FR\"},{\"@type\":\"Organization\",\"@id\":\"https:\/\/galileo.energy\/fr\/#organization\",\"name\":\"Galileo\",\"url\":\"https:\/\/galileo.energy\/fr\/\",\"logo\":{\"@type\":\"ImageObject\",\"inLanguage\":\"fr-FR\",\"@id\":\"https:\/\/galileo.energy\/fr\/#\/schema\/logo\/image\/\",\"url\":\"https:\/\/galileo.energy\/wp-content\/uploads\/2022\/07\/Galileo-Branding.png\",\"contentUrl\":\"https:\/\/galileo.energy\/wp-content\/uploads\/2022\/07\/Galileo-Branding.png\",\"width\":885,\"height\":453,\"caption\":\"Galileo\"},\"image\":{\"@id\":\"https:\/\/galileo.energy\/fr\/#\/schema\/logo\/image\/\"}}]}<\/script>\n<!-- \/ Yoast SEO plugin. -->","yoast_head_json":{"title":"D\u00e9veloppement de projets d'\u00e9nergie renouvelable | Galileo Green Energy","description":"Galileo Green Energy est un d\u00e9veloppeur, un propri\u00e9taire et un exploitant paneurop\u00e9en d'\u00e9nergies renouvelables multi- technologies. Pour en savoir plus sur nos projets, cliquez ici.","robots":{"index":"index","follow":"follow","max-snippet":"max-snippet:-1","max-image-preview":"max-image-preview:large","max-video-preview":"max-video-preview:-1"},"canonical":"https:\/\/galileo.energy\/fr\/ce-que-nous-faisons\/","og_locale":"fr_FR","og_type":"article","og_title":"D\u00e9veloppement de projets d'\u00e9nergie renouvelable | Galileo Green Energy","og_description":"Galileo Green Energy est un d\u00e9veloppeur, un propri\u00e9taire et un exploitant paneurop\u00e9en d'\u00e9nergies renouvelables multi- technologies. Pour en savoir plus sur nos projets, cliquez ici.","og_url":"https:\/\/galileo.energy\/fr\/ce-que-nous-faisons\/","og_site_name":"Galileo Green Energy","article_modified_time":"2024-11-22T10:40:54+00:00","og_image":[{"width":2560,"height":1920,"url":"https:\/\/galileo.energy\/wp-content\/uploads\/2022\/07\/PV-diagonal-scaled.jpg","type":"image\/jpeg"}],"twitter_card":"summary_large_image","twitter_misc":{"Dur\u00e9e de lecture estim\u00e9e":"1 minute"},"schema":{"@context":"https:\/\/schema.org","@graph":[{"@type":"WebPage","@id":"https:\/\/galileo.energy\/fr\/ce-que-nous-faisons\/","url":"https:\/\/galileo.energy\/fr\/ce-que-nous-faisons\/","name":"D\u00e9veloppement de projets d'\u00e9nergie renouvelable | Galileo Green Energy","isPartOf":{"@id":"https:\/\/galileo.energy\/fr\/#website"},"primaryImageOfPage":{"@id":"https:\/\/galileo.energy\/fr\/ce-que-nous-faisons\/#primaryimage"},"image":{"@id":"https:\/\/galileo.energy\/fr\/ce-que-nous-faisons\/#primaryimage"},"thumbnailUrl":"https:\/\/galileo.energy\/wp-content\/uploads\/2022\/07\/PV-diagonal-scaled.jpg","datePublished":"2022-06-13T09:11:15+00:00","dateModified":"2024-11-22T10:40:54+00:00","description":"Galileo Green Energy est un d\u00e9veloppeur, un propri\u00e9taire et un exploitant paneurop\u00e9en d'\u00e9nergies renouvelables multi- technologies. Pour en savoir plus sur nos projets, cliquez ici.","breadcrumb":{"@id":"https:\/\/galileo.energy\/fr\/ce-que-nous-faisons\/#breadcrumb"},"inLanguage":"fr-FR","potentialAction":[{"@type":"ReadAction","target":["https:\/\/galileo.energy\/fr\/ce-que-nous-faisons\/"]}]},{"@type":"ImageObject","inLanguage":"fr-FR","@id":"https:\/\/galileo.energy\/fr\/ce-que-nous-faisons\/#primaryimage","url":"https:\/\/galileo.energy\/wp-content\/uploads\/2022\/07\/PV-diagonal-scaled.jpg","contentUrl":"https:\/\/galileo.energy\/wp-content\/uploads\/2022\/07\/PV-diagonal-scaled.jpg","width":2560,"height":1920},{"@type":"BreadcrumbList","@id":"https:\/\/galileo.energy\/fr\/ce-que-nous-faisons\/#breadcrumb","itemListElement":[{"@type":"ListItem","position":1,"name":"Home","item":"https:\/\/galileo.energy\/fr\/"},{"@type":"ListItem","position":2,"name":"Expertise"}]},{"@type":"WebSite","@id":"https:\/\/galileo.energy\/fr\/#website","url":"https:\/\/galileo.energy\/fr\/","name":"Galileo Green Energy","description":"","publisher":{"@id":"https:\/\/galileo.energy\/fr\/#organization"},"potentialAction":[{"@type":"SearchAction","target":{"@type":"EntryPoint","urlTemplate":"https:\/\/galileo.energy\/fr\/?s={search_term_string}"},"query-input":"required name=search_term_string"}],"inLanguage":"fr-FR"},{"@type":"Organization","@id":"https:\/\/galileo.energy\/fr\/#organization","name":"Galileo","url":"https:\/\/galileo.energy\/fr\/","logo":{"@type":"ImageObject","inLanguage":"fr-FR","@id":"https:\/\/galileo.energy\/fr\/#\/schema\/logo\/image\/","url":"https:\/\/galileo.energy\/wp-content\/uploads\/2022\/07\/Galileo-Branding.png","contentUrl":"https:\/\/galileo.energy\/wp-content\/uploads\/2022\/07\/Galileo-Branding.png","width":885,"height":453,"caption":"Galileo"},"image":{"@id":"https:\/\/galileo.energy\/fr\/#\/schema\/logo\/image\/"}}]}},"_links":{"self":[{"href":"https:\/\/galileo.energy\/fr\/wp-json\/wp\/v2\/pages\/1950"}],"collection":[{"href":"https:\/\/galileo.energy\/fr\/wp-json\/wp\/v2\/pages"}],"about":[{"href":"https:\/\/galileo.energy\/fr\/wp-json\/wp\/v2\/types\/page"}],"author":[{"embeddable":true,"href":"https:\/\/galileo.energy\/fr\/wp-json\/wp\/v2\/users\/1"}],"replies":[{"embeddable":true,"href":"https:\/\/galileo.energy\/fr\/wp-json\/wp\/v2\/comments?post=1950"}],"version-history":[{"count":3,"href":"https:\/\/galileo.energy\/fr\/wp-json\/wp\/v2\/pages\/1950\/revisions"}],"predecessor-version":[{"id":3933,"href":"https:\/\/galileo.energy\/fr\/wp-json\/wp\/v2\/pages\/1950\/revisions\/3933"}],"wp:featuredmedia":[{"embeddable":true,"href":"https:\/\/galileo.energy\/fr\/wp-json\/wp\/v2\/media\/1603"}],"wp:attachment":[{"href":"https:\/\/galileo.energy\/fr\/wp-json\/wp\/v2\/media?parent=1950"}],"curies":[{"name":"wp","href":"https:\/\/api.w.org\/{rel}","templated":true}]}}