{"id":1938,"date":"2022-06-13T11:11:24","date_gmt":"2022-06-13T09:11:24","guid":{"rendered":"https:\/\/galileo.energy\/partenaires\/"},"modified":"2025-10-21T17:08:21","modified_gmt":"2025-10-21T15:08:21","slug":"partenaires","status":"publish","type":"page","link":"https:\/\/galileo.energy\/fr\/partenaires\/","title":{"rendered":"Partenaires"},"content":{"rendered":"\n<style>\n    .img-hero-slider-induvidual-copy {\n        width: 1020px;\n    }\n<\/style>\n<section class=\"img-hero\">\n    <div class=\"img-hero-slider\">\n        <div class=\"img-hero-slider-induvidual lazyload\"\n             style=\"background-image:inherit;\" data-bg-image=\"linear-gradient(90deg, rgba(55,58,54,0.3) 0%, rgba(55,58,54,0.3) 0%), url(https:\/\/galileo.energy\/wp-content\/uploads\/2022\/06\/nicholas-doherty-pONBhDyOFoM-unsplash.png)\">\n            <div class=\"img-hero-slider-induvidual-copy text-center\">\n                <p class=\"caption text-yellow text-center\"><\/p>\n                <h1>Ensemble, nous pouvons cr\u00e9er l&rsquo;avenir<\/h1>\n                <p class=\"text-white text-center\"><\/p>\n                            <\/div>\n        <\/div>\n    <\/div>\n<\/section>\n\n\n<style>\n    .text-img-right a {\n        color: #939393;\n        text-decoration: underline;\n    }\n<\/style>\n\n<section class=\"text-img \">\n    <div class=\"text-img-left lazyload\" style=\"background-image:inherit;\" data-bg-image=\"url(https:\/\/galileo.energy\/wp-content\/uploads\/2022\/06\/pexels-andreea-ch-1166643-scaled.jpg)\">\n    <\/div>\n    <div class=\"text-img-right\" >\n        <p><p>Le secteur de l&rsquo;\u00e9nergie en Europe conna\u00eet une profonde mutation.<\/p>\n<p>Les experts de l&rsquo;ensemble du secteur doivent travailler ensemble pour construire le secteur \u00e9nerg\u00e9tique s\u00fbr et durable de demain. C&rsquo;est pourquoi nos partenariats avec les porteurs de projets, les propri\u00e9taires fonciers et les consommateurs d&rsquo;\u00e9nergie sont au c\u0153ur de notre strat\u00e9gie commerciale.<\/p>\n<p>Nous collaborons actuellement avec 20 partenaires de d\u00e9veloppement dans toute l&rsquo;Europe, afin de r\u00e9aliser rapidement des projets d&rsquo;\u00e9nergie renouvelable de haute qualit\u00e9. Notre \u00e9quipe de gestion exp\u00e9riment\u00e9e apporte une approche flexible et entrepreneuriale, soutenue par des capitaux transparents et \u00e0 long terme.<\/p>\n<p>Si vous souhaitez discuter de la mani\u00e8re dont nous pouvons aider \u00e0 d\u00e9velopper votre entreprise, n&rsquo;h\u00e9sitez pas \u00e0 nous contacteen envoyant un email \u00e0 <strong><u><a href=\"mailto:info@galileo.energy\">info@galileo.energy<\/a><\/u><\/strong>.<\/p>\n<\/p>\n        <p> <br><\/p>\n        <ul>\n                    <\/ul>\n    <\/div>\n<\/section>\n\n \n\n\n\n\n\n<section class=\"cards \">\n    <div class=\"card\">\n        <div class=\"card-top\">\n            <h6 class=\"caption\"><\/h6>\n            <h3>Nos partenaires<\/h3>\n        <\/div>\n        <div class=\"card-bottom\">\n                        <div class=\"card-bottom-induvidual\">\n                <img decoding=\"async\" data-src=\"https:\/\/galileo.energy\/wp-content\/uploads\/2022\/07\/Handshake-scaled.jpg\" alt=\"\" src=\"data:image\/gif;base64,R0lGODlhAQABAAAAACH5BAEKAAEALAAAAAABAAEAAAICTAEAOw==\" class=\"lazyload\" style=\"--smush-placeholder-width: 2560px; --smush-placeholder-aspect-ratio: 2560\/1707;\"><noscript><img decoding=\"async\" src=\"https:\/\/galileo.energy\/wp-content\/uploads\/2022\/07\/Handshake-scaled.jpg\" alt=\"\"><\/noscript>\n                <h5 class=\"fs-32\">Partenaires de d\u00e9veloppement <\/h5>\n                <p>Il est toujours possible d&rsquo;accro\u00eetre la puissance de d\u00e9veloppement. Un partenariat de cod\u00e9veloppement offre une bonne visibilit\u00e9 sur les objectifs \u00e0 long terme, un travail d&rsquo;\u00e9quipe professionnel ax\u00e9 sur les r\u00e9sultats et des incitations attrayantes \u00e0 l&rsquo;horizon 2030. <\/p>\n                <a href=\"https:\/\/galileo.energy\/contact\/\"><img decoding=\"async\" data-src=\"https:\/\/galileo.energy\/wp-content\/themes\/gge\/src\/images\/card-btn.svg\" alt=\"Partenaires de d\u00e9veloppement \" src=\"data:image\/gif;base64,R0lGODlhAQABAAAAACH5BAEKAAEALAAAAAABAAEAAAICTAEAOw==\" class=\"lazyload\"><noscript><img decoding=\"async\" src=\"https:\/\/galileo.energy\/wp-content\/themes\/gge\/src\/images\/card-btn.svg\" alt=\"Partenaires de d\u00e9veloppement \"><\/noscript><\/a>            <\/div>\n                        <div class=\"card-bottom-induvidual\">\n                <img decoding=\"async\" data-src=\"https:\/\/galileo.energy\/wp-content\/uploads\/2022\/06\/Electricity.jpeg\" alt=\"\" src=\"data:image\/gif;base64,R0lGODlhAQABAAAAACH5BAEKAAEALAAAAAABAAEAAAICTAEAOw==\" class=\"lazyload\" style=\"--smush-placeholder-width: 1920px; --smush-placeholder-aspect-ratio: 1920\/1280;\"><noscript><img decoding=\"async\" src=\"https:\/\/galileo.energy\/wp-content\/uploads\/2022\/06\/Electricity.jpeg\" alt=\"\"><\/noscript>\n                <h5 class=\"fs-32\">Partenaires \u00e9nerg\u00e9tiques<\/h5>\n                <p>Nous sommes d\u00e9sireux de travailler avec des partenaires qui veulent des solutions d&rsquo;approvisionnement en \u00e9nergie renouvelable pour les clients finaux, les d\u00e9taillants et les grossistes. Si vous souhaitez vous lancer dans l&rsquo;approvisionnement en \u00e9nergie verte \u00e0 long terme, m\u00eame au-del\u00e0 des fronti\u00e8res.<\/p>\n                <a href=\"https:\/\/galileo.energy\/contact\/\"><img decoding=\"async\" data-src=\"https:\/\/galileo.energy\/wp-content\/themes\/gge\/src\/images\/card-btn.svg\" alt=\"Partenaires \u00e9nerg\u00e9tiques\" src=\"data:image\/gif;base64,R0lGODlhAQABAAAAACH5BAEKAAEALAAAAAABAAEAAAICTAEAOw==\" class=\"lazyload\"><noscript><img decoding=\"async\" src=\"https:\/\/galileo.energy\/wp-content\/themes\/gge\/src\/images\/card-btn.svg\" alt=\"Partenaires \u00e9nerg\u00e9tiques\"><\/noscript><\/a>            <\/div>\n                        <div class=\"card-bottom-induvidual\">\n                <img decoding=\"async\" data-src=\"https:\/\/galileo.energy\/wp-content\/uploads\/2025\/10\/istock-1454004381.webp\" alt=\"\" src=\"data:image\/gif;base64,R0lGODlhAQABAAAAACH5BAEKAAEALAAAAAABAAEAAAICTAEAOw==\" class=\"lazyload\" style=\"--smush-placeholder-width: 1920px; --smush-placeholder-aspect-ratio: 1920\/1279;\"><noscript><img decoding=\"async\" src=\"https:\/\/galileo.energy\/wp-content\/uploads\/2025\/10\/istock-1454004381.webp\" alt=\"\"><\/noscript>\n                <h5 class=\"fs-32\">Propri\u00e9taires Fonciers<\/h5>\n                <p>Nous voulons travailler avec les propri\u00e9taires fonciers, les agriculteurs, les communaut\u00e9s, les villes et les associations pour cr\u00e9er des partenariats locaux d&rsquo;approvisionnement en \u00e9nergie qui rapprochent les avantages de la production d&rsquo;\u00e9nergie renouvelable de la maison. <\/p>\n                <a href=\"https:\/\/galileo.energy\/contact\/\"><img decoding=\"async\" data-src=\"https:\/\/galileo.energy\/wp-content\/themes\/gge\/src\/images\/card-btn.svg\" alt=\"Propri\u00e9taires Fonciers\" src=\"data:image\/gif;base64,R0lGODlhAQABAAAAACH5BAEKAAEALAAAAAABAAEAAAICTAEAOw==\" class=\"lazyload\"><noscript><img decoding=\"async\" src=\"https:\/\/galileo.energy\/wp-content\/themes\/gge\/src\/images\/card-btn.svg\" alt=\"Propri\u00e9taires Fonciers\"><\/noscript><\/a>            <\/div>\n                    <\/div>\n    <\/div>\n<\/section>\n\n\n<section class=\"cta \">\n    <div class=\"cta-inner\">\n        <div class=\"cta-inner-left\">\n            <h1>Votre voyage vers un avenir durable commence ici<\/h1>\n        <\/div>\n        <div class=\"cta-inner-right\"> \n            <p class=\"text-white\"><\/p>\n        <\/div>\n        <a href=\"https:\/\/galileo.energy\/contact\/\" class=\"btn-first\">Contact<\/a>\n    <\/div>\n<\/section> ","protected":false},"excerpt":{"rendered":"","protected":false},"author":1,"featured_media":0,"parent":0,"menu_order":0,"comment_status":"closed","ping_status":"closed","template":"","meta":{"_acf_changed":false,"footnotes":""},"acf":[],"yoast_head":"<!-- This site is optimized with the Yoast SEO plugin v23.0 - https:\/\/yoast.com\/wordpress\/plugins\/seo\/ -->\n<title>Partenaires | Galileo Green Energy<\/title>\n<meta name=\"description\" content=\"Pour plus d&#039;informations sur la fa\u00e7on de devenir partenaire de Galileo Green Energy, cliquez ici.\" \/>\n<meta name=\"robots\" content=\"index, follow, max-snippet:-1, max-image-preview:large, max-video-preview:-1\" \/>\n<link rel=\"canonical\" href=\"https:\/\/galileo.energy\/fr\/partenaires\/\" \/>\n<meta property=\"og:locale\" content=\"fr_FR\" \/>\n<meta property=\"og:type\" content=\"article\" \/>\n<meta property=\"og:title\" content=\"Partenaires | Galileo Green Energy\" \/>\n<meta property=\"og:description\" content=\"Pour plus d&#039;informations sur la fa\u00e7on de devenir partenaire de Galileo Green Energy, cliquez ici.\" \/>\n<meta property=\"og:url\" content=\"https:\/\/galileo.energy\/fr\/partenaires\/\" \/>\n<meta property=\"og:site_name\" content=\"Galileo Green Energy\" \/>\n<meta property=\"article:modified_time\" content=\"2025-10-21T15:08:21+00:00\" \/>\n<meta name=\"twitter:card\" content=\"summary_large_image\" \/>\n<script type=\"application\/ld+json\" class=\"yoast-schema-graph\">{\"@context\":\"https:\/\/schema.org\",\"@graph\":[{\"@type\":\"WebPage\",\"@id\":\"https:\/\/galileo.energy\/fr\/partenaires\/\",\"url\":\"https:\/\/galileo.energy\/fr\/partenaires\/\",\"name\":\"Partenaires | Galileo Green Energy\",\"isPartOf\":{\"@id\":\"https:\/\/galileo.energy\/fr\/#website\"},\"datePublished\":\"2022-06-13T09:11:24+00:00\",\"dateModified\":\"2025-10-21T15:08:21+00:00\",\"description\":\"Pour plus d'informations sur la fa\u00e7on de devenir partenaire de Galileo Green Energy, cliquez ici.\",\"breadcrumb\":{\"@id\":\"https:\/\/galileo.energy\/fr\/partenaires\/#breadcrumb\"},\"inLanguage\":\"fr-FR\",\"potentialAction\":[{\"@type\":\"ReadAction\",\"target\":[\"https:\/\/galileo.energy\/fr\/partenaires\/\"]}]},{\"@type\":\"BreadcrumbList\",\"@id\":\"https:\/\/galileo.energy\/fr\/partenaires\/#breadcrumb\",\"itemListElement\":[{\"@type\":\"ListItem\",\"position\":1,\"name\":\"Home\",\"item\":\"https:\/\/galileo.energy\/fr\/\"},{\"@type\":\"ListItem\",\"position\":2,\"name\":\"Partenaires\"}]},{\"@type\":\"WebSite\",\"@id\":\"https:\/\/galileo.energy\/fr\/#website\",\"url\":\"https:\/\/galileo.energy\/fr\/\",\"name\":\"Galileo Green Energy\",\"description\":\"\",\"publisher\":{\"@id\":\"https:\/\/galileo.energy\/fr\/#organization\"},\"potentialAction\":[{\"@type\":\"SearchAction\",\"target\":{\"@type\":\"EntryPoint\",\"urlTemplate\":\"https:\/\/galileo.energy\/fr\/?s={search_term_string}\"},\"query-input\":\"required name=search_term_string\"}],\"inLanguage\":\"fr-FR\"},{\"@type\":\"Organization\",\"@id\":\"https:\/\/galileo.energy\/fr\/#organization\",\"name\":\"Galileo\",\"url\":\"https:\/\/galileo.energy\/fr\/\",\"logo\":{\"@type\":\"ImageObject\",\"inLanguage\":\"fr-FR\",\"@id\":\"https:\/\/galileo.energy\/fr\/#\/schema\/logo\/image\/\",\"url\":\"https:\/\/galileo.energy\/wp-content\/uploads\/2022\/07\/Galileo-Branding.png\",\"contentUrl\":\"https:\/\/galileo.energy\/wp-content\/uploads\/2022\/07\/Galileo-Branding.png\",\"width\":885,\"height\":453,\"caption\":\"Galileo\"},\"image\":{\"@id\":\"https:\/\/galileo.energy\/fr\/#\/schema\/logo\/image\/\"}}]}<\/script>\n<!-- \/ Yoast SEO plugin. -->","yoast_head_json":{"title":"Partenaires | Galileo Green Energy","description":"Pour plus d'informations sur la fa\u00e7on de devenir partenaire de Galileo Green Energy, cliquez ici.","robots":{"index":"index","follow":"follow","max-snippet":"max-snippet:-1","max-image-preview":"max-image-preview:large","max-video-preview":"max-video-preview:-1"},"canonical":"https:\/\/galileo.energy\/fr\/partenaires\/","og_locale":"fr_FR","og_type":"article","og_title":"Partenaires | Galileo Green Energy","og_description":"Pour plus d'informations sur la fa\u00e7on de devenir partenaire de Galileo Green Energy, cliquez ici.","og_url":"https:\/\/galileo.energy\/fr\/partenaires\/","og_site_name":"Galileo Green Energy","article_modified_time":"2025-10-21T15:08:21+00:00","twitter_card":"summary_large_image","schema":{"@context":"https:\/\/schema.org","@graph":[{"@type":"WebPage","@id":"https:\/\/galileo.energy\/fr\/partenaires\/","url":"https:\/\/galileo.energy\/fr\/partenaires\/","name":"Partenaires | Galileo Green Energy","isPartOf":{"@id":"https:\/\/galileo.energy\/fr\/#website"},"datePublished":"2022-06-13T09:11:24+00:00","dateModified":"2025-10-21T15:08:21+00:00","description":"Pour plus d'informations sur la fa\u00e7on de devenir partenaire de Galileo Green Energy, cliquez ici.","breadcrumb":{"@id":"https:\/\/galileo.energy\/fr\/partenaires\/#breadcrumb"},"inLanguage":"fr-FR","potentialAction":[{"@type":"ReadAction","target":["https:\/\/galileo.energy\/fr\/partenaires\/"]}]},{"@type":"BreadcrumbList","@id":"https:\/\/galileo.energy\/fr\/partenaires\/#breadcrumb","itemListElement":[{"@type":"ListItem","position":1,"name":"Home","item":"https:\/\/galileo.energy\/fr\/"},{"@type":"ListItem","position":2,"name":"Partenaires"}]},{"@type":"WebSite","@id":"https:\/\/galileo.energy\/fr\/#website","url":"https:\/\/galileo.energy\/fr\/","name":"Galileo Green Energy","description":"","publisher":{"@id":"https:\/\/galileo.energy\/fr\/#organization"},"potentialAction":[{"@type":"SearchAction","target":{"@type":"EntryPoint","urlTemplate":"https:\/\/galileo.energy\/fr\/?s={search_term_string}"},"query-input":"required name=search_term_string"}],"inLanguage":"fr-FR"},{"@type":"Organization","@id":"https:\/\/galileo.energy\/fr\/#organization","name":"Galileo","url":"https:\/\/galileo.energy\/fr\/","logo":{"@type":"ImageObject","inLanguage":"fr-FR","@id":"https:\/\/galileo.energy\/fr\/#\/schema\/logo\/image\/","url":"https:\/\/galileo.energy\/wp-content\/uploads\/2022\/07\/Galileo-Branding.png","contentUrl":"https:\/\/galileo.energy\/wp-content\/uploads\/2022\/07\/Galileo-Branding.png","width":885,"height":453,"caption":"Galileo"},"image":{"@id":"https:\/\/galileo.energy\/fr\/#\/schema\/logo\/image\/"}}]}},"_links":{"self":[{"href":"https:\/\/galileo.energy\/fr\/wp-json\/wp\/v2\/pages\/1938"}],"collection":[{"href":"https:\/\/galileo.energy\/fr\/wp-json\/wp\/v2\/pages"}],"about":[{"href":"https:\/\/galileo.energy\/fr\/wp-json\/wp\/v2\/types\/page"}],"author":[{"embeddable":true,"href":"https:\/\/galileo.energy\/fr\/wp-json\/wp\/v2\/users\/1"}],"replies":[{"embeddable":true,"href":"https:\/\/galileo.energy\/fr\/wp-json\/wp\/v2\/comments?post=1938"}],"version-history":[{"count":5,"href":"https:\/\/galileo.energy\/fr\/wp-json\/wp\/v2\/pages\/1938\/revisions"}],"predecessor-version":[{"id":5298,"href":"https:\/\/galileo.energy\/fr\/wp-json\/wp\/v2\/pages\/1938\/revisions\/5298"}],"wp:attachment":[{"href":"https:\/\/galileo.energy\/fr\/wp-json\/wp\/v2\/media?parent=1938"}],"curies":[{"name":"wp","href":"https:\/\/api.w.org\/{rel}","templated":true}]}}