{"id":929,"date":"2022-05-18T15:21:24","date_gmt":"2022-05-18T13:21:24","guid":{"rendered":"https:\/\/galileo.energy\/politica-de-privacidad\/"},"modified":"2025-04-11T14:52:14","modified_gmt":"2025-04-11T12:52:14","slug":"politica-de-privacidad","status":"publish","type":"page","link":"https:\/\/galileo.energy\/es\/politica-de-privacidad\/","title":{"rendered":"Pol\u00edtica de privacidad"},"content":{"rendered":"\n<style>\n    .img-hero-slider-induvidual-copy {\n        width: 1020px;\n    }\n<\/style>\n<section class=\"img-hero\">\n    <div class=\"img-hero-slider\">\n        <div class=\"img-hero-slider-induvidual lazyload\"\n             style=\"background-image:inherit;\" data-bg-image=\"linear-gradient(90deg, rgba(55,58,54,0.3) 0%, rgba(55,58,54,0.3) 0%), url(https:\/\/galileo.energy\/wp-content\/uploads\/2022\/06\/thisisengineering-raeng-TXxiFuQLBKQ-unsplash-2.png)\">\n            <div class=\"img-hero-slider-induvidual-copy text-center\">\n                <p class=\"caption text-yellow text-center\">Galileo<\/p>\n                <h1>Pol\u00edtica de privacidad<\/h1>\n                <p class=\"text-white text-center\"><\/p>\n                            <\/div>\n        <\/div>\n    <\/div>\n<\/section>\n\n\n<div style=\"height:50px\" aria-hidden=\"true\" class=\"wp-block-spacer\"><\/div>\n\n\n\n<section class=\"paragraph container \">\n    <p><p><strong>POL\u00cdTICA DE PRIVACIDAD<\/strong><\/p>\n<p><strong>NORMATIVA<\/strong><\/p>\n<p>&#8211; Directiva 2002\/58\/CE &#8211; sobre el \u00abtratamiento de los datos personales y la protecci\u00f3n de la intimidad en el sector de las comunicaciones electr\u00f3nicas\u00bb (\u00abDirectiva sobre la privacidad electr\u00f3nica\u00bb).<\/p>\n<p>&#8211; Reglamento (UE) 2016\/679 del Parlamento Europeo y del Consejo, de 27 de abril de 2016, relativo a la protecci\u00f3n de las personas f\u00edsicas en lo que respecta al tratamiento de datos personales y a la libre circulaci\u00f3n de estos datos, y por el que se deroga la Directiva 95\/46\/CE (\u00abRGPD\u00bb).<\/p>\n<p>En lo sucesivo, junto con la Directiva sobre privacidad electr\u00f3nica y el RGPD, la \u00abLegislaci\u00f3n aplicable\u00bb.<\/p>\n<p>Este documento se ha elaborado de conformidad con el art\u00edculo 13 del RGPD para permitirle conocer la pol\u00edtica de privacidad y comprender c\u00f3mo se maneja su informaci\u00f3n personal cuando utiliza www.galileogreenenergy.com (el \u00abSitio\u00bb).<\/p>\n<p><strong>EL CONTROLADOR DE DATOS<\/strong><\/p>\n<p>Galileo Green Energy GmbH Bahnhofplatz 1, CH 8001 Z\u00fcrich<\/p>\n<p>Direcci\u00f3n de correo electr\u00f3nico del controlador: info@galileo.energy<\/p>\n<p>Inscrita en el Registro Mercantil de Z\u00farich<\/p>\n<p>N\u00famero de IVA CH-020.4.069.175-2<\/p>\n<p>&nbsp;<\/p>\n<p><strong>DATOS PERSONALES TRATADOS, FINES Y BASE JUR\u00cdDICA DEL TRATAMIENTO<\/strong><\/p>\n<p>Durante su navegaci\u00f3n por el Sitio, se procesan datos personales. Los datos personales pueden consistir en un identificador como su nombre, un n\u00famero de identificaci\u00f3n, un identificador en l\u00ednea o uno o m\u00e1s elementos caracter\u00edsticos de su identidad capaces de hacerle identificarse o ser identificable (en adelante s\u00f3lo \u00abDatos Personales\u00bb). Los Datos Personales tratados a trav\u00e9s del Sitio son los siguientes:<\/p>\n<p><strong><em><u>Datos de navegaci\u00f3n<\/u><\/em><\/strong><\/p>\n<p>Los sistemas inform\u00e1ticos y los procedimientos de software utilizados para el funcionamiento de este Sitio adquieren, durante su operaci\u00f3n normal, algunos datos personales cuya transmisi\u00f3n est\u00e1 impl\u00edcita en el uso de los protocolos de comunicaci\u00f3n de Internet.<\/p>\n<p>Esta categor\u00eda de datos incluye las direcciones IP o los nombres de dominio de los ordenadores y terminales utilizados por los usuarios, las direcciones URI\/URL (Uniform Resource Identifier\/Locator) de los recursos solicitados, la hora de la solicitud, el m\u00e9todo utilizado para enviar la solicitud al servidor, el tama\u00f1o del archivo obtenido como respuesta, el c\u00f3digo num\u00e9rico que indica el estado de la respuesta dada por el servidor (\u00e9xito, error, etc.) y otros par\u00e1metros relacionados con el sistema operativo y el entorno inform\u00e1tico del usuario.<\/p>\n<p>Estos datos, necesarios para el uso de los servicios web, tambi\u00e9n se tratan con el fin de:<\/p>\n<p>&#8211; obtener informaci\u00f3n estad\u00edstica sobre el uso de los servicios (p\u00e1ginas m\u00e1s visitadas, n\u00famero de visitantes por franja horaria o d\u00eda, zonas geogr\u00e1ficas de procedencia, etc.);<\/p>\n<p>&#8211; comprobar el correcto funcionamiento de los servicios ofrecidos.<\/p>\n<p>Los datos de navegaci\u00f3n no se almacenan durante m\u00e1s de siete d\u00edas (salvo en el caso de que sea necesario para la comprobaci\u00f3n de delitos por parte de la Autoridad Judicial). El tratamiento posible y limitado de los Datos Personales recogidos para la consecuci\u00f3n de dichos fines es necesario para la consecuci\u00f3n del inter\u00e9s leg\u00edtimo del Responsable del Tratamiento (Art. 6 par. 1 letra f) del GDPR).<\/p>\n<p><strong><em><u>Datos proporcionados voluntariamente por el usuario<\/u><\/em><\/strong><\/p>\n<p>El env\u00edo facultativo, expl\u00edcito y voluntario de mensajes a las direcciones del Responsable del Tratamiento, as\u00ed como el reenv\u00edo de los formularios y la cumplimentaci\u00f3n de los formularios de contacto del Sitio, implican la adquisici\u00f3n de todos los Datos Personales incluidos en las comunicaciones.<\/p>\n<p>El tratamiento de estos Datos Personales es necesario para poder responder a las solicitudes y mensajes a trav\u00e9s del formulario del interesado, por lo que la base legal es ejecutar cualquier contrato en el que el interesado sea parte o llevar a cabo medidas precontractuales adoptadas a petici\u00f3n del interesado (Art. 6 par.1 letra b) del GDPR).<\/p>\n<p>Se publicar\u00e1 informaci\u00f3n espec\u00edfica en las p\u00e1ginas del Sitio preparadas para la prestaci\u00f3n de determinados servicios.<\/p>\n<p><strong><em><u>Datos an\u00f3nimos o agregados <\/u><\/em><\/strong><\/p>\n<p>La anonimizaci\u00f3n es una operaci\u00f3n de tratamiento cuya finalidad es impedir la identificaci\u00f3n del interesado. Los datos anonimizados no entran en el \u00e1mbito de aplicaci\u00f3n de la legislaci\u00f3n sobre protecci\u00f3n de datos. Los datos agregados pueden derivar de los Datos Personales proporcionados por el usuario pero no se consideran Datos Personales ya que, como se ha especificado, no permiten ni directa ni indirectamente la identificaci\u00f3n del interesado.<\/p>\n<p><strong>COOKIES<\/strong><\/p>\n<p>Para obtener informaci\u00f3n sobre las Cookies utilizadas por el Sitio, consulte la Pol\u00edtica de Cookies dedicada<\/p>\n<p><strong>OPCIONALIDAD DE LA CONCESI\u00d3N DE DATOS<\/strong><\/p>\n<p>Aparte de lo especificado para los datos de navegaci\u00f3n, el usuario es libre de proporcionar sus Datos Personales. Sin embargo, si no se facilitan, puede resultar imposible obtener lo que se ha solicitado.<\/p>\n<p><strong>M\u00c9TODOS DE TRATAMIENTO Y CONSERVACI\u00d3N DE DATOS<\/strong><\/p>\n<p>Los datos personales se procesan, tambi\u00e9n con la ayuda de herramientas automatizadas. Se observan medidas de seguridad espec\u00edficas para evitar la p\u00e9rdida de datos, el uso il\u00edcito o incorrecto y el acceso no autorizado. El responsable del tratamiento ha adoptado todas las medidas de seguridad m\u00ednimas exigidas por la ley e, inspir\u00e1ndose en las principales normas internacionales, ha adoptado tambi\u00e9n medidas de seguridad adicionales para minimizar los riesgos relativos a la confidencialidad, disponibilidad e integridad de los datos personales recogidos y tratados.<\/p>\n<p>El tratamiento de los datos relacionados con los servicios web lo realiza \u00fanicamente el personal expresamente autorizado por el responsable del tratamiento.<\/p>\n<p>Los Datos Personales recogidos se conservar\u00e1n exclusivamente durante el tiempo necesario para cumplir con los fines individuales indicados en esta pol\u00edtica de privacidad o en la informaci\u00f3n resumida espec\u00edfica mostrada en las p\u00e1ginas del sitio y preparada para servicios particulares.<\/p>\n<p><strong>INTERCAMBIO, COMUNICACI\u00d3N Y DIFUSI\u00d3N DE DATOS<\/strong><\/p>\n<p>Los datos personales recogidos pueden ser transferidos o comunicados:<\/p>\n<ol>\n<li>a) a las empresas del grupo del responsable del tratamiento para poder responder y hacer un seguimiento de la informaci\u00f3n y las solicitudes de los interesados;<\/li>\n<li>b) al personal expresamente autorizado por el Responsable del Tratamiento para el tratamiento de los Datos Personales necesarios para la realizaci\u00f3n de actividades estrictamente relacionadas con el servicio solicitado, que se haya comprometido a la confidencialidad o tenga una obligaci\u00f3n legal de confidencialidad adecuada;<\/li>\n<li>c) a cualquier proveedor de terceros y otras empresas que realicen actividades de apoyo para el suministro, la gesti\u00f3n del sistema inform\u00e1tico y el funcionamiento del Sitio, que hayan sido designados como Procesadores de Datos de conformidad con el art\u00edculo 28 del GDPR y reciban instrucciones operativas adecuadas a este respecto;<\/li>\n<li>d) cumplir con los requerimientos de las Autoridades Judiciales o de Seguridad P\u00fablica.<\/li>\n<\/ol>\n<p><strong>TRANSFERENCIA DE DATOS PERSONALES A TERCEROS PA\u00cdSES<\/strong><\/p>\n<p>Algunos de los datos personales del usuario pueden ser transferidos a destinatarios establecidos fuera del Espacio Econ\u00f3mico Europeo. En este caso, el responsable del tratamiento declara y garantiza el cumplimiento de las disposiciones de los art\u00edculos 44 y siguientes. del GDPR.<\/p>\n<p><strong>M\u00c1S INFORMACI\u00d3N SOBRE EL TRATAMIENTO DE DATOS Y EL EJERCICIO DE LOS DERECHOS <\/strong><\/p>\n<p>Para obtener m\u00e1s informaci\u00f3n sobre el tratamiento de los datos personales, as\u00ed como para obtener, en los casos previstos por el RGPD, el acceso a sus datos personales y la rectificaci\u00f3n o cancelaci\u00f3n de los mismos o la limitaci\u00f3n del tratamiento que les concierne, o para oponerse al tratamiento (art\u00edculos 15 y siguientes del RGPD), cualquier interesado puede ponerse en contacto con el responsable del tratamiento enviando un correo electr\u00f3nico a i<a href=\"mailto:info@galileo.energy\">nfo@galileo.energy<\/a><\/p>\n<p>DERECHO DE RECLAMACI\u00d3N<\/p>\n<p>Los interesados que consideren que el tratamiento de sus Datos Personales realizado a trav\u00e9s de este Sitio infringe las disposiciones del GDPR tienen derecho a presentar una queja ante la Autoridad de Protecci\u00f3n de Datos, seg\u00fan lo dispuesto en el art. 77 del propio GDPR, o a emprender las acciones legales pertinentes (art. 79 del GDPR).<\/p>\n<p><strong>CAMBIOS EN ESTAS POL\u00cdTICAS DE PRIVACIDAD<\/strong><\/p>\n<p>El Controlador de Datos revisa peri\u00f3dicamente su pol\u00edtica de privacidad y seguridad y, si es necesario, se reserva el derecho de modificar o actualizar su contenido, tambi\u00e9n debido a cambios en la Legislaci\u00f3n Aplicable, cambios organizativos o cambios dictados por la evoluci\u00f3n tecnol\u00f3gica. En caso de cambios en la pol\u00edtica, la nueva versi\u00f3n se publicar\u00e1 en esta p\u00e1gina del Sitio. Por lo tanto, el responsable del tratamiento invita a los interesados a consultar esta p\u00e1gina con regularidad para familiarizarse con la versi\u00f3n m\u00e1s reciente y actualizada de la pol\u00edtica de privacidad, de esta forma los interesados estar\u00e1n siempre adecuadamente informados sobre los datos recogidos y el uso que se hace de ellos.<\/p>\n<\/p>\n<\/section> ","protected":false},"excerpt":{"rendered":"","protected":false},"author":1,"featured_media":0,"parent":0,"menu_order":0,"comment_status":"closed","ping_status":"closed","template":"","meta":{"_acf_changed":false,"footnotes":""},"acf":[],"yoast_head":"<!-- This site is optimized with the Yoast SEO plugin v23.0 - https:\/\/yoast.com\/wordpress\/plugins\/seo\/ -->\n<title>Pol\u00edtica de privacidad | Galileo Green Energy<\/title>\n<meta name=\"description\" content=\"Para ver la pol\u00edtica de privacidad de Galileo Green Energy, haga clic aqu\u00ed.\" \/>\n<meta name=\"robots\" content=\"index, follow, max-snippet:-1, max-image-preview:large, max-video-preview:-1\" \/>\n<link rel=\"canonical\" href=\"https:\/\/galileo.energy\/es\/politica-de-privacidad\/\" \/>\n<meta property=\"og:locale\" content=\"es_ES\" \/>\n<meta property=\"og:type\" content=\"article\" \/>\n<meta property=\"og:title\" content=\"Pol\u00edtica de privacidad | Galileo Green Energy\" \/>\n<meta property=\"og:description\" content=\"Para ver la pol\u00edtica de privacidad de Galileo Green Energy, haga clic aqu\u00ed.\" \/>\n<meta property=\"og:url\" content=\"https:\/\/galileo.energy\/es\/politica-de-privacidad\/\" \/>\n<meta property=\"og:site_name\" content=\"Galileo Green Energy\" \/>\n<meta property=\"article:modified_time\" content=\"2025-04-11T12:52:14+00:00\" \/>\n<meta name=\"twitter:card\" content=\"summary_large_image\" \/>\n<script type=\"application\/ld+json\" class=\"yoast-schema-graph\">{\"@context\":\"https:\/\/schema.org\",\"@graph\":[{\"@type\":\"WebPage\",\"@id\":\"https:\/\/galileo.energy\/es\/politica-de-privacidad\/\",\"url\":\"https:\/\/galileo.energy\/es\/politica-de-privacidad\/\",\"name\":\"Pol\u00edtica de privacidad | Galileo Green Energy\",\"isPartOf\":{\"@id\":\"https:\/\/galileo.energy\/es\/#website\"},\"datePublished\":\"2022-05-18T13:21:24+00:00\",\"dateModified\":\"2025-04-11T12:52:14+00:00\",\"description\":\"Para ver la pol\u00edtica de privacidad de Galileo Green Energy, haga clic aqu\u00ed.\",\"breadcrumb\":{\"@id\":\"https:\/\/galileo.energy\/es\/politica-de-privacidad\/#breadcrumb\"},\"inLanguage\":\"es\",\"potentialAction\":[{\"@type\":\"ReadAction\",\"target\":[\"https:\/\/galileo.energy\/es\/politica-de-privacidad\/\"]}]},{\"@type\":\"BreadcrumbList\",\"@id\":\"https:\/\/galileo.energy\/es\/politica-de-privacidad\/#breadcrumb\",\"itemListElement\":[{\"@type\":\"ListItem\",\"position\":1,\"name\":\"Home\",\"item\":\"https:\/\/galileo.energy\/es\/\"},{\"@type\":\"ListItem\",\"position\":2,\"name\":\"Pol\u00edtica de privacidad\"}]},{\"@type\":\"WebSite\",\"@id\":\"https:\/\/galileo.energy\/es\/#website\",\"url\":\"https:\/\/galileo.energy\/es\/\",\"name\":\"Galileo Green Energy\",\"description\":\"\",\"publisher\":{\"@id\":\"https:\/\/galileo.energy\/es\/#organization\"},\"potentialAction\":[{\"@type\":\"SearchAction\",\"target\":{\"@type\":\"EntryPoint\",\"urlTemplate\":\"https:\/\/galileo.energy\/es\/?s={search_term_string}\"},\"query-input\":\"required name=search_term_string\"}],\"inLanguage\":\"es\"},{\"@type\":\"Organization\",\"@id\":\"https:\/\/galileo.energy\/es\/#organization\",\"name\":\"Galileo\",\"url\":\"https:\/\/galileo.energy\/es\/\",\"logo\":{\"@type\":\"ImageObject\",\"inLanguage\":\"es\",\"@id\":\"https:\/\/galileo.energy\/es\/#\/schema\/logo\/image\/\",\"url\":\"https:\/\/galileo.energy\/wp-content\/uploads\/2022\/07\/Galileo-Branding.png\",\"contentUrl\":\"https:\/\/galileo.energy\/wp-content\/uploads\/2022\/07\/Galileo-Branding.png\",\"width\":885,\"height\":453,\"caption\":\"Galileo\"},\"image\":{\"@id\":\"https:\/\/galileo.energy\/es\/#\/schema\/logo\/image\/\"}}]}<\/script>\n<!-- \/ Yoast SEO plugin. -->","yoast_head_json":{"title":"Pol\u00edtica de privacidad | Galileo Green Energy","description":"Para ver la pol\u00edtica de privacidad de Galileo Green Energy, haga clic aqu\u00ed.","robots":{"index":"index","follow":"follow","max-snippet":"max-snippet:-1","max-image-preview":"max-image-preview:large","max-video-preview":"max-video-preview:-1"},"canonical":"https:\/\/galileo.energy\/es\/politica-de-privacidad\/","og_locale":"es_ES","og_type":"article","og_title":"Pol\u00edtica de privacidad | Galileo Green Energy","og_description":"Para ver la pol\u00edtica de privacidad de Galileo Green Energy, haga clic aqu\u00ed.","og_url":"https:\/\/galileo.energy\/es\/politica-de-privacidad\/","og_site_name":"Galileo Green Energy","article_modified_time":"2025-04-11T12:52:14+00:00","twitter_card":"summary_large_image","schema":{"@context":"https:\/\/schema.org","@graph":[{"@type":"WebPage","@id":"https:\/\/galileo.energy\/es\/politica-de-privacidad\/","url":"https:\/\/galileo.energy\/es\/politica-de-privacidad\/","name":"Pol\u00edtica de privacidad | Galileo Green Energy","isPartOf":{"@id":"https:\/\/galileo.energy\/es\/#website"},"datePublished":"2022-05-18T13:21:24+00:00","dateModified":"2025-04-11T12:52:14+00:00","description":"Para ver la pol\u00edtica de privacidad de Galileo Green Energy, haga clic aqu\u00ed.","breadcrumb":{"@id":"https:\/\/galileo.energy\/es\/politica-de-privacidad\/#breadcrumb"},"inLanguage":"es","potentialAction":[{"@type":"ReadAction","target":["https:\/\/galileo.energy\/es\/politica-de-privacidad\/"]}]},{"@type":"BreadcrumbList","@id":"https:\/\/galileo.energy\/es\/politica-de-privacidad\/#breadcrumb","itemListElement":[{"@type":"ListItem","position":1,"name":"Home","item":"https:\/\/galileo.energy\/es\/"},{"@type":"ListItem","position":2,"name":"Pol\u00edtica de privacidad"}]},{"@type":"WebSite","@id":"https:\/\/galileo.energy\/es\/#website","url":"https:\/\/galileo.energy\/es\/","name":"Galileo Green Energy","description":"","publisher":{"@id":"https:\/\/galileo.energy\/es\/#organization"},"potentialAction":[{"@type":"SearchAction","target":{"@type":"EntryPoint","urlTemplate":"https:\/\/galileo.energy\/es\/?s={search_term_string}"},"query-input":"required name=search_term_string"}],"inLanguage":"es"},{"@type":"Organization","@id":"https:\/\/galileo.energy\/es\/#organization","name":"Galileo","url":"https:\/\/galileo.energy\/es\/","logo":{"@type":"ImageObject","inLanguage":"es","@id":"https:\/\/galileo.energy\/es\/#\/schema\/logo\/image\/","url":"https:\/\/galileo.energy\/wp-content\/uploads\/2022\/07\/Galileo-Branding.png","contentUrl":"https:\/\/galileo.energy\/wp-content\/uploads\/2022\/07\/Galileo-Branding.png","width":885,"height":453,"caption":"Galileo"},"image":{"@id":"https:\/\/galileo.energy\/es\/#\/schema\/logo\/image\/"}}]}},"_links":{"self":[{"href":"https:\/\/galileo.energy\/es\/wp-json\/wp\/v2\/pages\/929"}],"collection":[{"href":"https:\/\/galileo.energy\/es\/wp-json\/wp\/v2\/pages"}],"about":[{"href":"https:\/\/galileo.energy\/es\/wp-json\/wp\/v2\/types\/page"}],"author":[{"embeddable":true,"href":"https:\/\/galileo.energy\/es\/wp-json\/wp\/v2\/users\/1"}],"replies":[{"embeddable":true,"href":"https:\/\/galileo.energy\/es\/wp-json\/wp\/v2\/comments?post=929"}],"version-history":[{"count":2,"href":"https:\/\/galileo.energy\/es\/wp-json\/wp\/v2\/pages\/929\/revisions"}],"predecessor-version":[{"id":4620,"href":"https:\/\/galileo.energy\/es\/wp-json\/wp\/v2\/pages\/929\/revisions\/4620"}],"wp:attachment":[{"href":"https:\/\/galileo.energy\/es\/wp-json\/wp\/v2\/media?parent=929"}],"curies":[{"name":"wp","href":"https:\/\/api.w.org\/{rel}","templated":true}]}}