{"id":881,"date":"2022-06-13T11:11:15","date_gmt":"2022-06-13T09:11:15","guid":{"rendered":"https:\/\/galileo.energy\/que-hacemos\/"},"modified":"2024-11-22T17:08:22","modified_gmt":"2024-11-22T16:08:22","slug":"que-hacemos","status":"publish","type":"page","link":"https:\/\/galileo.energy\/es\/que-hacemos\/","title":{"rendered":"Qu\u00e9 hacemos"},"content":{"rendered":"\n<style>\n    .img-hero-slider-induvidual-copy {\n        width: 1020px;\n    }\n<\/style>\n<section class=\"img-hero\">\n    <div class=\"img-hero-slider\">\n        <div class=\"img-hero-slider-induvidual lazyload\"\n             style=\"background-image:inherit;\" data-bg-image=\"linear-gradient(90deg, rgba(55,58,54,0.3) 0%, rgba(55,58,54,0.3) 0%), url(https:\/\/galileo.energy\/wp-content\/uploads\/2022\/07\/PV-diagonal-scaled.jpg)\">\n            <div class=\"img-hero-slider-induvidual-copy text-center\">\n                <p class=\"caption text-yellow text-center\"><\/p>\n                <h1>Hacemos realidad las energ\u00edas renovables.<\/h1>\n                <p class=\"text-white text-center\"><\/p>\n                            <\/div>\n        <\/div>\n    <\/div>\n<\/section>\n\n\n<section\n        class=\"copy \"\n        style=\"background-color:#9B5FA3; \">\n    <div class=\"copy-inner\">\n                    <h6 class=\"caption\" style=\"margin-top:0;\">NUESTRO ENFOQUE<\/h6>            <h3 class=\"text-white\">Trabajando con nuestros socios, construimos mejores proyectos, aumentamos la competitividad del sector y ayudamos a salvaguardar nuestro medio ambiente.<\/h3>\n                        <\/div>\n<\/section>\n\n\n<style>\n\n    .title-img {\n        strong {\n            font-size: inherit;\n            line-height: inherit;\n        }\n    }\n\n    .one-column {\n        flex-direction: column;\n        justify-content: center;\n        padding: 50px calc((60vw - 550px));\n        background: #EFEFEF;\n        margin: 50px 0;\n    }\n\n    .one-column p {\n        margin-bottom: 30px;\n        text-align: center;\n    }\n\n    @media only screen and (max-width: 640px) {\n        .title-img .btn-group {\n            flex-direction: column;\n        }\n        .title-img .btn-group a {\n            width: 100%!important;\n        }\n    }\n<\/style>\n\n<section class=\"title-img\">\n            <div class=\"text-img  spacer-top  spacer-bottom \">\n            <div class=\"text-img-left lazyload\"\n                 style=\"background-image:inherit;\" data-bg-image=\"url(https:\/\/galileo.energy\/wp-content\/uploads\/2022\/06\/jason-blackeye-s1w1SguZTI-unsplash-1.png)\">\n            <\/div>\n            <div class=\"text-img-right\">\n                <p class=\"fs-67\">El desarrollo est\u00e1 en la vanguardia de la transici\u00f3n energ\u00e9tica y tenemos que hacer m\u00e1s<\/p>\n                <p><p>Hay muchas barreras para el desarrollo de proyectos de energ\u00edas renovables, algunas necesarias y otras no. Trabajamos con nuestros socios para sacar adelante proyectos de energ\u00eda renovable de alta calidad a un ritmo r\u00e1pido. Galileo aporta capacidades especializadas, como la adquisici\u00f3n, la financiaci\u00f3n y la contrataci\u00f3n de PPA, como complemento a las propias \u00e1reas de especializaci\u00f3n de nuestros socios, como son la originaci\u00f3n de proyectos, tramitaci\u00f3n o el contacto con entes locales.<\/p>\n<\/p>\n                            <\/div>\n        <\/div>\n                    <div class=\"swirl\">\n                <img decoding=\"async\" data-src=\"https:\/\/galileo.energy\/wp-content\/themes\/gge\/src\/images\/swirl-grey.svg\" alt=\"\" src=\"data:image\/gif;base64,R0lGODlhAQABAAAAACH5BAEKAAEALAAAAAABAAEAAAICTAEAOw==\" class=\"lazyload\"><noscript><img decoding=\"async\" src=\"https:\/\/galileo.energy\/wp-content\/themes\/gge\/src\/images\/swirl-grey.svg\" alt=\"\"><\/noscript>\n            <\/div>\n            <\/section>\n\n \n \n\n\n\n\n<section class=\"cards \">\n    <div class=\"card\">\n        <div class=\"card-top\">\n            <h6 class=\"caption\">NUESTRAS CAPACIDADES<\/h6>\n            <h3><\/h3>\n        <\/div>\n        <div class=\"card-bottom\">\n                        <div class=\"card-bottom-induvidual\">\n                <img decoding=\"async\" data-src=\"https:\/\/galileo.energy\/wp-content\/uploads\/2022\/06\/Group-10.svg\" alt=\"\" src=\"data:image\/gif;base64,R0lGODlhAQABAAAAACH5BAEKAAEALAAAAAABAAEAAAICTAEAOw==\" class=\"lazyload\"><noscript><img decoding=\"async\" src=\"https:\/\/galileo.energy\/wp-content\/uploads\/2022\/06\/Group-10.svg\" alt=\"\"><\/noscript>\n                <h5 class=\"fs-32\">Desarrollar<\/h5>\n                <p>Proyectos competitivos de energ\u00eda renovable de la m\u00e1s alta calidad.<\/p>\n                            <\/div>\n                        <div class=\"card-bottom-induvidual\">\n                <img decoding=\"async\" data-src=\"https:\/\/galileo.energy\/wp-content\/uploads\/2022\/06\/Group-9.svg\" alt=\"\" src=\"data:image\/gif;base64,R0lGODlhAQABAAAAACH5BAEKAAEALAAAAAABAAEAAAICTAEAOw==\" class=\"lazyload\"><noscript><img decoding=\"async\" src=\"https:\/\/galileo.energy\/wp-content\/uploads\/2022\/06\/Group-9.svg\" alt=\"\"><\/noscript>\n                <h5 class=\"fs-32\">Comercializar<\/h5>\n                <p>Soluciones de energ\u00eda renovable a medida. <\/p>\n                            <\/div>\n                        <div class=\"card-bottom-induvidual\">\n                <img decoding=\"async\" data-src=\"https:\/\/galileo.energy\/wp-content\/uploads\/2022\/06\/Group-12.svg\" alt=\"\" src=\"data:image\/gif;base64,R0lGODlhAQABAAAAACH5BAEKAAEALAAAAAABAAEAAAICTAEAOw==\" class=\"lazyload\"><noscript><img decoding=\"async\" src=\"https:\/\/galileo.energy\/wp-content\/uploads\/2022\/06\/Group-12.svg\" alt=\"\"><\/noscript>\n                <h5 class=\"fs-32\">Finanzas<\/h5>\n                <p>Soluciones de financiaci\u00f3n innovadoras. <\/p>\n                            <\/div>\n                        <div class=\"card-bottom-induvidual\">\n                <img decoding=\"async\" data-src=\"https:\/\/galileo.energy\/wp-content\/uploads\/2022\/06\/Group-13.svg\" alt=\"\" src=\"data:image\/gif;base64,R0lGODlhAQABAAAAACH5BAEKAAEALAAAAAABAAEAAAICTAEAOw==\" class=\"lazyload\"><noscript><img decoding=\"async\" src=\"https:\/\/galileo.energy\/wp-content\/uploads\/2022\/06\/Group-13.svg\" alt=\"\"><\/noscript>\n                <h5 class=\"fs-32\">Construir<\/h5>\n                <p>Estrategias de ingenier\u00eda, compra y construcci\u00f3n. <\/p>\n                            <\/div>\n                        <div class=\"card-bottom-induvidual\">\n                <img decoding=\"async\" data-src=\"https:\/\/galileo.energy\/wp-content\/uploads\/2022\/06\/Group-14.svg\" alt=\"\" src=\"data:image\/gif;base64,R0lGODlhAQABAAAAACH5BAEKAAEALAAAAAABAAEAAAICTAEAOw==\" class=\"lazyload\"><noscript><img decoding=\"async\" src=\"https:\/\/galileo.energy\/wp-content\/uploads\/2022\/06\/Group-14.svg\" alt=\"\"><\/noscript>\n                <h5 class=\"fs-32\">Operar<\/h5>\n                <p>Gesti\u00f3n y optimizaci\u00f3n de proyectos operativos. <\/p>\n                            <\/div>\n                    <\/div>\n    <\/div>\n<\/section>\n\n\n<div style=\"height:50px\" aria-hidden=\"true\" class=\"wp-block-spacer\"><\/div>\n\n\n\n<section class=\"col-overlay \">\n        <div class=\"col-overlay-induvidual lazyload\" style=\"background-image:inherit;\" data-bg-image=\"url(https:\/\/galileo.energy\/wp-content\/uploads\/2024\/11\/Galileo_Career-page_Image_2.png)\">\n        <div class=\"col-overlay-induvidual-overlay\">\n            <div class=\"col-overlay-induvidual-overlay-inner text-white\">\n                <h3 class=\"fs-61 text-white\">Qui\u00e9nes somos<\/h3>\n                <div class=\"col-overlay-induvidual-overlay-inner-hide text-white\">\n                    <p><\/p>\n                    <a href=\"https:\/\/galileo.energy\/who-we-are\/\" class=\"btn-second\">CONOZCA M\u00c1S<\/a>\n                <\/div>\n            <\/div>\n        <\/div>\n    <\/div>\n        <div class=\"col-overlay-induvidual lazyload\" style=\"background-image:inherit;\" data-bg-image=\"url(https:\/\/galileo.energy\/wp-content\/uploads\/2022\/07\/Handshake-scaled.jpg)\">\n        <div class=\"col-overlay-induvidual-overlay\">\n            <div class=\"col-overlay-induvidual-overlay-inner text-white\">\n                <h3 class=\"fs-61 text-white\">Socios<\/h3>\n                <div class=\"col-overlay-induvidual-overlay-inner-hide text-white\">\n                    <p><\/p>\n                    <a href=\"https:\/\/galileo.energy\/partners\/\" class=\"btn-second\">CONOZCA M\u00c1S<\/a>\n                <\/div>\n            <\/div>\n        <\/div>\n    <\/div>\n    <\/section> \n\n\n<div style=\"height:50px\" aria-hidden=\"true\" class=\"wp-block-spacer\"><\/div>\n\n\n\n<section class=\"cta \">\n    <div class=\"cta-inner\">\n        <div class=\"cta-inner-left\">\n            <h1>Dando luz a las comunidades, impulsando el mundo<\/h1>\n        <\/div>\n        <div class=\"cta-inner-right\"> \n            <p class=\"text-white\"><\/p>\n        <\/div>\n        <a href=\"https:\/\/galileo.energy\/contact\/\" class=\"btn-first\">CONTACTO<\/a>\n    <\/div>\n<\/section> ","protected":false},"excerpt":{"rendered":"","protected":false},"author":1,"featured_media":725,"parent":0,"menu_order":0,"comment_status":"closed","ping_status":"closed","template":"","meta":{"_acf_changed":false,"footnotes":""},"acf":[],"yoast_head":"<!-- This site is optimized with the Yoast SEO plugin v23.0 - https:\/\/yoast.com\/wordpress\/plugins\/seo\/ -->\n<title>Desarrollo de Proyectos de Energ\u00edas Renovables | Galileo Green Energy<\/title>\n<meta name=\"description\" content=\"Galileo Green Energy es un promotor, propietario y operador paneuropeo de energ\u00edas renovables de m\u00faltiples tecnolog\u00edas. Lea m\u00e1s sobre nuestros proyectos aqu\u00ed.\" \/>\n<meta name=\"robots\" content=\"index, follow, max-snippet:-1, max-image-preview:large, max-video-preview:-1\" \/>\n<link rel=\"canonical\" href=\"https:\/\/galileo.energy\/es\/que-hacemos\/\" \/>\n<meta property=\"og:locale\" content=\"es_ES\" \/>\n<meta property=\"og:type\" content=\"article\" \/>\n<meta property=\"og:title\" content=\"Desarrollo de Proyectos de Energ\u00edas Renovables | Galileo Green Energy\" \/>\n<meta property=\"og:description\" content=\"Galileo Green Energy es un promotor, propietario y operador paneuropeo de energ\u00edas renovables de m\u00faltiples tecnolog\u00edas. Lea m\u00e1s sobre nuestros proyectos aqu\u00ed.\" \/>\n<meta property=\"og:url\" content=\"https:\/\/galileo.energy\/es\/que-hacemos\/\" \/>\n<meta property=\"og:site_name\" content=\"Galileo Green Energy\" \/>\n<meta property=\"article:modified_time\" content=\"2024-11-22T16:08:22+00:00\" \/>\n<meta property=\"og:image\" content=\"https:\/\/galileo.energy\/wp-content\/uploads\/2022\/07\/PV-diagonal-scaled.jpg\" \/>\n\t<meta property=\"og:image:width\" content=\"2560\" \/>\n\t<meta property=\"og:image:height\" content=\"1920\" \/>\n\t<meta property=\"og:image:type\" content=\"image\/jpeg\" \/>\n<meta name=\"twitter:card\" content=\"summary_large_image\" \/>\n<meta name=\"twitter:label1\" content=\"Tiempo de lectura\" \/>\n\t<meta name=\"twitter:data1\" content=\"1 minuto\" \/>\n<script type=\"application\/ld+json\" class=\"yoast-schema-graph\">{\"@context\":\"https:\/\/schema.org\",\"@graph\":[{\"@type\":\"WebPage\",\"@id\":\"https:\/\/galileo.energy\/es\/que-hacemos\/\",\"url\":\"https:\/\/galileo.energy\/es\/que-hacemos\/\",\"name\":\"Desarrollo de Proyectos de Energ\u00edas Renovables | Galileo Green Energy\",\"isPartOf\":{\"@id\":\"https:\/\/galileo.energy\/es\/#website\"},\"primaryImageOfPage\":{\"@id\":\"https:\/\/galileo.energy\/es\/que-hacemos\/#primaryimage\"},\"image\":{\"@id\":\"https:\/\/galileo.energy\/es\/que-hacemos\/#primaryimage\"},\"thumbnailUrl\":\"https:\/\/galileo.energy\/wp-content\/uploads\/2022\/07\/PV-diagonal-scaled.jpg\",\"datePublished\":\"2022-06-13T09:11:15+00:00\",\"dateModified\":\"2024-11-22T16:08:22+00:00\",\"description\":\"Galileo Green Energy es un promotor, propietario y operador paneuropeo de energ\u00edas renovables de m\u00faltiples tecnolog\u00edas. Lea m\u00e1s sobre nuestros proyectos aqu\u00ed.\",\"breadcrumb\":{\"@id\":\"https:\/\/galileo.energy\/es\/que-hacemos\/#breadcrumb\"},\"inLanguage\":\"es\",\"potentialAction\":[{\"@type\":\"ReadAction\",\"target\":[\"https:\/\/galileo.energy\/es\/que-hacemos\/\"]}]},{\"@type\":\"ImageObject\",\"inLanguage\":\"es\",\"@id\":\"https:\/\/galileo.energy\/es\/que-hacemos\/#primaryimage\",\"url\":\"https:\/\/galileo.energy\/wp-content\/uploads\/2022\/07\/PV-diagonal-scaled.jpg\",\"contentUrl\":\"https:\/\/galileo.energy\/wp-content\/uploads\/2022\/07\/PV-diagonal-scaled.jpg\",\"width\":2560,\"height\":1920},{\"@type\":\"BreadcrumbList\",\"@id\":\"https:\/\/galileo.energy\/es\/que-hacemos\/#breadcrumb\",\"itemListElement\":[{\"@type\":\"ListItem\",\"position\":1,\"name\":\"Home\",\"item\":\"https:\/\/galileo.energy\/es\/\"},{\"@type\":\"ListItem\",\"position\":2,\"name\":\"Qu\u00e9 hacemos\"}]},{\"@type\":\"WebSite\",\"@id\":\"https:\/\/galileo.energy\/es\/#website\",\"url\":\"https:\/\/galileo.energy\/es\/\",\"name\":\"Galileo Green Energy\",\"description\":\"\",\"publisher\":{\"@id\":\"https:\/\/galileo.energy\/es\/#organization\"},\"potentialAction\":[{\"@type\":\"SearchAction\",\"target\":{\"@type\":\"EntryPoint\",\"urlTemplate\":\"https:\/\/galileo.energy\/es\/?s={search_term_string}\"},\"query-input\":\"required name=search_term_string\"}],\"inLanguage\":\"es\"},{\"@type\":\"Organization\",\"@id\":\"https:\/\/galileo.energy\/es\/#organization\",\"name\":\"Galileo\",\"url\":\"https:\/\/galileo.energy\/es\/\",\"logo\":{\"@type\":\"ImageObject\",\"inLanguage\":\"es\",\"@id\":\"https:\/\/galileo.energy\/es\/#\/schema\/logo\/image\/\",\"url\":\"https:\/\/galileo.energy\/wp-content\/uploads\/2022\/07\/Galileo-Branding.png\",\"contentUrl\":\"https:\/\/galileo.energy\/wp-content\/uploads\/2022\/07\/Galileo-Branding.png\",\"width\":885,\"height\":453,\"caption\":\"Galileo\"},\"image\":{\"@id\":\"https:\/\/galileo.energy\/es\/#\/schema\/logo\/image\/\"}}]}<\/script>\n<!-- \/ Yoast SEO plugin. -->","yoast_head_json":{"title":"Desarrollo de Proyectos de Energ\u00edas Renovables | Galileo Green Energy","description":"Galileo Green Energy es un promotor, propietario y operador paneuropeo de energ\u00edas renovables de m\u00faltiples tecnolog\u00edas. Lea m\u00e1s sobre nuestros proyectos aqu\u00ed.","robots":{"index":"index","follow":"follow","max-snippet":"max-snippet:-1","max-image-preview":"max-image-preview:large","max-video-preview":"max-video-preview:-1"},"canonical":"https:\/\/galileo.energy\/es\/que-hacemos\/","og_locale":"es_ES","og_type":"article","og_title":"Desarrollo de Proyectos de Energ\u00edas Renovables | Galileo Green Energy","og_description":"Galileo Green Energy es un promotor, propietario y operador paneuropeo de energ\u00edas renovables de m\u00faltiples tecnolog\u00edas. Lea m\u00e1s sobre nuestros proyectos aqu\u00ed.","og_url":"https:\/\/galileo.energy\/es\/que-hacemos\/","og_site_name":"Galileo Green Energy","article_modified_time":"2024-11-22T16:08:22+00:00","og_image":[{"width":2560,"height":1920,"url":"https:\/\/galileo.energy\/wp-content\/uploads\/2022\/07\/PV-diagonal-scaled.jpg","type":"image\/jpeg"}],"twitter_card":"summary_large_image","twitter_misc":{"Tiempo de lectura":"1 minuto"},"schema":{"@context":"https:\/\/schema.org","@graph":[{"@type":"WebPage","@id":"https:\/\/galileo.energy\/es\/que-hacemos\/","url":"https:\/\/galileo.energy\/es\/que-hacemos\/","name":"Desarrollo de Proyectos de Energ\u00edas Renovables | Galileo Green Energy","isPartOf":{"@id":"https:\/\/galileo.energy\/es\/#website"},"primaryImageOfPage":{"@id":"https:\/\/galileo.energy\/es\/que-hacemos\/#primaryimage"},"image":{"@id":"https:\/\/galileo.energy\/es\/que-hacemos\/#primaryimage"},"thumbnailUrl":"https:\/\/galileo.energy\/wp-content\/uploads\/2022\/07\/PV-diagonal-scaled.jpg","datePublished":"2022-06-13T09:11:15+00:00","dateModified":"2024-11-22T16:08:22+00:00","description":"Galileo Green Energy es un promotor, propietario y operador paneuropeo de energ\u00edas renovables de m\u00faltiples tecnolog\u00edas. Lea m\u00e1s sobre nuestros proyectos aqu\u00ed.","breadcrumb":{"@id":"https:\/\/galileo.energy\/es\/que-hacemos\/#breadcrumb"},"inLanguage":"es","potentialAction":[{"@type":"ReadAction","target":["https:\/\/galileo.energy\/es\/que-hacemos\/"]}]},{"@type":"ImageObject","inLanguage":"es","@id":"https:\/\/galileo.energy\/es\/que-hacemos\/#primaryimage","url":"https:\/\/galileo.energy\/wp-content\/uploads\/2022\/07\/PV-diagonal-scaled.jpg","contentUrl":"https:\/\/galileo.energy\/wp-content\/uploads\/2022\/07\/PV-diagonal-scaled.jpg","width":2560,"height":1920},{"@type":"BreadcrumbList","@id":"https:\/\/galileo.energy\/es\/que-hacemos\/#breadcrumb","itemListElement":[{"@type":"ListItem","position":1,"name":"Home","item":"https:\/\/galileo.energy\/es\/"},{"@type":"ListItem","position":2,"name":"Qu\u00e9 hacemos"}]},{"@type":"WebSite","@id":"https:\/\/galileo.energy\/es\/#website","url":"https:\/\/galileo.energy\/es\/","name":"Galileo Green Energy","description":"","publisher":{"@id":"https:\/\/galileo.energy\/es\/#organization"},"potentialAction":[{"@type":"SearchAction","target":{"@type":"EntryPoint","urlTemplate":"https:\/\/galileo.energy\/es\/?s={search_term_string}"},"query-input":"required name=search_term_string"}],"inLanguage":"es"},{"@type":"Organization","@id":"https:\/\/galileo.energy\/es\/#organization","name":"Galileo","url":"https:\/\/galileo.energy\/es\/","logo":{"@type":"ImageObject","inLanguage":"es","@id":"https:\/\/galileo.energy\/es\/#\/schema\/logo\/image\/","url":"https:\/\/galileo.energy\/wp-content\/uploads\/2022\/07\/Galileo-Branding.png","contentUrl":"https:\/\/galileo.energy\/wp-content\/uploads\/2022\/07\/Galileo-Branding.png","width":885,"height":453,"caption":"Galileo"},"image":{"@id":"https:\/\/galileo.energy\/es\/#\/schema\/logo\/image\/"}}]}},"_links":{"self":[{"href":"https:\/\/galileo.energy\/es\/wp-json\/wp\/v2\/pages\/881"}],"collection":[{"href":"https:\/\/galileo.energy\/es\/wp-json\/wp\/v2\/pages"}],"about":[{"href":"https:\/\/galileo.energy\/es\/wp-json\/wp\/v2\/types\/page"}],"author":[{"embeddable":true,"href":"https:\/\/galileo.energy\/es\/wp-json\/wp\/v2\/users\/1"}],"replies":[{"embeddable":true,"href":"https:\/\/galileo.energy\/es\/wp-json\/wp\/v2\/comments?post=881"}],"version-history":[{"count":2,"href":"https:\/\/galileo.energy\/es\/wp-json\/wp\/v2\/pages\/881\/revisions"}],"predecessor-version":[{"id":3948,"href":"https:\/\/galileo.energy\/es\/wp-json\/wp\/v2\/pages\/881\/revisions\/3948"}],"wp:featuredmedia":[{"embeddable":true,"href":"https:\/\/galileo.energy\/es\/wp-json\/wp\/v2\/media\/725"}],"wp:attachment":[{"href":"https:\/\/galileo.energy\/es\/wp-json\/wp\/v2\/media?parent=881"}],"curies":[{"name":"wp","href":"https:\/\/api.w.org\/{rel}","templated":true}]}}