{"id":879,"date":"2022-06-13T11:11:24","date_gmt":"2022-06-13T09:11:24","guid":{"rendered":"https:\/\/galileo.energy\/socios\/"},"modified":"2025-10-21T17:09:27","modified_gmt":"2025-10-21T15:09:27","slug":"socios","status":"publish","type":"page","link":"https:\/\/galileo.energy\/es\/socios\/","title":{"rendered":"Socios"},"content":{"rendered":"\n<style>\n    .img-hero-slider-induvidual-copy {\n        width: 1020px;\n    }\n<\/style>\n<section class=\"img-hero\">\n    <div class=\"img-hero-slider\">\n        <div class=\"img-hero-slider-induvidual lazyload\"\n             style=\"background-image:inherit;\" data-bg-image=\"linear-gradient(90deg, rgba(55,58,54,0.3) 0%, rgba(55,58,54,0.3) 0%), url(https:\/\/galileo.energy\/wp-content\/uploads\/2022\/06\/nicholas-doherty-pONBhDyOFoM-unsplash.png)\">\n            <div class=\"img-hero-slider-induvidual-copy text-center\">\n                <p class=\"caption text-yellow text-center\"><\/p>\n                <h1>Juntos podemos crear el futuro<\/h1>\n                <p class=\"text-white text-center\"><\/p>\n                            <\/div>\n        <\/div>\n    <\/div>\n<\/section>\n\n\n<style>\n    .text-img-right a {\n        color: #939393;\n        text-decoration: underline;\n    }\n<\/style>\n\n<section class=\"text-img \">\n    <div class=\"text-img-left lazyload\" style=\"background-image:inherit;\" data-bg-image=\"url(https:\/\/galileo.energy\/wp-content\/uploads\/2022\/06\/pexels-andreea-ch-1166643-scaled.jpg)\">\n    <\/div>\n    <div class=\"text-img-right\" >\n        <p><p>El sector energ\u00e9tico en Europa est\u00e1 experimentando profundos cambios.<\/p>\n<p>Los expertos del sector debemos trabajar de la mano para construir el sector energ\u00e9tico seguro y sostenible del futuro. Por eso, nuestras asociaciones con promotores, propietarios de terrenos y consumidores de energ\u00eda ocupan un lugar destacado en nuestra estrategia empresarial.<\/p>\n<p>Actualmente trabajamos con 20 socios de desarrollo en toda Europa para realizar proyectos renovables de alta calidad a un ritmo r\u00e1pido. Nuestro experimentado equipo de gesti\u00f3n aporta un enfoque flexible y emprendedor, respaldado por un capital transparente y a largo plazo.<\/p>\n<p>Si deseas discutir c\u00f3mo podemos ayudar a hacer crecer tu negocio, por favor ponte en contacto enviando un correo electr\u00f3nico a <strong><u><a href=\"mailto:info@galileo.energy\">info@galileo.energy<\/a><\/u><\/strong>.<\/p>\n<\/p>\n        <p> <br><\/p>\n        <ul>\n                    <\/ul>\n    <\/div>\n<\/section>\n\n \n\n\n\n\n\n<section class=\"cards \">\n    <div class=\"card\">\n        <div class=\"card-top\">\n            <h6 class=\"caption\"><\/h6>\n            <h3>Nuestros socios<\/h3>\n        <\/div>\n        <div class=\"card-bottom\">\n                        <div class=\"card-bottom-induvidual\">\n                <img decoding=\"async\" data-src=\"https:\/\/galileo.energy\/wp-content\/uploads\/2022\/07\/Handshake-scaled.jpg\" alt=\"\" src=\"data:image\/gif;base64,R0lGODlhAQABAAAAACH5BAEKAAEALAAAAAABAAEAAAICTAEAOw==\" class=\"lazyload\" style=\"--smush-placeholder-width: 2560px; --smush-placeholder-aspect-ratio: 2560\/1707;\"><noscript><img decoding=\"async\" src=\"https:\/\/galileo.energy\/wp-content\/uploads\/2022\/07\/Handshake-scaled.jpg\" alt=\"\"><\/noscript>\n                <h5 class=\"fs-32\">Socios de desarrollo <\/h5>\n                <p>Siempre hay espacio para m\u00e1s oportunidades de desarrollo. La visibilidad de objetivos a largo plazo, el trabajo en equipo orientado a resultados as\u00ed como atractivos incentivos con horizontes temporales hasta 2030, est\u00e1n a su disposici\u00f3n en una asociaci\u00f3n de codesarrollo. <\/p>\n                <a href=\"https:\/\/galileo.energy\/contact\/\"><img decoding=\"async\" data-src=\"https:\/\/galileo.energy\/wp-content\/themes\/gge\/src\/images\/card-btn.svg\" alt=\"Socios de desarrollo \" src=\"data:image\/gif;base64,R0lGODlhAQABAAAAACH5BAEKAAEALAAAAAABAAEAAAICTAEAOw==\" class=\"lazyload\"><noscript><img decoding=\"async\" src=\"https:\/\/galileo.energy\/wp-content\/themes\/gge\/src\/images\/card-btn.svg\" alt=\"Socios de desarrollo \"><\/noscript><\/a>            <\/div>\n                        <div class=\"card-bottom-induvidual\">\n                <img decoding=\"async\" data-src=\"https:\/\/galileo.energy\/wp-content\/uploads\/2022\/06\/Electricity.jpeg\" alt=\"\" src=\"data:image\/gif;base64,R0lGODlhAQABAAAAACH5BAEKAAEALAAAAAABAAEAAAICTAEAOw==\" class=\"lazyload\" style=\"--smush-placeholder-width: 1920px; --smush-placeholder-aspect-ratio: 1920\/1280;\"><noscript><img decoding=\"async\" src=\"https:\/\/galileo.energy\/wp-content\/uploads\/2022\/06\/Electricity.jpeg\" alt=\"\"><\/noscript>\n                <h5 class=\"fs-32\">Socios energ\u00e9ticos<\/h5>\n                <p>Estamos dispuestos a trabajar con socios que quieran soluciones de suministro de energ\u00eda renovable para clientes finales, minoristas y mayoristas. Si quiere entrar en el suministro de energ\u00eda verde a largo plazo, incluso transfronterizo.<\/p>\n                <a href=\"https:\/\/galileo.energy\/contact\/\"><img decoding=\"async\" data-src=\"https:\/\/galileo.energy\/wp-content\/themes\/gge\/src\/images\/card-btn.svg\" alt=\"Socios energ\u00e9ticos\" src=\"data:image\/gif;base64,R0lGODlhAQABAAAAACH5BAEKAAEALAAAAAABAAEAAAICTAEAOw==\" class=\"lazyload\"><noscript><img decoding=\"async\" src=\"https:\/\/galileo.energy\/wp-content\/themes\/gge\/src\/images\/card-btn.svg\" alt=\"Socios energ\u00e9ticos\"><\/noscript><\/a>            <\/div>\n                        <div class=\"card-bottom-induvidual\">\n                <img decoding=\"async\" data-src=\"https:\/\/galileo.energy\/wp-content\/uploads\/2025\/10\/istock-1454004381.webp\" alt=\"\" src=\"data:image\/gif;base64,R0lGODlhAQABAAAAACH5BAEKAAEALAAAAAABAAEAAAICTAEAOw==\" class=\"lazyload\" style=\"--smush-placeholder-width: 1920px; --smush-placeholder-aspect-ratio: 1920\/1279;\"><noscript><img decoding=\"async\" src=\"https:\/\/galileo.energy\/wp-content\/uploads\/2025\/10\/istock-1454004381.webp\" alt=\"\"><\/noscript>\n                <h5 class=\"fs-32\">Propietarios de Tierras<\/h5>\n                <p>Queremos trabajar con propietarios de tierras, agricultores, comunidades, ciudades y cooperativas, para crear asociaciones locales de suministro de energ\u00eda que acerquen los beneficios de la generaci\u00f3n renovable a los hogares. <\/p>\n                <a href=\"https:\/\/galileo.energy\/contact\/\"><img decoding=\"async\" data-src=\"https:\/\/galileo.energy\/wp-content\/themes\/gge\/src\/images\/card-btn.svg\" alt=\"Propietarios de Tierras\" src=\"data:image\/gif;base64,R0lGODlhAQABAAAAACH5BAEKAAEALAAAAAABAAEAAAICTAEAOw==\" class=\"lazyload\"><noscript><img decoding=\"async\" src=\"https:\/\/galileo.energy\/wp-content\/themes\/gge\/src\/images\/card-btn.svg\" alt=\"Propietarios de Tierras\"><\/noscript><\/a>            <\/div>\n                    <\/div>\n    <\/div>\n<\/section>\n\n\n<section class=\"cta \">\n    <div class=\"cta-inner\">\n        <div class=\"cta-inner-left\">\n            <h1>Su viaje hacia un futuro sostenible comienza aqu\u00ed<\/h1>\n        <\/div>\n        <div class=\"cta-inner-right\"> \n            <p class=\"text-white\"><\/p>\n        <\/div>\n        <a href=\"https:\/\/galileo.energy\/contact\/\" class=\"btn-first\">Contacto<\/a>\n    <\/div>\n<\/section> ","protected":false},"excerpt":{"rendered":"","protected":false},"author":1,"featured_media":0,"parent":0,"menu_order":0,"comment_status":"closed","ping_status":"closed","template":"","meta":{"_acf_changed":false,"footnotes":""},"acf":[],"yoast_head":"<!-- This site is optimized with the Yoast SEO plugin v23.0 - https:\/\/yoast.com\/wordpress\/plugins\/seo\/ -->\n<title>Socios | Galileo Green Energy<\/title>\n<meta name=\"description\" content=\"Para m\u00e1s informaci\u00f3n sobre c\u00f3mo convertirse en socio de Galileo Green Energy, haga clic aqu\u00ed.\" \/>\n<meta name=\"robots\" content=\"index, follow, max-snippet:-1, max-image-preview:large, max-video-preview:-1\" \/>\n<link rel=\"canonical\" href=\"https:\/\/galileo.energy\/es\/socios\/\" \/>\n<meta property=\"og:locale\" content=\"es_ES\" \/>\n<meta property=\"og:type\" content=\"article\" \/>\n<meta property=\"og:title\" content=\"Socios | Galileo Green Energy\" \/>\n<meta property=\"og:description\" content=\"Para m\u00e1s informaci\u00f3n sobre c\u00f3mo convertirse en socio de Galileo Green Energy, haga clic aqu\u00ed.\" \/>\n<meta property=\"og:url\" content=\"https:\/\/galileo.energy\/es\/socios\/\" \/>\n<meta property=\"og:site_name\" content=\"Galileo Green Energy\" \/>\n<meta property=\"article:modified_time\" content=\"2025-10-21T15:09:27+00:00\" \/>\n<meta name=\"twitter:card\" content=\"summary_large_image\" \/>\n<script type=\"application\/ld+json\" class=\"yoast-schema-graph\">{\"@context\":\"https:\/\/schema.org\",\"@graph\":[{\"@type\":\"WebPage\",\"@id\":\"https:\/\/galileo.energy\/es\/socios\/\",\"url\":\"https:\/\/galileo.energy\/es\/socios\/\",\"name\":\"Socios | Galileo Green Energy\",\"isPartOf\":{\"@id\":\"https:\/\/galileo.energy\/es\/#website\"},\"datePublished\":\"2022-06-13T09:11:24+00:00\",\"dateModified\":\"2025-10-21T15:09:27+00:00\",\"description\":\"Para m\u00e1s informaci\u00f3n sobre c\u00f3mo convertirse en socio de Galileo Green Energy, haga clic aqu\u00ed.\",\"breadcrumb\":{\"@id\":\"https:\/\/galileo.energy\/es\/socios\/#breadcrumb\"},\"inLanguage\":\"es\",\"potentialAction\":[{\"@type\":\"ReadAction\",\"target\":[\"https:\/\/galileo.energy\/es\/socios\/\"]}]},{\"@type\":\"BreadcrumbList\",\"@id\":\"https:\/\/galileo.energy\/es\/socios\/#breadcrumb\",\"itemListElement\":[{\"@type\":\"ListItem\",\"position\":1,\"name\":\"Home\",\"item\":\"https:\/\/galileo.energy\/es\/\"},{\"@type\":\"ListItem\",\"position\":2,\"name\":\"Socios\"}]},{\"@type\":\"WebSite\",\"@id\":\"https:\/\/galileo.energy\/es\/#website\",\"url\":\"https:\/\/galileo.energy\/es\/\",\"name\":\"Galileo Green Energy\",\"description\":\"\",\"publisher\":{\"@id\":\"https:\/\/galileo.energy\/es\/#organization\"},\"potentialAction\":[{\"@type\":\"SearchAction\",\"target\":{\"@type\":\"EntryPoint\",\"urlTemplate\":\"https:\/\/galileo.energy\/es\/?s={search_term_string}\"},\"query-input\":\"required name=search_term_string\"}],\"inLanguage\":\"es\"},{\"@type\":\"Organization\",\"@id\":\"https:\/\/galileo.energy\/es\/#organization\",\"name\":\"Galileo\",\"url\":\"https:\/\/galileo.energy\/es\/\",\"logo\":{\"@type\":\"ImageObject\",\"inLanguage\":\"es\",\"@id\":\"https:\/\/galileo.energy\/es\/#\/schema\/logo\/image\/\",\"url\":\"https:\/\/galileo.energy\/wp-content\/uploads\/2022\/07\/Galileo-Branding.png\",\"contentUrl\":\"https:\/\/galileo.energy\/wp-content\/uploads\/2022\/07\/Galileo-Branding.png\",\"width\":885,\"height\":453,\"caption\":\"Galileo\"},\"image\":{\"@id\":\"https:\/\/galileo.energy\/es\/#\/schema\/logo\/image\/\"}}]}<\/script>\n<!-- \/ Yoast SEO plugin. -->","yoast_head_json":{"title":"Socios | Galileo Green Energy","description":"Para m\u00e1s informaci\u00f3n sobre c\u00f3mo convertirse en socio de Galileo Green Energy, haga clic aqu\u00ed.","robots":{"index":"index","follow":"follow","max-snippet":"max-snippet:-1","max-image-preview":"max-image-preview:large","max-video-preview":"max-video-preview:-1"},"canonical":"https:\/\/galileo.energy\/es\/socios\/","og_locale":"es_ES","og_type":"article","og_title":"Socios | Galileo Green Energy","og_description":"Para m\u00e1s informaci\u00f3n sobre c\u00f3mo convertirse en socio de Galileo Green Energy, haga clic aqu\u00ed.","og_url":"https:\/\/galileo.energy\/es\/socios\/","og_site_name":"Galileo Green Energy","article_modified_time":"2025-10-21T15:09:27+00:00","twitter_card":"summary_large_image","schema":{"@context":"https:\/\/schema.org","@graph":[{"@type":"WebPage","@id":"https:\/\/galileo.energy\/es\/socios\/","url":"https:\/\/galileo.energy\/es\/socios\/","name":"Socios | Galileo Green Energy","isPartOf":{"@id":"https:\/\/galileo.energy\/es\/#website"},"datePublished":"2022-06-13T09:11:24+00:00","dateModified":"2025-10-21T15:09:27+00:00","description":"Para m\u00e1s informaci\u00f3n sobre c\u00f3mo convertirse en socio de Galileo Green Energy, haga clic aqu\u00ed.","breadcrumb":{"@id":"https:\/\/galileo.energy\/es\/socios\/#breadcrumb"},"inLanguage":"es","potentialAction":[{"@type":"ReadAction","target":["https:\/\/galileo.energy\/es\/socios\/"]}]},{"@type":"BreadcrumbList","@id":"https:\/\/galileo.energy\/es\/socios\/#breadcrumb","itemListElement":[{"@type":"ListItem","position":1,"name":"Home","item":"https:\/\/galileo.energy\/es\/"},{"@type":"ListItem","position":2,"name":"Socios"}]},{"@type":"WebSite","@id":"https:\/\/galileo.energy\/es\/#website","url":"https:\/\/galileo.energy\/es\/","name":"Galileo Green Energy","description":"","publisher":{"@id":"https:\/\/galileo.energy\/es\/#organization"},"potentialAction":[{"@type":"SearchAction","target":{"@type":"EntryPoint","urlTemplate":"https:\/\/galileo.energy\/es\/?s={search_term_string}"},"query-input":"required name=search_term_string"}],"inLanguage":"es"},{"@type":"Organization","@id":"https:\/\/galileo.energy\/es\/#organization","name":"Galileo","url":"https:\/\/galileo.energy\/es\/","logo":{"@type":"ImageObject","inLanguage":"es","@id":"https:\/\/galileo.energy\/es\/#\/schema\/logo\/image\/","url":"https:\/\/galileo.energy\/wp-content\/uploads\/2022\/07\/Galileo-Branding.png","contentUrl":"https:\/\/galileo.energy\/wp-content\/uploads\/2022\/07\/Galileo-Branding.png","width":885,"height":453,"caption":"Galileo"},"image":{"@id":"https:\/\/galileo.energy\/es\/#\/schema\/logo\/image\/"}}]}},"_links":{"self":[{"href":"https:\/\/galileo.energy\/es\/wp-json\/wp\/v2\/pages\/879"}],"collection":[{"href":"https:\/\/galileo.energy\/es\/wp-json\/wp\/v2\/pages"}],"about":[{"href":"https:\/\/galileo.energy\/es\/wp-json\/wp\/v2\/types\/page"}],"author":[{"embeddable":true,"href":"https:\/\/galileo.energy\/es\/wp-json\/wp\/v2\/users\/1"}],"replies":[{"embeddable":true,"href":"https:\/\/galileo.energy\/es\/wp-json\/wp\/v2\/comments?post=879"}],"version-history":[{"count":4,"href":"https:\/\/galileo.energy\/es\/wp-json\/wp\/v2\/pages\/879\/revisions"}],"predecessor-version":[{"id":5299,"href":"https:\/\/galileo.energy\/es\/wp-json\/wp\/v2\/pages\/879\/revisions\/5299"}],"wp:attachment":[{"href":"https:\/\/galileo.energy\/es\/wp-json\/wp\/v2\/media?parent=879"}],"curies":[{"name":"wp","href":"https:\/\/api.w.org\/{rel}","templated":true}]}}