{"id":875,"date":"2022-06-13T11:01:23","date_gmt":"2022-06-13T09:01:23","guid":{"rendered":"https:\/\/galileo.energy\/quienes-somos\/"},"modified":"2025-06-16T17:51:29","modified_gmt":"2025-06-16T15:51:29","slug":"quienes-somos","status":"publish","type":"page","link":"https:\/\/galileo.energy\/es\/quienes-somos\/","title":{"rendered":"Qui\u00e9nes somos"},"content":{"rendered":"\n<style>\n    .img-hero-slider-induvidual-copy {\n        width: 1020px;\n    }\n<\/style>\n<section class=\"img-hero\">\n    <div class=\"img-hero-slider\">\n        <div class=\"img-hero-slider-induvidual lazyload\"\n             style=\"background-image:inherit;\" data-bg-image=\"linear-gradient(90deg, rgba(55,58,54,0.3) 0%, rgba(55,58,54,0.3) 0%), url(https:\/\/galileo.energy\/wp-content\/uploads\/2022\/06\/Image-1.png)\">\n            <div class=\"img-hero-slider-induvidual-copy text-center\">\n                <p class=\"caption text-yellow text-center\"><\/p>\n                <h1>Dando luz a las comunidades, suministrando energ\u00eda al mundo.<\/h1>\n                <p class=\"text-white text-center\"><\/p>\n                            <\/div>\n        <\/div>\n    <\/div>\n<\/section>\n\n\n<section\n        class=\"copy \"\n        style=\"background-color:#9B5FA3; \">\n    <div class=\"copy-inner\">\n                    <h6 class=\"caption\" style=\"margin-top:0;\">NUESTRA PROPUESTA DE VALOR<\/h6>            <h3 class=\"text-white\">Nuestro impacto local, experiencia de mercado e inversi\u00f3n comprometida, crean un valor caldo de cultivo s\u00f3lido y duradero. <\/h3>\n                        <\/div>\n<\/section>\n\n\n<section class=\"text-col  spacer-bottom \">\n    <div class=\"text-col-left\">\n        <h2>Somos proactivos para aportar soluciones que ayuden a cambiar el mundo<\/h2>\n    <\/div>\n    <div class=\"text-col-right\">\n        <p>Desarrollamos proyectos de energ\u00eda verde que potencian comunidades e industrias. Al contribuir de forma significativa a la transici\u00f3n energ\u00e9tica europea, contribuimos a facilitar el acceso a la energ\u00eda y a salvaguardar el medio ambiente. Todas nuestras actividades se enmarcan en una \u00e9tica s\u00f3lida y en las mejores pr\u00e1cticas en torno a los principios medioambientales, sociales y de gobernanza. Actuamos con transparencia. Galileo se fund\u00f3 en 2020 cuando Ingmar Wilhelm y HRL Morrison &#038; Co. unieron sus fuerzas para crear una nueva plataforma de energ\u00edas renovables. Antes de su lanzamiento, nuestro equipo directivo ya contaba con un historial probado en el desarrollo de negocio de energ\u00edas renovables, multitecnolog\u00eda as\u00ed como de soluciones off-take comerciales a nivel global.. Y ahora, con un respaldo transparente, profesional y de inversores a largo plazo, estamos creciendo a buen ritmo como promotor, propietario y operador de energ\u00edas renovables paneuropeo y multitecnol\u00f3gico.<\/p>\n    <\/div>\n<\/section>\n\n\n<style>\n    .col-dark {\n        color: #ffffff;\n        padding: 50px 0;\n    }\n    .col-dark h3,\n    .col-dark h5,\n    .col-dark p {\n        color: #ffffff;\n    }\n<\/style>\n\n<section\n        style=\"background-color:#FFFFFF !important;\"\n        class=\"spacer-bottom \">\n    <div class=\"col-top\">\n        <h6 class=\"caption\"><\/h6>\n        <h3>Nuestros inversores a largo plazo<\/h3>\n    <\/div>\n    <div class=\"col-bottom\" style=\"margin:0 50px;\">\n                    <div class=\"col-bottom-induvidual\" style=\"text-align:left;\">\n                <img decoding=\"async\" data-src=\"https:\/\/galileo.energy\/wp-content\/uploads\/2025\/04\/Logo_Infratil_Hor_CMYK_2025-7.png\"\n                     alt=\"Infratil\" style=\"--smush-placeholder-width: 185px; --smush-placeholder-aspect-ratio: 185\/68;max-width:unset;\" src=\"data:image\/gif;base64,R0lGODlhAQABAAAAACH5BAEKAAEALAAAAAABAAEAAAICTAEAOw==\" class=\"lazyload\"><noscript><img decoding=\"async\" src=\"https:\/\/galileo.energy\/wp-content\/uploads\/2025\/04\/Logo_Infratil_Hor_CMYK_2025-7.png\"\n                     alt=\"Infratil\" style=\"max-width:unset;\"><\/noscript>\n                <h5 style=\"font-size:18px;margin-bottom:0;\">Infratil<\/h5>\n                <p style=\"font-size:16px;line-height: 26px;\">Infratil es una empresa de inversi\u00f3n en infraestructuras centrada en activos en los sectores de energ\u00edas renovables, digital, salud y aeropuertos. La empresa cotiza en las bolsas de Nueva Zelanda y Australia (NZX, IFT.ASX).<\/p>\n            <\/div>\n                    <div class=\"col-bottom-induvidual\" style=\"text-align:left;\">\n                <img decoding=\"async\" data-src=\"https:\/\/galileo.energy\/wp-content\/uploads\/2024\/07\/csc-logo.png\"\n                     alt=\"Commonwealth Superannuation Corporation (CSC)\" style=\"--smush-placeholder-width: 188px; --smush-placeholder-aspect-ratio: 188\/68;max-width:unset;\" src=\"data:image\/gif;base64,R0lGODlhAQABAAAAACH5BAEKAAEALAAAAAABAAEAAAICTAEAOw==\" class=\"lazyload\"><noscript><img decoding=\"async\" src=\"https:\/\/galileo.energy\/wp-content\/uploads\/2024\/07\/csc-logo.png\"\n                     alt=\"Commonwealth Superannuation Corporation (CSC)\" style=\"max-width:unset;\"><\/noscript>\n                <h5 style=\"font-size:18px;margin-bottom:0;\">Commonwealth Superannuation Corporation (CSC)<\/h5>\n                <p style=\"font-size:16px;line-height: 26px;\">CSC gestiona los fondos de pensiones dise\u00f1ados espec\u00edficamente para los empleados del Gobierno de Australia y las Fuerzas Armadas. CSC tiene m\u00e1s de 70 mm de AUD (diciembre 2024) invertidos en activos p\u00fablicos y privados de alta calidad, incluidos parques e\u00f3licos e iniciativas de energ\u00eda renovable que contribuyen al suministro neto de nuevos activos para la transici\u00f3n energ\u00e9tica.<\/p>\n            <\/div>\n                    <div class=\"col-bottom-induvidual\" style=\"text-align:left;\">\n                <img decoding=\"async\" data-src=\"https:\/\/galileo.energy\/wp-content\/uploads\/2024\/07\/nzsuperfund-logo.png\"\n                     alt=\"New Zealand Super Fund \" style=\"--smush-placeholder-width: 179px; --smush-placeholder-aspect-ratio: 179\/68;max-width:unset;\" src=\"data:image\/gif;base64,R0lGODlhAQABAAAAACH5BAEKAAEALAAAAAABAAEAAAICTAEAOw==\" class=\"lazyload\"><noscript><img decoding=\"async\" src=\"https:\/\/galileo.energy\/wp-content\/uploads\/2024\/07\/nzsuperfund-logo.png\"\n                     alt=\"New Zealand Super Fund \" style=\"max-width:unset;\"><\/noscript>\n                <h5 style=\"font-size:18px;margin-bottom:0;\">New Zealand Super Fund <\/h5>\n                <p style=\"font-size:16px;line-height: 26px;\">El New Zealand Super Fund es un fondo soberano de 80,3 mm de NZD (diciembre 2024) establecido por el Gobierno de Nueva Zelanda para prefinanciar parcialmente el costo futuro de los pagos de pensiones universales. El fondo es gestionado por los Guardians of New Zealand Superannuation, una entidad estatal.<\/p>\n            <\/div>\n                    <div class=\"col-bottom-induvidual\" style=\"text-align:left;\">\n                <img decoding=\"async\" data-src=\"https:\/\/galileo.energy\/wp-content\/uploads\/2024\/07\/morrison-logo.png\"\n                     alt=\"Morrison &#038; Co Growth Infrastructure Fund (MGIFER)\" style=\"--smush-placeholder-width: 192px; --smush-placeholder-aspect-ratio: 192\/68;max-width:unset;\" src=\"data:image\/gif;base64,R0lGODlhAQABAAAAACH5BAEKAAEALAAAAAABAAEAAAICTAEAOw==\" class=\"lazyload\"><noscript><img decoding=\"async\" src=\"https:\/\/galileo.energy\/wp-content\/uploads\/2024\/07\/morrison-logo.png\"\n                     alt=\"Morrison &#038; Co Growth Infrastructure Fund (MGIFER)\" style=\"max-width:unset;\"><\/noscript>\n                <h5 style=\"font-size:18px;margin-bottom:0;\">Morrison &#038; Co Growth Infrastructure Fund (MGIFER)<\/h5>\n                <p style=\"font-size:16px;line-height: 26px;\">MGIFER es gestionado por Morrison, un l\u00edder global en gesti\u00f3n de infraestructuras, con m\u00e1s de 28 mm de USD (marzo 2025) en activos bajo gesti\u00f3n. Morrison es una firma de inversi\u00f3n privada fundada en 1988 como un gestor especializado en inversiones alternativas y ha estado invirtiendo en infraestructuras durante m\u00e1s de tres d\u00e9cadas. La estrategia de gesti\u00f3n de inversiones se centra en \u00abideas que importan\u00bb, con un enfoque sectorial diversificado basado en fuertes tendencias seculares que est\u00e1n moldeando los futuros servicios esenciales y las necesidades sociales.<\/p>\n            <\/div>\n            <\/div>\n<\/section> \n\n\n<style>\n    .text-img-right a {\n        color: #939393;\n        text-decoration: underline;\n    }\n<\/style>\n\n<section class=\"d-none text-img \">\n    <div class=\"text-img-left lazyload\" style=\"background-image:inherit;\" data-bg-image=\"url(https:\/\/galileo.energy\/wp-content\/uploads\/2022\/06\/Logo-Ingmar-for-Launch-scaled.jpg)\">\n    <\/div>\n    <div class=\"text-img-right\" >\n        <p><p>Galileo se fund\u00f3 en 2020 cuando Ingmar Wilhelm y HRL Morrison &amp; Co. unieron sus fuerzas para crear una nueva plataforma de energ\u00edas renovables. Antes de su lanzamiento, nuestro equipo directivo ya contaba con un historial probado en el desarrollo de negocio de energ\u00edas renovables, multitecnolog\u00eda as\u00ed como de soluciones off-take comerciales a nivel global.. Y ahora, con un respaldo transparente, profesional y de inversores a largo plazo, estamos creciendo a buen ritmo como promotor, propietario y operador de energ\u00edas renovables paneuropeo y multitecnol\u00f3gico.<\/p>\n<p>Nuestros inversores a largo plazo:<\/p>\n<ul>\n<li>Infratil Limited<\/li>\n<li>Commonwealth Superannuation Corporation<\/li>\n<li>New Zealand Superannuation Fund<\/li>\n<li>Morrison &amp; Co Growth Infrastructure Fund<\/li>\n<\/ul>\n<\/p>\n        <p> <br><\/p>\n        <ul>\n                    <\/ul>\n    <\/div>\n<\/section>\n\n \n\n\n\n\n\n<style>\n\n    .title-img {\n        strong {\n            font-size: inherit;\n            line-height: inherit;\n        }\n    }\n\n    .one-column {\n        flex-direction: column;\n        justify-content: center;\n        padding: 50px calc((60vw - 550px));\n        background: #EFEFEF;\n        margin: 50px 0;\n    }\n\n    .one-column p {\n        margin-bottom: 30px;\n        text-align: center;\n    }\n\n    @media only screen and (max-width: 640px) {\n        .title-img .btn-group {\n            flex-direction: column;\n        }\n        .title-img .btn-group a {\n            width: 100%!important;\n        }\n    }\n<\/style>\n\n<section class=\"title-img\">\n                        <div class=\"world-top\" style=\"background-color:#45babd !important;\">\n                <div class=\"world-top-inner\" style=\"color: #ffffff; font-size: 19px;\">\n                    <h6 class=\"caption text-black\">NUESTROS MERCADOS<\/h6>\n                                        <p class=\"text-white\"><h3 style=\"color: #ffffff; mrgin-bottom: 5px;\">Una presencia paneuropea<\/h3>\n<p>Desarrollamos activamente proyectos de energ\u00eda renovable a gran escala en varios pa\u00edses europeos, incluyendo\u00a0Alemania, Espa\u00f1a, Finlandia, Francia, Irlanda, Italia, Noruega, Polonia, Reino Unido y Suecia. Nuestra presencia geogr\u00e1fica sigue creciendo gracias a la expansi\u00f3n de nuestros equipos de desarrollo de greenfield y a las asociaciones de desarrollo a largo plazo.<\/p>\n<\/p>\n                <\/div>\n            <\/div>\n            <div class=\"text-img one-column\" style=\"margin-top: 0;\">\n                <img decoding=\"async\" style=\"--smush-placeholder-width: 1912px; --smush-placeholder-aspect-ratio: 1912\/1728;max-width: 100%;padding: 20px\" data-src=\"https:\/\/galileo.energy\/wp-content\/uploads\/2025\/01\/Galileo_Our-Presence-in-Europe_Map_January-2025.png\" alt=\"NUESTROS MERCADOS\" src=\"data:image\/gif;base64,R0lGODlhAQABAAAAACH5BAEKAAEALAAAAAABAAEAAAICTAEAOw==\" class=\"lazyload\" \/><noscript><img decoding=\"async\" style=\"max-width: 100%;padding: 20px\" src=\"https:\/\/galileo.energy\/wp-content\/uploads\/2025\/01\/Galileo_Our-Presence-in-Europe_Map_January-2025.png\" alt=\"NUESTROS MERCADOS\"\/><\/noscript>\n            <\/div>\n            <\/section>\n\n \n \n\n\n\n\n\n<div style=\"height:50px\" aria-hidden=\"true\" class=\"wp-block-spacer\"><\/div>\n\n\n\n<style>\n    .col-dark {\n        color: #ffffff;\n        padding: 50px 0;\n    }\n    .col-dark h3,\n    .col-dark h5,\n    .col-dark p {\n        color: #ffffff;\n    }\n<\/style>\n\n<section\n        style=\"background-color: !important;\"\n        class=\"spacer-bottom \">\n    <div class=\"col-top\">\n        <h6 class=\"caption\">NUESTROS VALORES<\/h6>\n        <h3>Nos esforzamos por ser:<\/h3>\n    <\/div>\n    <div class=\"col-bottom\">\n                    <div class=\"col-bottom-induvidual\">\n                <img decoding=\"async\" data-src=\"https:\/\/galileo.energy\/wp-content\/uploads\/2022\/06\/Group-3.svg\"\n                     alt=\"Emprendedores\" src=\"data:image\/gif;base64,R0lGODlhAQABAAAAACH5BAEKAAEALAAAAAABAAEAAAICTAEAOw==\" class=\"lazyload\"><noscript><img decoding=\"async\" src=\"https:\/\/galileo.energy\/wp-content\/uploads\/2022\/06\/Group-3.svg\"\n                     alt=\"Emprendedores\"><\/noscript>\n                <h5>Emprendedores<\/h5>\n                <p>Probar nuevas ideas y asumir responsabilidades<\/p>\n            <\/div>\n                    <div class=\"col-bottom-induvidual\">\n                <img decoding=\"async\" data-src=\"https:\/\/galileo.energy\/wp-content\/uploads\/2022\/06\/Group-14.svg\"\n                     alt=\"\u00c1giles\" src=\"data:image\/gif;base64,R0lGODlhAQABAAAAACH5BAEKAAEALAAAAAABAAEAAAICTAEAOw==\" class=\"lazyload\"><noscript><img decoding=\"async\" src=\"https:\/\/galileo.energy\/wp-content\/uploads\/2022\/06\/Group-14.svg\"\n                     alt=\"\u00c1giles\"><\/noscript>\n                <h5>\u00c1giles<\/h5>\n                <p>Adaptaci\u00f3n r\u00e1pida desde unos cimientos s\u00f3lidos<\/p>\n            <\/div>\n                    <div class=\"col-bottom-induvidual\">\n                <img decoding=\"async\" data-src=\"https:\/\/galileo.energy\/wp-content\/uploads\/2022\/06\/Group-10.svg\"\n                     alt=\"Colaborativos\" src=\"data:image\/gif;base64,R0lGODlhAQABAAAAACH5BAEKAAEALAAAAAABAAEAAAICTAEAOw==\" class=\"lazyload\"><noscript><img decoding=\"async\" src=\"https:\/\/galileo.energy\/wp-content\/uploads\/2022\/06\/Group-10.svg\"\n                     alt=\"Colaborativos\"><\/noscript>\n                <h5>Colaborativos<\/h5>\n                <p>Trabajamos juntos con empat\u00eda y compromiso<\/p>\n            <\/div>\n                    <div class=\"col-bottom-induvidual\">\n                <img decoding=\"async\" data-src=\"https:\/\/galileo.energy\/wp-content\/uploads\/2022\/06\/Group-9-1.svg\"\n                     alt=\"Empoderando a nuestros empleados\" src=\"data:image\/gif;base64,R0lGODlhAQABAAAAACH5BAEKAAEALAAAAAABAAEAAAICTAEAOw==\" class=\"lazyload\"><noscript><img decoding=\"async\" src=\"https:\/\/galileo.energy\/wp-content\/uploads\/2022\/06\/Group-9-1.svg\"\n                     alt=\"Empoderando a nuestros empleados\"><\/noscript>\n                <h5>Empoderando a nuestros empleados<\/h5>\n                <p>Ayudando a que las personas adecuadas tomen la decisi\u00f3n correcta<\/p>\n            <\/div>\n                    <div class=\"col-bottom-induvidual\">\n                <img decoding=\"async\" data-src=\"https:\/\/galileo.energy\/wp-content\/uploads\/2022\/06\/Group-10-1.svg\"\n                     alt=\"Transparentes\" src=\"data:image\/gif;base64,R0lGODlhAQABAAAAACH5BAEKAAEALAAAAAABAAEAAAICTAEAOw==\" class=\"lazyload\"><noscript><img decoding=\"async\" src=\"https:\/\/galileo.energy\/wp-content\/uploads\/2022\/06\/Group-10-1.svg\"\n                     alt=\"Transparentes\"><\/noscript>\n                <h5>Transparentes<\/h5>\n                <p>Con nuestros colegas, socios y partes interesadas<\/p>\n            <\/div>\n            <\/div>\n<\/section> \n\n\n<div style=\"height:50px\" aria-hidden=\"true\" class=\"wp-block-spacer\"><\/div>\n\n\n\n<section class=\"col-overlay \">\n        <div class=\"col-overlay-induvidual lazyload\" style=\"background-image:inherit;\" data-bg-image=\"url(https:\/\/galileo.energy\/wp-content\/uploads\/2022\/06\/gonz-ddl-a1Lm99Kkqtg-unsplash-2.png)\">\n        <div class=\"col-overlay-induvidual-overlay\">\n            <div class=\"col-overlay-induvidual-overlay-inner text-white\">\n                <h3 class=\"fs-61 text-white\">Qu\u00e9 hacemos<\/h3>\n                <div class=\"col-overlay-induvidual-overlay-inner-hide text-white\">\n                    <p><\/p>\n                    <a href=\"https:\/\/galileo.energy\/what-we-do\/\" class=\"btn-second\">CONOZCA M\u00c1S<\/a>\n                <\/div>\n            <\/div>\n        <\/div>\n    <\/div>\n        <div class=\"col-overlay-induvidual lazyload\" style=\"background-image:inherit;\" data-bg-image=\"url(https:\/\/galileo.energy\/wp-content\/uploads\/2022\/07\/Handshake-scaled.jpg)\">\n        <div class=\"col-overlay-induvidual-overlay\">\n            <div class=\"col-overlay-induvidual-overlay-inner text-white\">\n                <h3 class=\"fs-61 text-white\">Socios<\/h3>\n                <div class=\"col-overlay-induvidual-overlay-inner-hide text-white\">\n                    <p><\/p>\n                    <a href=\"https:\/\/galileo.energy\/partners\/\" class=\"btn-second\">CONOZCA M\u00c1S<\/a>\n                <\/div>\n            <\/div>\n        <\/div>\n    <\/div>\n    <\/section> \n\n\n<section class=\"cta \">\n    <div class=\"cta-inner\">\n        <div class=\"cta-inner-left\">\n            <h1>Dando luz a las comunidades, suministrando energ\u00eda al mundo.<\/h1>\n        <\/div>\n        <div class=\"cta-inner-right\"> \n            <p class=\"text-white\"><\/p>\n        <\/div>\n        <a href=\"https:\/\/galileo.energy\/contact\/\" class=\"btn-first\">CONTACTO<\/a>\n    <\/div>\n<\/section> ","protected":false},"excerpt":{"rendered":"","protected":false},"author":1,"featured_media":0,"parent":0,"menu_order":0,"comment_status":"closed","ping_status":"closed","template":"","meta":{"_acf_changed":false,"footnotes":""},"acf":[],"yoast_head":"<!-- This site is optimized with the Yoast SEO plugin v23.0 - https:\/\/yoast.com\/wordpress\/plugins\/seo\/ -->\n<title>Qui\u00e9nes somos | Galileo Green Energy<\/title>\n<meta name=\"description\" content=\"Galileo Green Energy es un promotor, propietario y operador paneuropeo de energ\u00edas renovables con multitecnolog\u00eda. Lea m\u00e1s sobre nuestros proyectos aqu\u00ed.\" \/>\n<meta name=\"robots\" content=\"index, follow, max-snippet:-1, max-image-preview:large, max-video-preview:-1\" \/>\n<link rel=\"canonical\" href=\"https:\/\/galileo.energy\/es\/quienes-somos\/\" \/>\n<meta property=\"og:locale\" content=\"es_ES\" \/>\n<meta property=\"og:type\" content=\"article\" \/>\n<meta property=\"og:title\" content=\"Qui\u00e9nes somos | Galileo Green Energy\" \/>\n<meta property=\"og:description\" content=\"Galileo Green Energy es un promotor, propietario y operador paneuropeo de energ\u00edas renovables con multitecnolog\u00eda. Lea m\u00e1s sobre nuestros proyectos aqu\u00ed.\" \/>\n<meta property=\"og:url\" content=\"https:\/\/galileo.energy\/es\/quienes-somos\/\" \/>\n<meta property=\"og:site_name\" content=\"Galileo Green Energy\" \/>\n<meta property=\"article:modified_time\" content=\"2025-06-16T15:51:29+00:00\" \/>\n<meta name=\"twitter:card\" content=\"summary_large_image\" \/>\n<script type=\"application\/ld+json\" class=\"yoast-schema-graph\">{\"@context\":\"https:\/\/schema.org\",\"@graph\":[{\"@type\":\"WebPage\",\"@id\":\"https:\/\/galileo.energy\/es\/quienes-somos\/\",\"url\":\"https:\/\/galileo.energy\/es\/quienes-somos\/\",\"name\":\"Qui\u00e9nes somos | Galileo Green Energy\",\"isPartOf\":{\"@id\":\"https:\/\/galileo.energy\/es\/#website\"},\"datePublished\":\"2022-06-13T09:01:23+00:00\",\"dateModified\":\"2025-06-16T15:51:29+00:00\",\"description\":\"Galileo Green Energy es un promotor, propietario y operador paneuropeo de energ\u00edas renovables con multitecnolog\u00eda. Lea m\u00e1s sobre nuestros proyectos aqu\u00ed.\",\"breadcrumb\":{\"@id\":\"https:\/\/galileo.energy\/es\/quienes-somos\/#breadcrumb\"},\"inLanguage\":\"es\",\"potentialAction\":[{\"@type\":\"ReadAction\",\"target\":[\"https:\/\/galileo.energy\/es\/quienes-somos\/\"]}]},{\"@type\":\"BreadcrumbList\",\"@id\":\"https:\/\/galileo.energy\/es\/quienes-somos\/#breadcrumb\",\"itemListElement\":[{\"@type\":\"ListItem\",\"position\":1,\"name\":\"Home\",\"item\":\"https:\/\/galileo.energy\/es\/\"},{\"@type\":\"ListItem\",\"position\":2,\"name\":\"Qui\u00e9nes somos\"}]},{\"@type\":\"WebSite\",\"@id\":\"https:\/\/galileo.energy\/es\/#website\",\"url\":\"https:\/\/galileo.energy\/es\/\",\"name\":\"Galileo Green Energy\",\"description\":\"\",\"publisher\":{\"@id\":\"https:\/\/galileo.energy\/es\/#organization\"},\"potentialAction\":[{\"@type\":\"SearchAction\",\"target\":{\"@type\":\"EntryPoint\",\"urlTemplate\":\"https:\/\/galileo.energy\/es\/?s={search_term_string}\"},\"query-input\":\"required name=search_term_string\"}],\"inLanguage\":\"es\"},{\"@type\":\"Organization\",\"@id\":\"https:\/\/galileo.energy\/es\/#organization\",\"name\":\"Galileo\",\"url\":\"https:\/\/galileo.energy\/es\/\",\"logo\":{\"@type\":\"ImageObject\",\"inLanguage\":\"es\",\"@id\":\"https:\/\/galileo.energy\/es\/#\/schema\/logo\/image\/\",\"url\":\"https:\/\/galileo.energy\/wp-content\/uploads\/2022\/07\/Galileo-Branding.png\",\"contentUrl\":\"https:\/\/galileo.energy\/wp-content\/uploads\/2022\/07\/Galileo-Branding.png\",\"width\":885,\"height\":453,\"caption\":\"Galileo\"},\"image\":{\"@id\":\"https:\/\/galileo.energy\/es\/#\/schema\/logo\/image\/\"}}]}<\/script>\n<!-- \/ Yoast SEO plugin. -->","yoast_head_json":{"title":"Qui\u00e9nes somos | Galileo Green Energy","description":"Galileo Green Energy es un promotor, propietario y operador paneuropeo de energ\u00edas renovables con multitecnolog\u00eda. Lea m\u00e1s sobre nuestros proyectos aqu\u00ed.","robots":{"index":"index","follow":"follow","max-snippet":"max-snippet:-1","max-image-preview":"max-image-preview:large","max-video-preview":"max-video-preview:-1"},"canonical":"https:\/\/galileo.energy\/es\/quienes-somos\/","og_locale":"es_ES","og_type":"article","og_title":"Qui\u00e9nes somos | Galileo Green Energy","og_description":"Galileo Green Energy es un promotor, propietario y operador paneuropeo de energ\u00edas renovables con multitecnolog\u00eda. Lea m\u00e1s sobre nuestros proyectos aqu\u00ed.","og_url":"https:\/\/galileo.energy\/es\/quienes-somos\/","og_site_name":"Galileo Green Energy","article_modified_time":"2025-06-16T15:51:29+00:00","twitter_card":"summary_large_image","schema":{"@context":"https:\/\/schema.org","@graph":[{"@type":"WebPage","@id":"https:\/\/galileo.energy\/es\/quienes-somos\/","url":"https:\/\/galileo.energy\/es\/quienes-somos\/","name":"Qui\u00e9nes somos | Galileo Green Energy","isPartOf":{"@id":"https:\/\/galileo.energy\/es\/#website"},"datePublished":"2022-06-13T09:01:23+00:00","dateModified":"2025-06-16T15:51:29+00:00","description":"Galileo Green Energy es un promotor, propietario y operador paneuropeo de energ\u00edas renovables con multitecnolog\u00eda. Lea m\u00e1s sobre nuestros proyectos aqu\u00ed.","breadcrumb":{"@id":"https:\/\/galileo.energy\/es\/quienes-somos\/#breadcrumb"},"inLanguage":"es","potentialAction":[{"@type":"ReadAction","target":["https:\/\/galileo.energy\/es\/quienes-somos\/"]}]},{"@type":"BreadcrumbList","@id":"https:\/\/galileo.energy\/es\/quienes-somos\/#breadcrumb","itemListElement":[{"@type":"ListItem","position":1,"name":"Home","item":"https:\/\/galileo.energy\/es\/"},{"@type":"ListItem","position":2,"name":"Qui\u00e9nes somos"}]},{"@type":"WebSite","@id":"https:\/\/galileo.energy\/es\/#website","url":"https:\/\/galileo.energy\/es\/","name":"Galileo Green Energy","description":"","publisher":{"@id":"https:\/\/galileo.energy\/es\/#organization"},"potentialAction":[{"@type":"SearchAction","target":{"@type":"EntryPoint","urlTemplate":"https:\/\/galileo.energy\/es\/?s={search_term_string}"},"query-input":"required name=search_term_string"}],"inLanguage":"es"},{"@type":"Organization","@id":"https:\/\/galileo.energy\/es\/#organization","name":"Galileo","url":"https:\/\/galileo.energy\/es\/","logo":{"@type":"ImageObject","inLanguage":"es","@id":"https:\/\/galileo.energy\/es\/#\/schema\/logo\/image\/","url":"https:\/\/galileo.energy\/wp-content\/uploads\/2022\/07\/Galileo-Branding.png","contentUrl":"https:\/\/galileo.energy\/wp-content\/uploads\/2022\/07\/Galileo-Branding.png","width":885,"height":453,"caption":"Galileo"},"image":{"@id":"https:\/\/galileo.energy\/es\/#\/schema\/logo\/image\/"}}]}},"_links":{"self":[{"href":"https:\/\/galileo.energy\/es\/wp-json\/wp\/v2\/pages\/875"}],"collection":[{"href":"https:\/\/galileo.energy\/es\/wp-json\/wp\/v2\/pages"}],"about":[{"href":"https:\/\/galileo.energy\/es\/wp-json\/wp\/v2\/types\/page"}],"author":[{"embeddable":true,"href":"https:\/\/galileo.energy\/es\/wp-json\/wp\/v2\/users\/1"}],"replies":[{"embeddable":true,"href":"https:\/\/galileo.energy\/es\/wp-json\/wp\/v2\/comments?post=875"}],"version-history":[{"count":21,"href":"https:\/\/galileo.energy\/es\/wp-json\/wp\/v2\/pages\/875\/revisions"}],"predecessor-version":[{"id":4984,"href":"https:\/\/galileo.energy\/es\/wp-json\/wp\/v2\/pages\/875\/revisions\/4984"}],"wp:attachment":[{"href":"https:\/\/galileo.energy\/es\/wp-json\/wp\/v2\/media?parent=875"}],"curies":[{"name":"wp","href":"https:\/\/api.w.org\/{rel}","templated":true}]}}