{"id":790,"date":"2022-06-13T21:58:33","date_gmt":"2022-06-13T19:58:33","guid":{"rendered":"https:\/\/galileogreestg.wpengine.com\/contacte-con\/"},"modified":"2025-04-14T12:40:41","modified_gmt":"2025-04-14T10:40:41","slug":"contacte-con","status":"publish","type":"page","link":"https:\/\/galileo.energy\/es\/contacte-con\/","title":{"rendered":"Contacto"},"content":{"rendered":"\n<section class=\"e-form \">\n    <div class=\"e-form-wrapper\">\n        <div class=\"e-form-wrapper-left\">\n            <h1>Hablemos.<\/h1>\n            <div class=\"text-white\" style=\"font-size:19px\">\n\t\t\t\t<p>Estamos deseando encontrar nuevos socios que se unan a nosotros para impulsar la transici\u00f3n energ\u00e9tica europea. P\u00f3ngase en contacto y hablemos. <\/p>\n\n\t\t\t\t<br>\n\t\t\t\t<p class=\"e-form-wrapper-left-details text-white\"><a href=\"mailto:info@galileo.energy\" style=\"color:#ffffff; text-decoration:none;\">info@galileo.energy<\/a><\/p>\n\t\t\t<\/div>\n        <\/div>\n        <div class=\"e-form-wrapper-right\">\n            <p class=\"fs-24\">Haga su consulta.<\/p>\n                            \n<div class=\"wpcf7 no-js\" id=\"wpcf7-f2040-o1\" lang=\"es-ES\" dir=\"ltr\">\n<div class=\"screen-reader-response\"><p role=\"status\" aria-live=\"polite\" aria-atomic=\"true\"><\/p> <ul><\/ul><\/div>\n<form action=\"\/es\/wp-json\/wp\/v2\/pages\/790#wpcf7-f2040-o1\" method=\"post\" class=\"wpcf7-form init\" aria-label=\"Formulario de contacto\" novalidate=\"novalidate\" data-status=\"init\">\n<div style=\"display: none;\">\n<input type=\"hidden\" name=\"_wpcf7\" value=\"2040\" \/>\n<input type=\"hidden\" name=\"_wpcf7_version\" value=\"5.9.6\" \/>\n<input type=\"hidden\" name=\"_wpcf7_locale\" value=\"es_ES\" \/>\n<input type=\"hidden\" name=\"_wpcf7_unit_tag\" value=\"wpcf7-f2040-o1\" \/>\n<input type=\"hidden\" name=\"_wpcf7_container_post\" value=\"0\" \/>\n<input type=\"hidden\" name=\"_wpcf7_posted_data_hash\" value=\"\" \/>\n<input type=\"hidden\" name=\"_wpcf7_recaptcha_response\" value=\"\" \/>\n<\/div>\n<p><label> <span> Nombre<\/span><br \/>\n<span class=\"wpcf7-form-control-wrap\" data-name=\"Name\"><input size=\"40\" maxlength=\"80\" class=\"wpcf7-form-control wpcf7-text wpcf7-validates-as-required\" aria-required=\"true\" aria-invalid=\"false\" value=\"\" type=\"text\" name=\"Name\" \/><\/span> <\/label>\n<\/p>\n<p><label> Empresa<br \/>\n<span class=\"wpcf7-form-control-wrap\" data-name=\"Company\"><input size=\"40\" maxlength=\"80\" class=\"wpcf7-form-control wpcf7-text\" aria-invalid=\"false\" value=\"\" type=\"text\" name=\"Company\" \/><\/span> <\/label>\n<\/p>\n<p><label> <span> Correo<\/span> electr\u00f3nico<br \/>\n<span class=\"wpcf7-form-control-wrap\" data-name=\"Email\"><input size=\"40\" maxlength=\"80\" class=\"wpcf7-form-control wpcf7-email wpcf7-validates-as-required wpcf7-text wpcf7-validates-as-email\" aria-required=\"true\" aria-invalid=\"false\" value=\"\" type=\"email\" name=\"Email\" \/><\/span> <\/label>\n<\/p>\n<p><label> <span> Consulta<\/span><br \/>\n<span class=\"wpcf7-form-control-wrap\" data-name=\"Enquiry\"><textarea cols=\"40\" rows=\"10\" maxlength=\"400\" class=\"wpcf7-form-control wpcf7-textarea wpcf7-validates-as-required\" aria-required=\"true\" aria-invalid=\"false\" name=\"Enquiry\"><\/textarea><\/span> <\/label>\n<\/p>\n<p><input class=\"wpcf7-form-control wpcf7-submit has-spinner\" type=\"submit\" value=\"SEND\" \/>\n<\/p><div class=\"wpcf7-response-output\" aria-hidden=\"true\"><\/div>\n<\/form>\n<\/div>\n\n                    <\/div>\n    <\/div>\n    \n<\/section>\n\n\n<div style=\"height:100px\" aria-hidden=\"true\" class=\"wp-block-spacer\"><\/div>\n\n\n\n<section class=\"location \">\n    <div class=\"location-title\">\n        <p class=\"fs-67\">Sede del Grupo<\/p>\n    <\/div>\n    <div class=\"locations-wrapper\">\n                <div class=\"location-induvidual\">\n            <ul>\n                <li>Galileo Green Energy GmbH<\/li>\n                <li><p>Bahnhofplatz 1<br \/>\nCH-8001 Z\u00fcrich<\/p>\n<p><a href=\"tel:0041445056338\">+41 44 505 63 38<\/a><\/p>\n<p>&nbsp;<\/p>\n<\/li>\n            <\/ul>\n        <\/div>\n            <\/div>\n<\/section>\n\n\n<style>\n\n    .title-img {\n        strong {\n            font-size: inherit;\n            line-height: inherit;\n        }\n    }\n\n    .one-column {\n        flex-direction: column;\n        justify-content: center;\n        padding: 50px calc((60vw - 550px));\n        background: #EFEFEF;\n        margin: 50px 0;\n    }\n\n    .one-column p {\n        margin-bottom: 30px;\n        text-align: center;\n    }\n\n    @media only screen and (max-width: 640px) {\n        .title-img .btn-group {\n            flex-direction: column;\n        }\n        .title-img .btn-group a {\n            width: 100%!important;\n        }\n    }\n<\/style>\n\n<section class=\"title-img\">\n            <div class=\"text-img \">\n            <div class=\"text-img-left lazyload\"\n                 style=\"background-image:inherit;\" data-bg-image=\"url(https:\/\/galileo.energy\/wp-content\/uploads\/2022\/07\/PaoloMarco-outdoor-scaled.jpg)\">\n            <\/div>\n            <div class=\"text-img-right\">\n                <p class=\"fs-67\">Echa un vistazo a nuestras ofertas de empleo<\/p>\n                <p><\/p>\n                                    <a href=\"https:\/\/galileo.zohorecruit.eu\/jobs\/Careers\" class=\"btn-second btn-black\"\n                       style=\"margin-left:0;\">Empleo<\/i><\/a>\n                            <\/div>\n        <\/div>\n            <\/section>\n\n \n \n\n\n","protected":false},"excerpt":{"rendered":"","protected":false},"author":1,"featured_media":0,"parent":0,"menu_order":0,"comment_status":"closed","ping_status":"closed","template":"","meta":{"_acf_changed":false,"footnotes":""},"acf":[],"yoast_head":"<!-- This site is optimized with the Yoast SEO plugin v23.0 - https:\/\/yoast.com\/wordpress\/plugins\/seo\/ -->\n<title>Contacto | Galileo Green Energy<\/title>\n<meta name=\"description\" content=\"Para conocer los datos de contacto de Galileo Green Energy, haga clic aqu\u00ed.\" \/>\n<meta name=\"robots\" content=\"index, follow, max-snippet:-1, max-image-preview:large, max-video-preview:-1\" \/>\n<link rel=\"canonical\" href=\"https:\/\/galileo.energy\/es\/contacte-con\/\" \/>\n<meta property=\"og:locale\" content=\"es_ES\" \/>\n<meta property=\"og:type\" content=\"article\" \/>\n<meta property=\"og:title\" content=\"Contacto | Galileo Green Energy\" \/>\n<meta property=\"og:description\" content=\"Para conocer los datos de contacto de Galileo Green Energy, haga clic aqu\u00ed.\" \/>\n<meta property=\"og:url\" content=\"https:\/\/galileo.energy\/es\/contacte-con\/\" \/>\n<meta property=\"og:site_name\" content=\"Galileo Green Energy\" \/>\n<meta property=\"article:modified_time\" content=\"2025-04-14T10:40:41+00:00\" \/>\n<meta name=\"twitter:card\" content=\"summary_large_image\" \/>\n<script type=\"application\/ld+json\" class=\"yoast-schema-graph\">{\"@context\":\"https:\/\/schema.org\",\"@graph\":[{\"@type\":\"WebPage\",\"@id\":\"https:\/\/galileo.energy\/es\/contacte-con\/\",\"url\":\"https:\/\/galileo.energy\/es\/contacte-con\/\",\"name\":\"Contacto | Galileo Green Energy\",\"isPartOf\":{\"@id\":\"https:\/\/galileo.energy\/es\/#website\"},\"datePublished\":\"2022-06-13T19:58:33+00:00\",\"dateModified\":\"2025-04-14T10:40:41+00:00\",\"description\":\"Para conocer los datos de contacto de Galileo Green Energy, haga clic aqu\u00ed.\",\"breadcrumb\":{\"@id\":\"https:\/\/galileo.energy\/es\/contacte-con\/#breadcrumb\"},\"inLanguage\":\"es\",\"potentialAction\":[{\"@type\":\"ReadAction\",\"target\":[\"https:\/\/galileo.energy\/es\/contacte-con\/\"]}]},{\"@type\":\"BreadcrumbList\",\"@id\":\"https:\/\/galileo.energy\/es\/contacte-con\/#breadcrumb\",\"itemListElement\":[{\"@type\":\"ListItem\",\"position\":1,\"name\":\"Home\",\"item\":\"https:\/\/galileo.energy\/es\/\"},{\"@type\":\"ListItem\",\"position\":2,\"name\":\"Contacto\"}]},{\"@type\":\"WebSite\",\"@id\":\"https:\/\/galileo.energy\/es\/#website\",\"url\":\"https:\/\/galileo.energy\/es\/\",\"name\":\"Galileo Green Energy\",\"description\":\"\",\"publisher\":{\"@id\":\"https:\/\/galileo.energy\/es\/#organization\"},\"potentialAction\":[{\"@type\":\"SearchAction\",\"target\":{\"@type\":\"EntryPoint\",\"urlTemplate\":\"https:\/\/galileo.energy\/es\/?s={search_term_string}\"},\"query-input\":\"required name=search_term_string\"}],\"inLanguage\":\"es\"},{\"@type\":\"Organization\",\"@id\":\"https:\/\/galileo.energy\/es\/#organization\",\"name\":\"Galileo\",\"url\":\"https:\/\/galileo.energy\/es\/\",\"logo\":{\"@type\":\"ImageObject\",\"inLanguage\":\"es\",\"@id\":\"https:\/\/galileo.energy\/es\/#\/schema\/logo\/image\/\",\"url\":\"https:\/\/galileo.energy\/wp-content\/uploads\/2022\/07\/Galileo-Branding.png\",\"contentUrl\":\"https:\/\/galileo.energy\/wp-content\/uploads\/2022\/07\/Galileo-Branding.png\",\"width\":885,\"height\":453,\"caption\":\"Galileo\"},\"image\":{\"@id\":\"https:\/\/galileo.energy\/es\/#\/schema\/logo\/image\/\"}}]}<\/script>\n<!-- \/ Yoast SEO plugin. -->","yoast_head_json":{"title":"Contacto | Galileo Green Energy","description":"Para conocer los datos de contacto de Galileo Green Energy, haga clic aqu\u00ed.","robots":{"index":"index","follow":"follow","max-snippet":"max-snippet:-1","max-image-preview":"max-image-preview:large","max-video-preview":"max-video-preview:-1"},"canonical":"https:\/\/galileo.energy\/es\/contacte-con\/","og_locale":"es_ES","og_type":"article","og_title":"Contacto | Galileo Green Energy","og_description":"Para conocer los datos de contacto de Galileo Green Energy, haga clic aqu\u00ed.","og_url":"https:\/\/galileo.energy\/es\/contacte-con\/","og_site_name":"Galileo Green Energy","article_modified_time":"2025-04-14T10:40:41+00:00","twitter_card":"summary_large_image","schema":{"@context":"https:\/\/schema.org","@graph":[{"@type":"WebPage","@id":"https:\/\/galileo.energy\/es\/contacte-con\/","url":"https:\/\/galileo.energy\/es\/contacte-con\/","name":"Contacto | Galileo Green Energy","isPartOf":{"@id":"https:\/\/galileo.energy\/es\/#website"},"datePublished":"2022-06-13T19:58:33+00:00","dateModified":"2025-04-14T10:40:41+00:00","description":"Para conocer los datos de contacto de Galileo Green Energy, haga clic aqu\u00ed.","breadcrumb":{"@id":"https:\/\/galileo.energy\/es\/contacte-con\/#breadcrumb"},"inLanguage":"es","potentialAction":[{"@type":"ReadAction","target":["https:\/\/galileo.energy\/es\/contacte-con\/"]}]},{"@type":"BreadcrumbList","@id":"https:\/\/galileo.energy\/es\/contacte-con\/#breadcrumb","itemListElement":[{"@type":"ListItem","position":1,"name":"Home","item":"https:\/\/galileo.energy\/es\/"},{"@type":"ListItem","position":2,"name":"Contacto"}]},{"@type":"WebSite","@id":"https:\/\/galileo.energy\/es\/#website","url":"https:\/\/galileo.energy\/es\/","name":"Galileo Green Energy","description":"","publisher":{"@id":"https:\/\/galileo.energy\/es\/#organization"},"potentialAction":[{"@type":"SearchAction","target":{"@type":"EntryPoint","urlTemplate":"https:\/\/galileo.energy\/es\/?s={search_term_string}"},"query-input":"required name=search_term_string"}],"inLanguage":"es"},{"@type":"Organization","@id":"https:\/\/galileo.energy\/es\/#organization","name":"Galileo","url":"https:\/\/galileo.energy\/es\/","logo":{"@type":"ImageObject","inLanguage":"es","@id":"https:\/\/galileo.energy\/es\/#\/schema\/logo\/image\/","url":"https:\/\/galileo.energy\/wp-content\/uploads\/2022\/07\/Galileo-Branding.png","contentUrl":"https:\/\/galileo.energy\/wp-content\/uploads\/2022\/07\/Galileo-Branding.png","width":885,"height":453,"caption":"Galileo"},"image":{"@id":"https:\/\/galileo.energy\/es\/#\/schema\/logo\/image\/"}}]}},"_links":{"self":[{"href":"https:\/\/galileo.energy\/es\/wp-json\/wp\/v2\/pages\/790"}],"collection":[{"href":"https:\/\/galileo.energy\/es\/wp-json\/wp\/v2\/pages"}],"about":[{"href":"https:\/\/galileo.energy\/es\/wp-json\/wp\/v2\/types\/page"}],"author":[{"embeddable":true,"href":"https:\/\/galileo.energy\/es\/wp-json\/wp\/v2\/users\/1"}],"replies":[{"embeddable":true,"href":"https:\/\/galileo.energy\/es\/wp-json\/wp\/v2\/comments?post=790"}],"version-history":[{"count":3,"href":"https:\/\/galileo.energy\/es\/wp-json\/wp\/v2\/pages\/790\/revisions"}],"predecessor-version":[{"id":4630,"href":"https:\/\/galileo.energy\/es\/wp-json\/wp\/v2\/pages\/790\/revisions\/4630"}],"wp:attachment":[{"href":"https:\/\/galileo.energy\/es\/wp-json\/wp\/v2\/media?parent=790"}],"curies":[{"name":"wp","href":"https:\/\/api.w.org\/{rel}","templated":true}]}}