{"id":3966,"date":"2024-10-16T14:50:03","date_gmt":"2024-10-16T12:50:03","guid":{"rendered":"https:\/\/galileo.energy\/careers-new\/"},"modified":"2025-07-23T12:06:26","modified_gmt":"2025-07-23T10:06:26","slug":"carreras","status":"publish","type":"page","link":"https:\/\/galileo.energy\/es\/carreras\/","title":{"rendered":"Empleo"},"content":{"rendered":"\n<style>\n    .img-hero-slider-induvidual-copy {\n        width: 1020px;\n    }\n<\/style>\n<section class=\"img-hero\">\n    <div class=\"img-hero-slider\">\n        <div class=\"img-hero-slider-induvidual lazyload\"\n             style=\"background-image:inherit;\" data-bg-image=\"linear-gradient(90deg, rgba(55,58,54,0.3) 0%, rgba(55,58,54,0.3) 0%), url(https:\/\/galileo.energy\/wp-content\/uploads\/2024\/10\/SP87015-2.jpg)\">\n            <div class=\"img-hero-slider-induvidual-copy text-center\">\n                <p class=\"caption text-yellow text-center\"><\/p>\n                <h1>Tu viaje hacia un futuro sostenible comienza aqu\u00ed<\/h1>\n                <p class=\"text-white text-center\"><\/p>\n                                    <a target=\"_blank\"\n                       href=\"https:\/\/galileo.zohorecruit.eu\/jobs\/Careers\"\n                       class=\"btn-first text-bold text-center \">Consulta nuestras ofertas<\/a>\n                            <\/div>\n        <\/div>\n    <\/div>\n<\/section>\n\n\n<style>\n\t.two-column-copy-block {\n\t\tstrong {\n\t\t\tfont-size: inherit;\n\t\t\tline-height: inherit;\n\t\t}\n\t}\n\n\t.direction-column {\n\t\talign-items: center;\n\t\tflex-direction: column;\n\t\tjustify-content: center;\n\t}\n\n\t.direction-column .column {\n\t\tmax-width: 850px!important;\n\t\twidth: 100% !important;\n\t}\n\n\t@media screen and (max-width: 850px){\n\t\t.direction-column .column:nth-child(2) section {\n\t\t\tflex-direction: column;\n\t\t\tmargin-bottom: 30px;\n\t\t}\n\n\t\t.direction-column .column:nth-child(2) section a {\n\t\t\twidth: 100%!important;\n\t\t}\n\t}\n<\/style>\n\n<section class=\"two-column-copy-block white \">\n\t<div class=\"inner\">\n\t\t<div class=\"columns\">\n\t\t\t<div class=\"column animate__animated\">\n\t\t\t\t<p style=\"font-size: 40px; color: black; line-height: 1.2;\">Nos esforzamos por hacer una contribuci\u00f3n significativa a la transici\u00f3n de Europa hacia las energ\u00edas renovables. \u00bfHar\u00e1s tu parte?<\/p>\n\n\t\t\t<\/div>\n\t\t\t<div class=\"column animate__animated\">\n\t\t\t\t<p style=\"color: #8a8282; font-size: 21px; line-height: 1.4;\"><span style=\"color: #9b5fa3;\">Galileo<\/span> es un <strong>desarrollador internacional y multi-tecnol\u00f3gico<\/strong>, compuesto por personas entusiastas, comprometidas, experimentadas y fiables. Nuestros equipos abarcan <strong>Desarrollo, Ingenier\u00eda, M&amp;A<\/strong> y todas las <strong>funciones corporativas<\/strong>.<\/p>\n<p style=\"color: #8a8282; font-size: 21px; line-height: 1.4;\">Si compartes nuestros valores y esfuerzo por tener un impacto positivo en el futuro de nuestro planeta, \u00fanete a nuestra red de talentos: hay muchas oportunidades para contribuir, desafiarte a ti mismo y divertirse en el proceso.<\/p>\n<p style=\"color: #8a8282; font-size: 21px; line-height: 1.4;\">Echa un vistazo a nuestras posiciones abiertas o env\u00edanos tu CV, estaremos encantados de hablar contigo.<\/p>\n<p><a class=\"btn-first text-bold text-center \" href=\"https:\/\/galileo.zohorecruit.eu\/jobs\/Careers\" target=\"_blank\" rel=\"noopener\">Consulta nuestras ofertas<\/a><\/p>\n\n\t\t\t<\/div>\n\t\t<\/div>\n\t<\/div>\n<\/section>\n\n\n\n<style>\n    .col-dark {\n        color: #ffffff;\n        padding: 50px 0;\n    }\n    .col-dark h3,\n    .col-dark h5,\n    .col-dark p {\n        color: #ffffff;\n    }\n<\/style>\n\n<section\n        style=\"background-color:#45babd !important;\"\n        class=\"col-dark \">\n    <div class=\"col-top\">\n        <h6 class=\"caption\"><\/h6>\n        <h3>NUESTROS VALORES<\/h3>\n    <\/div>\n    <div class=\"col-bottom\">\n                    <div class=\"col-bottom-induvidual\">\n                <img decoding=\"async\" data-src=\"https:\/\/galileo.energy\/wp-content\/uploads\/2022\/06\/Group-3.svg\"\n                     alt=\"Emprendimiento\" src=\"data:image\/gif;base64,R0lGODlhAQABAAAAACH5BAEKAAEALAAAAAABAAEAAAICTAEAOw==\" class=\"lazyload\"><noscript><img decoding=\"async\" src=\"https:\/\/galileo.energy\/wp-content\/uploads\/2022\/06\/Group-3.svg\"\n                     alt=\"Emprendimiento\"><\/noscript>\n                <h5>Emprendimiento<\/h5>\n                <p>Desarrollar nuevas ideas y asumir responsabilidades<\/p>\n            <\/div>\n                    <div class=\"col-bottom-induvidual\">\n                <img decoding=\"async\" data-src=\"https:\/\/galileo.energy\/wp-content\/uploads\/2022\/06\/Group-14.svg\"\n                     alt=\"\u00c1gilidad\" src=\"data:image\/gif;base64,R0lGODlhAQABAAAAACH5BAEKAAEALAAAAAABAAEAAAICTAEAOw==\" class=\"lazyload\"><noscript><img decoding=\"async\" src=\"https:\/\/galileo.energy\/wp-content\/uploads\/2022\/06\/Group-14.svg\"\n                     alt=\"\u00c1gilidad\"><\/noscript>\n                <h5>\u00c1gilidad<\/h5>\n                <p>Adaptaci\u00f3n r\u00e1pida sobre la base de unos cimientos s\u00f3lidos<\/p>\n            <\/div>\n                    <div class=\"col-bottom-induvidual\">\n                <img decoding=\"async\" data-src=\"https:\/\/galileo.energy\/wp-content\/uploads\/2022\/06\/Group-10.svg\"\n                     alt=\"Colaboraci\u00f3n\" src=\"data:image\/gif;base64,R0lGODlhAQABAAAAACH5BAEKAAEALAAAAAABAAEAAAICTAEAOw==\" class=\"lazyload\"><noscript><img decoding=\"async\" src=\"https:\/\/galileo.energy\/wp-content\/uploads\/2022\/06\/Group-10.svg\"\n                     alt=\"Colaboraci\u00f3n\"><\/noscript>\n                <h5>Colaboraci\u00f3n<\/h5>\n                <p>Trabajamos juntos con empat\u00eda y compromiso<\/p>\n            <\/div>\n                    <div class=\"col-bottom-induvidual\">\n                <img decoding=\"async\" data-src=\"https:\/\/galileo.energy\/wp-content\/uploads\/2022\/06\/Group-9-1.svg\"\n                     alt=\"Motivati\u00f3n\" src=\"data:image\/gif;base64,R0lGODlhAQABAAAAACH5BAEKAAEALAAAAAABAAEAAAICTAEAOw==\" class=\"lazyload\"><noscript><img decoding=\"async\" src=\"https:\/\/galileo.energy\/wp-content\/uploads\/2022\/06\/Group-9-1.svg\"\n                     alt=\"Motivati\u00f3n\"><\/noscript>\n                <h5>Motivati\u00f3n<\/h5>\n                <p>Ayudando a que las personas adecuadas tomen la decisi\u00f3n correcta<\/p>\n            <\/div>\n                    <div class=\"col-bottom-induvidual\">\n                <img decoding=\"async\" data-src=\"https:\/\/galileo.energy\/wp-content\/uploads\/2022\/06\/Group-10-1.svg\"\n                     alt=\"Transparencia\" src=\"data:image\/gif;base64,R0lGODlhAQABAAAAACH5BAEKAAEALAAAAAABAAEAAAICTAEAOw==\" class=\"lazyload\"><noscript><img decoding=\"async\" src=\"https:\/\/galileo.energy\/wp-content\/uploads\/2022\/06\/Group-10-1.svg\"\n                     alt=\"Transparencia\"><\/noscript>\n                <h5>Transparencia<\/h5>\n                <p>Con nuestros compa\u00f1eros, socios e inversores<\/p>\n            <\/div>\n            <\/div>\n<\/section> \n\n\n<div style=\"height:100px\" aria-hidden=\"true\" class=\"wp-block-spacer\"><\/div>\n\n\n\n<style>\n\n    .title-img {\n        strong {\n            font-size: inherit;\n            line-height: inherit;\n        }\n    }\n\n    .one-column {\n        flex-direction: column;\n        justify-content: center;\n        padding: 50px calc((60vw - 550px));\n        background: #EFEFEF;\n        margin: 50px 0;\n    }\n\n    .one-column p {\n        margin-bottom: 30px;\n        text-align: center;\n    }\n\n    @media only screen and (max-width: 640px) {\n        .title-img .btn-group {\n            flex-direction: column;\n        }\n        .title-img .btn-group a {\n            width: 100%!important;\n        }\n    }\n<\/style>\n\n<section class=\"title-img\">\n            <div class=\"text-img \">\n            <div class=\"text-img-left lazyload\"\n                 style=\"background-image:inherit; background-size: contain;\" data-bg-image=\"url(https:\/\/galileo.energy\/wp-content\/uploads\/2024\/06\/SP87272-scaled.jpg)\">\n            <\/div>\n            <div class=\"text-img-right\">\n                <p class=\"fs-67\">Diferentes perspectivas, una misi\u00f3n: impulsar juntos la transici\u00f3n energ\u00e9tica<\/p>\n                <p><p style=\"color: #8a8282; font-size: 21px; line-height: 1.4;\">Nuestros empleados no necesariamente comparten nacionalidades, experiencias educativas y profesionales, todos unidos por una fuerte motivaci\u00f3n <strong>para hacer una contribuci\u00f3n significativa a la transici\u00f3n hacia la energ\u00eda renovable<\/strong> en todos los entornos y descubrir nuevas formas de avanzar en nuestra misi\u00f3n. Juntos, tracemos el camino a seguir.<\/p>\n<section class=\"btn-group\" style=\"display: flex; justify-content: space-between;\">\n<div>\n<p style=\"color: #8a8282; font-size: 21px; line-height: 1.4; display: inline;\">Aplica a nuestras<\/p>\n<p><a class=\"btn-first text-bold text-center\" style=\"background-image: none; width: fit-content; padding: 12px 20px;\" href=\"https:\/\/galileo.zohorecruit.eu\/jobs\/Careers\" target=\"_blank\" rel=\"noopener\">Posiciones Abiertas<\/a><\/p>\n<\/div>\n<div>\n<p style=\"color: #8a8282; font-size: 21px; line-height: 1.4; display: inline; text-align: left;\">\u00danete a nuestra<\/p>\n<p><a class=\"btn-first text-bold text-center\" style=\"background-image: none; width: fit-content; padding: 12px 20px;\" href=\"mailto:careers@galileo.energy\" target=\"_blank\" rel=\"noopener\">Red de Talento<\/a><\/p>\n<\/div>\n<\/section>\n<p style=\"color: #8a8282; font-size: 21px; line-height: 1.4;\">Tus datos ser\u00e1n tratados de acuerdo con nuestra <a href=\"https:\/\/galileo.energy\/wp-content\/uploads\/2025\/07\/20250522-Privacy-Notice-for-Recruitment_def.pdf\" target=\"_blank\" rel=\"noopener\">Pol\u00edtica de Privacidad para los Candidatos<\/a>.<\/p>\n<\/p>\n                            <\/div>\n        <\/div>\n            <\/section>\n\n \n \n\n\n\n\n\n<section class=\"vi-block spacer-top spacer-bottom wp-block-acf-video-block\"\">\n                                <video class=\"vi-block--video\" controls=\"false\" preload=\"none\" loop playsinline poster=\"https:\/\/galileo.energy\/wp-content\/uploads\/2025\/03\/vlcsnap-2025-03-16-15h23m42s934.png\">\n                <source src=\"https:\/\/galileo-energy.s3.eu-west-1.amazonaws.com\/20250304_GALILEO-Office_DEF_WEB.mp4\" type=\"video\/mp4\">\n            <\/video>\n        \n        <div class=\"vi-block--videoButton overlay-stay\">\n            <img decoding=\"async\" class=\"play-btn lazyload\" data-src=\"https:\/\/galileo.energy\/wp-content\/themes\/gge\/src\/images\/play.svg\" alt=\"Play video\" src=\"data:image\/gif;base64,R0lGODlhAQABAAAAACH5BAEKAAEALAAAAAABAAEAAAICTAEAOw==\"><noscript><img decoding=\"async\" class=\"play-btn\" src=\"https:\/\/galileo.energy\/wp-content\/themes\/gge\/src\/images\/play.svg\" alt=\"Play video\"><\/noscript>\n\t\t\t\t\t\t<span>Descubre nuestras oficinas<\/span>\n\t\t\t        <\/div>\n<\/section>\n\n\n\n<style>\n\n    .title-img {\n        strong {\n            font-size: inherit;\n            line-height: inherit;\n        }\n    }\n\n    .one-column {\n        flex-direction: column;\n        justify-content: center;\n        padding: 50px calc((60vw - 550px));\n        background: #EFEFEF;\n        margin: 50px 0;\n    }\n\n    .one-column p {\n        margin-bottom: 30px;\n        text-align: center;\n    }\n\n    @media only screen and (max-width: 640px) {\n        .title-img .btn-group {\n            flex-direction: column;\n        }\n        .title-img .btn-group a {\n            width: 100%!important;\n        }\n    }\n<\/style>\n\n<section class=\"title-img\">\n                        <div class=\"text-img one-column\">\n                <p class=\"fs-67\">D\u00f3nde operamos<\/p>\n                <img decoding=\"async\" style=\"--smush-placeholder-width: 1912px; --smush-placeholder-aspect-ratio: 1912\/1728;max-width: 100%;padding: 20px\" data-src=\"https:\/\/galileo.energy\/wp-content\/uploads\/2025\/01\/Galileo_Our-Presence-in-Europe_Map_January-2025.png\" alt=\"D\u00f3nde operamos\" src=\"data:image\/gif;base64,R0lGODlhAQABAAAAACH5BAEKAAEALAAAAAABAAEAAAICTAEAOw==\" class=\"lazyload\" \/><noscript><img decoding=\"async\" style=\"max-width: 100%;padding: 20px\" src=\"https:\/\/galileo.energy\/wp-content\/uploads\/2025\/01\/Galileo_Our-Presence-in-Europe_Map_January-2025.png\" alt=\"D\u00f3nde operamos\"\/><\/noscript>\n            <\/div>\n            <\/section>\n\n \n \n\n\n\n\n\n<style>\n\t.two-column-copy-block {\n\t\tstrong {\n\t\t\tfont-size: inherit;\n\t\t\tline-height: inherit;\n\t\t}\n\t}\n\n\t.direction-column {\n\t\talign-items: center;\n\t\tflex-direction: column;\n\t\tjustify-content: center;\n\t}\n\n\t.direction-column .column {\n\t\tmax-width: 850px!important;\n\t\twidth: 100% !important;\n\t}\n\n\t@media screen and (max-width: 850px){\n\t\t.direction-column .column:nth-child(2) section {\n\t\t\tflex-direction: column;\n\t\t\tmargin-bottom: 30px;\n\t\t}\n\n\t\t.direction-column .column:nth-child(2) section a {\n\t\t\twidth: 100%!important;\n\t\t}\n\t}\n<\/style>\n\n<section class=\"two-column-copy-block white \">\n\t<div class=\"inner\">\n\t\t<div class=\"columns direction-column\">\n\t\t\t<div class=\"column animate__animated\">\n\t\t\t\t\n\t\t\t<\/div>\n\t\t\t<div class=\"column animate__animated\">\n\t\t\t\t<section style=\"display: flex; justify-content: space-between;\">\n<p><a class=\"btn-first text-bold text-center\" style=\"background-image: none; width: fit-content; padding: 12px 20px;\" href=\"mailto:careers@galileo.energy\" target=\"_blank\" rel=\"noopener\">\u00danete a nuestra red de talento<\/a>\n<\/p>\n<p>\n<a class=\"btn-first text-bold text-center\" style=\"background-image: none; width: fit-content; padding: 12px 40px 12px 20px;\" href=\"https:\/\/www.linkedin.com\/company\/galileo-green-energy\/\" target=\"_blank\" rel=\"noopener\">S\u00edguenos en<img decoding=\"async\" style=\"--smush-placeholder-width: 40px; --smush-placeholder-aspect-ratio: 40\/38;position: absolute; height: 30px; width: 30px; top: 5px; right: 5px;\" data-src=\"https:\/\/galileo.energy\/wp-content\/uploads\/2024\/10\/4-1.png\" alt=\"Linkedin\" src=\"data:image\/gif;base64,R0lGODlhAQABAAAAACH5BAEKAAEALAAAAAABAAEAAAICTAEAOw==\" class=\"lazyload\" \/><noscript><img decoding=\"async\" style=\"position: absolute; height: 30px; width: 30px; top: 5px; right: 5px;\" src=\"https:\/\/galileo.energy\/wp-content\/uploads\/2024\/10\/4-1.png\" alt=\"Linkedin\" \/><\/noscript> <\/a>\n<\/p>\n<p>\n<a class=\"btn-first text-bold text-center\" style=\"background-image: none; width: fit-content; padding: 12px 20px;\" href=\"https:\/\/galileo.zohorecruit.eu\/jobs\/Careers\" target=\"_blank\" rel=\"noopener\">Posiciones abiertas<\/a>\n<\/p>\n<\/section>\n\n\t\t\t<\/div>\n\t\t<\/div>\n\t<\/div>\n<\/section>\n\n\n\n<section class=\"col-overlay \">\n        <div class=\"col-overlay-induvidual lazyload\" style=\"background-image:inherit;\" data-bg-image=\"url(https:\/\/galileo.energy\/wp-content\/uploads\/2024\/11\/Galileo_Career-page_Image_2.png)\">\n        <div class=\"col-overlay-induvidual-overlay\">\n            <div class=\"col-overlay-induvidual-overlay-inner text-white\">\n                <h3 class=\"fs-61 text-white\">Qui\u00e9nes somos<\/h3>\n                <div class=\"col-overlay-induvidual-overlay-inner-hide text-white\">\n                    <p><\/p>\n                    <a href=\"https:\/\/galileo.energy\/es\/quienes-somos\/\" class=\"btn-second\">CONOZCA M\u00c1S<\/a>\n                <\/div>\n            <\/div>\n        <\/div>\n    <\/div>\n        <div class=\"col-overlay-induvidual lazyload\" style=\"background-image:inherit;\" data-bg-image=\"url(https:\/\/galileo.energy\/wp-content\/uploads\/2022\/06\/gonz-ddl-a1Lm99Kkqtg-unsplash-2.png)\">\n        <div class=\"col-overlay-induvidual-overlay\">\n            <div class=\"col-overlay-induvidual-overlay-inner text-white\">\n                <h3 class=\"fs-61 text-white\">Qu\u00e9 hacemos<\/h3>\n                <div class=\"col-overlay-induvidual-overlay-inner-hide text-white\">\n                    <p><\/p>\n                    <a href=\"https:\/\/galileo.energy\/es\/que-hacemos\/\" class=\"btn-second\">CONOZCA M\u00c1S<\/a>\n                <\/div>\n            <\/div>\n        <\/div>\n    <\/div>\n    <\/section> \n\n\n<div style=\"height:100px\" aria-hidden=\"true\" class=\"wp-block-spacer\"><\/div>\n","protected":false},"excerpt":{"rendered":"","protected":false},"author":17,"featured_media":0,"parent":0,"menu_order":0,"comment_status":"closed","ping_status":"closed","template":"","meta":{"_acf_changed":false,"footnotes":""},"acf":[],"yoast_head":"<!-- This site is optimized with the Yoast SEO plugin v23.0 - https:\/\/yoast.com\/wordpress\/plugins\/seo\/ -->\n<title>Empleo | Galileo Green Energy<\/title>\n<meta name=\"robots\" content=\"index, follow, max-snippet:-1, max-image-preview:large, max-video-preview:-1\" \/>\n<link rel=\"canonical\" href=\"https:\/\/galileo.energy\/es\/carreras\/\" \/>\n<meta property=\"og:locale\" content=\"es_ES\" \/>\n<meta property=\"og:type\" content=\"article\" \/>\n<meta property=\"og:title\" content=\"Empleo | Galileo Green Energy\" \/>\n<meta property=\"og:url\" content=\"https:\/\/galileo.energy\/es\/carreras\/\" \/>\n<meta property=\"og:site_name\" content=\"Galileo Green Energy\" \/>\n<meta property=\"article:modified_time\" content=\"2025-07-23T10:06:26+00:00\" \/>\n<meta name=\"twitter:card\" content=\"summary_large_image\" \/>\n<script type=\"application\/ld+json\" class=\"yoast-schema-graph\">{\"@context\":\"https:\/\/schema.org\",\"@graph\":[{\"@type\":\"WebPage\",\"@id\":\"https:\/\/galileo.energy\/es\/carreras\/\",\"url\":\"https:\/\/galileo.energy\/es\/carreras\/\",\"name\":\"Empleo | Galileo Green Energy\",\"isPartOf\":{\"@id\":\"https:\/\/galileo.energy\/es\/#website\"},\"datePublished\":\"2024-10-16T12:50:03+00:00\",\"dateModified\":\"2025-07-23T10:06:26+00:00\",\"breadcrumb\":{\"@id\":\"https:\/\/galileo.energy\/es\/carreras\/#breadcrumb\"},\"inLanguage\":\"es\",\"potentialAction\":[{\"@type\":\"ReadAction\",\"target\":[\"https:\/\/galileo.energy\/es\/carreras\/\"]}]},{\"@type\":\"BreadcrumbList\",\"@id\":\"https:\/\/galileo.energy\/es\/carreras\/#breadcrumb\",\"itemListElement\":[{\"@type\":\"ListItem\",\"position\":1,\"name\":\"Home\",\"item\":\"https:\/\/galileo.energy\/es\/\"},{\"@type\":\"ListItem\",\"position\":2,\"name\":\"Empleo\"}]},{\"@type\":\"WebSite\",\"@id\":\"https:\/\/galileo.energy\/es\/#website\",\"url\":\"https:\/\/galileo.energy\/es\/\",\"name\":\"Galileo Green Energy\",\"description\":\"\",\"publisher\":{\"@id\":\"https:\/\/galileo.energy\/es\/#organization\"},\"potentialAction\":[{\"@type\":\"SearchAction\",\"target\":{\"@type\":\"EntryPoint\",\"urlTemplate\":\"https:\/\/galileo.energy\/es\/?s={search_term_string}\"},\"query-input\":\"required name=search_term_string\"}],\"inLanguage\":\"es\"},{\"@type\":\"Organization\",\"@id\":\"https:\/\/galileo.energy\/es\/#organization\",\"name\":\"Galileo\",\"url\":\"https:\/\/galileo.energy\/es\/\",\"logo\":{\"@type\":\"ImageObject\",\"inLanguage\":\"es\",\"@id\":\"https:\/\/galileo.energy\/es\/#\/schema\/logo\/image\/\",\"url\":\"https:\/\/galileo.energy\/wp-content\/uploads\/2022\/07\/Galileo-Branding.png\",\"contentUrl\":\"https:\/\/galileo.energy\/wp-content\/uploads\/2022\/07\/Galileo-Branding.png\",\"width\":885,\"height\":453,\"caption\":\"Galileo\"},\"image\":{\"@id\":\"https:\/\/galileo.energy\/es\/#\/schema\/logo\/image\/\"}}]}<\/script>\n<!-- \/ Yoast SEO plugin. -->","yoast_head_json":{"title":"Empleo | Galileo Green Energy","robots":{"index":"index","follow":"follow","max-snippet":"max-snippet:-1","max-image-preview":"max-image-preview:large","max-video-preview":"max-video-preview:-1"},"canonical":"https:\/\/galileo.energy\/es\/carreras\/","og_locale":"es_ES","og_type":"article","og_title":"Empleo | Galileo Green Energy","og_url":"https:\/\/galileo.energy\/es\/carreras\/","og_site_name":"Galileo Green Energy","article_modified_time":"2025-07-23T10:06:26+00:00","twitter_card":"summary_large_image","schema":{"@context":"https:\/\/schema.org","@graph":[{"@type":"WebPage","@id":"https:\/\/galileo.energy\/es\/carreras\/","url":"https:\/\/galileo.energy\/es\/carreras\/","name":"Empleo | Galileo Green Energy","isPartOf":{"@id":"https:\/\/galileo.energy\/es\/#website"},"datePublished":"2024-10-16T12:50:03+00:00","dateModified":"2025-07-23T10:06:26+00:00","breadcrumb":{"@id":"https:\/\/galileo.energy\/es\/carreras\/#breadcrumb"},"inLanguage":"es","potentialAction":[{"@type":"ReadAction","target":["https:\/\/galileo.energy\/es\/carreras\/"]}]},{"@type":"BreadcrumbList","@id":"https:\/\/galileo.energy\/es\/carreras\/#breadcrumb","itemListElement":[{"@type":"ListItem","position":1,"name":"Home","item":"https:\/\/galileo.energy\/es\/"},{"@type":"ListItem","position":2,"name":"Empleo"}]},{"@type":"WebSite","@id":"https:\/\/galileo.energy\/es\/#website","url":"https:\/\/galileo.energy\/es\/","name":"Galileo Green Energy","description":"","publisher":{"@id":"https:\/\/galileo.energy\/es\/#organization"},"potentialAction":[{"@type":"SearchAction","target":{"@type":"EntryPoint","urlTemplate":"https:\/\/galileo.energy\/es\/?s={search_term_string}"},"query-input":"required name=search_term_string"}],"inLanguage":"es"},{"@type":"Organization","@id":"https:\/\/galileo.energy\/es\/#organization","name":"Galileo","url":"https:\/\/galileo.energy\/es\/","logo":{"@type":"ImageObject","inLanguage":"es","@id":"https:\/\/galileo.energy\/es\/#\/schema\/logo\/image\/","url":"https:\/\/galileo.energy\/wp-content\/uploads\/2022\/07\/Galileo-Branding.png","contentUrl":"https:\/\/galileo.energy\/wp-content\/uploads\/2022\/07\/Galileo-Branding.png","width":885,"height":453,"caption":"Galileo"},"image":{"@id":"https:\/\/galileo.energy\/es\/#\/schema\/logo\/image\/"}}]}},"_links":{"self":[{"href":"https:\/\/galileo.energy\/es\/wp-json\/wp\/v2\/pages\/3966"}],"collection":[{"href":"https:\/\/galileo.energy\/es\/wp-json\/wp\/v2\/pages"}],"about":[{"href":"https:\/\/galileo.energy\/es\/wp-json\/wp\/v2\/types\/page"}],"author":[{"embeddable":true,"href":"https:\/\/galileo.energy\/es\/wp-json\/wp\/v2\/users\/17"}],"replies":[{"embeddable":true,"href":"https:\/\/galileo.energy\/es\/wp-json\/wp\/v2\/comments?post=3966"}],"version-history":[{"count":10,"href":"https:\/\/galileo.energy\/es\/wp-json\/wp\/v2\/pages\/3966\/revisions"}],"predecessor-version":[{"id":5041,"href":"https:\/\/galileo.energy\/es\/wp-json\/wp\/v2\/pages\/3966\/revisions\/5041"}],"wp:attachment":[{"href":"https:\/\/galileo.energy\/es\/wp-json\/wp\/v2\/media?parent=3966"}],"curies":[{"name":"wp","href":"https:\/\/api.w.org\/{rel}","templated":true}]}}